{"id":2524,"date":"2023-09-12T09:58:40","date_gmt":"2023-09-12T09:58:40","guid":{"rendered":"https:\/\/3.212.105.250\/?page_id=2524"},"modified":"2024-02-29T15:23:47","modified_gmt":"2024-02-29T21:23:47","slug":"salamavaurio","status":"publish","type":"page","link":"https:\/\/vm6fr4whzn6.c.updraftclone.com\/fi\/konsultointialueet\/rikostekninen-konsultointi\/sahkotekniikka\/salamavaurio\/","title":{"rendered":"Salaman aiheuttamat vahingot"},"content":{"rendered":"","protected":false},"excerpt":{"rendered":"","protected":false},"author":8,"featured_media":0,"parent":2364,"menu_order":0,"comment_status":"closed","ping_status":"closed","template":"","meta":{"_acf_changed":false,"_mbp_gutenberg_autopost":false,"_pgmb_is_evergreen":true,"_pgmb_ap_template_id":0,"iawp_total_views":69,"footnotes":""},"class_list":["post-2524","page","type-page","status-publish","hentry"],"acf":[],"aioseo_notices":[],"aioseo_head":"\n\t\t<!-- All in One SEO Pro 4.9.6.2 - aioseo.com -->\n\t<meta name=\"description\" content=\"Don\u2019t let lightning damage claims go unresolved. Dreiym Engineering offers electrical engineering expertise to evaluate any surge or lightning damage3.\" \/>\n\t<meta name=\"robots\" content=\"noindex, nofollow, max-image-preview:large\" \/>\n\t<link rel=\"canonical\" href=\"https:\/\/vm6fr4whzn6.c.updraftclone.com\/fi\/konsultointialueet\/rikostekninen-konsultointi\/sahkotekniikka\/salamavaurio\/\" \/>\n\t<meta name=\"generator\" content=\"All in One SEO Pro (AIOSEO) 4.9.6.2\" \/>\n\t\t<meta property=\"og:locale\" content=\"fi_FI\" \/>\n\t\t<meta property=\"og:site_name\" content=\"Dreiym Engineering PLLC \u00bb Electrical and Corrosion Experts\" \/>\n\t\t<meta property=\"og:type\" content=\"article\" \/>\n\t\t<meta property=\"og:title\" content=\"Lightning Damage \u00bb Dreiym Engineering PLLC\" \/>\n\t\t<meta property=\"og:description\" content=\"Don\u2019t let lightning damage claims go unresolved. Dreiym Engineering offers electrical engineering expertise to evaluate any surge or lightning damage3.\" \/>\n\t\t<meta property=\"og:url\" content=\"https:\/\/vm6fr4whzn6.c.updraftclone.com\/fi\/konsultointialueet\/rikostekninen-konsultointi\/sahkotekniikka\/salamavaurio\/\" \/>\n\t\t<meta property=\"og:image\" content=\"https:\/\/vm6fr4whzn6.c.updraftclone.com\/wp-content\/uploads\/2024\/03\/Power-Plant.jpeg\" \/>\n\t\t<meta property=\"og:image:secure_url\" content=\"https:\/\/vm6fr4whzn6.c.updraftclone.com\/wp-content\/uploads\/2024\/03\/Power-Plant.jpeg\" \/>\n\t\t<meta property=\"og:image:width\" content=\"6016\" \/>\n\t\t<meta property=\"og:image:height\" content=\"4016\" \/>\n\t\t<meta property=\"article:published_time\" content=\"2023-09-12T09:58:40+00:00\" \/>\n\t\t<meta property=\"article:modified_time\" content=\"2024-02-29T21:23:47+00:00\" \/>\n\t\t<script type=\"application\/ld+json\" class=\"aioseo-schema\">\n\t\t\t{\"@context\":\"https:\\\/\\\/schema.org\",\"@graph\":[{\"@type\":\"BreadcrumbList\",\"@id\":\"https:\\\/\\\/vm6fr4whzn6.c.updraftclone.com\\\/fi\\\/konsultointialueet\\\/rikostekninen-konsultointi\\\/sahkotekniikka\\\/salamavaurio\\\/#breadcrumblist\",\"itemListElement\":[{\"@type\":\"ListItem\",\"@id\":\"https:\\\/\\\/vm6fr4whzn6.c.updraftclone.com\\\/fi#listItem\",\"position\":1,\"name\":\"Home\",\"item\":\"https:\\\/\\\/vm6fr4whzn6.c.updraftclone.com\\\/fi\",\"nextItem\":{\"@type\":\"ListItem\",\"@id\":\"https:\\\/\\\/vm6fr4whzn6.c.updraftclone.com\\\/fi\\\/konsultointialueet\\\/#listItem\",\"name\":\"Consulting Areas\"}},{\"@type\":\"ListItem\",\"@id\":\"https:\\\/\\\/vm6fr4whzn6.c.updraftclone.com\\\/fi\\\/konsultointialueet\\\/#listItem\",\"position\":2,\"name\":\"Consulting Areas\",\"item\":\"https:\\\/\\\/vm6fr4whzn6.c.updraftclone.com\\\/fi\\\/konsultointialueet\\\/\",\"nextItem\":{\"@type\":\"ListItem\",\"@id\":\"https:\\\/\\\/vm6fr4whzn6.c.updraftclone.com\\\/fi\\\/konsultointialueet\\\/rikostekninen-konsultointi\\\/#listItem\",\"name\":\"Forensic Consulting\"},\"previousItem\":{\"@type\":\"ListItem\",\"@id\":\"https:\\\/\\\/vm6fr4whzn6.c.updraftclone.com\\\/fi#listItem\",\"name\":\"Home\"}},{\"@type\":\"ListItem\",\"@id\":\"https:\\\/\\\/vm6fr4whzn6.c.updraftclone.com\\\/fi\\\/konsultointialueet\\\/rikostekninen-konsultointi\\\/#listItem\",\"position\":3,\"name\":\"Forensic Consulting\",\"item\":\"https:\\\/\\\/vm6fr4whzn6.c.updraftclone.com\\\/fi\\\/konsultointialueet\\\/rikostekninen-konsultointi\\\/\",\"nextItem\":{\"@type\":\"ListItem\",\"@id\":\"https:\\\/\\\/vm6fr4whzn6.c.updraftclone.com\\\/fi\\\/konsultointialueet\\\/rikostekninen-konsultointi\\\/sahkotekniikka\\\/#listItem\",\"name\":\"Forensic Electrical Engineering\"},\"previousItem\":{\"@type\":\"ListItem\",\"@id\":\"https:\\\/\\\/vm6fr4whzn6.c.updraftclone.com\\\/fi\\\/konsultointialueet\\\/#listItem\",\"name\":\"Consulting Areas\"}},{\"@type\":\"ListItem\",\"@id\":\"https:\\\/\\\/vm6fr4whzn6.c.updraftclone.com\\\/fi\\\/konsultointialueet\\\/rikostekninen-konsultointi\\\/sahkotekniikka\\\/#listItem\",\"position\":4,\"name\":\"Forensic Electrical Engineering\",\"item\":\"https:\\\/\\\/vm6fr4whzn6.c.updraftclone.com\\\/fi\\\/konsultointialueet\\\/rikostekninen-konsultointi\\\/sahkotekniikka\\\/\",\"nextItem\":{\"@type\":\"ListItem\",\"@id\":\"https:\\\/\\\/vm6fr4whzn6.c.updraftclone.com\\\/fi\\\/konsultointialueet\\\/rikostekninen-konsultointi\\\/sahkotekniikka\\\/salamavaurio\\\/#listItem\",\"name\":\"Lightning Damage\"},\"previousItem\":{\"@type\":\"ListItem\",\"@id\":\"https:\\\/\\\/vm6fr4whzn6.c.updraftclone.com\\\/fi\\\/konsultointialueet\\\/rikostekninen-konsultointi\\\/#listItem\",\"name\":\"Forensic Consulting\"}},{\"@type\":\"ListItem\",\"@id\":\"https:\\\/\\\/vm6fr4whzn6.c.updraftclone.com\\\/fi\\\/konsultointialueet\\\/rikostekninen-konsultointi\\\/sahkotekniikka\\\/salamavaurio\\\/#listItem\",\"position\":5,\"name\":\"Lightning Damage\",\"previousItem\":{\"@type\":\"ListItem\",\"@id\":\"https:\\\/\\\/vm6fr4whzn6.c.updraftclone.com\\\/fi\\\/konsultointialueet\\\/rikostekninen-konsultointi\\\/sahkotekniikka\\\/#listItem\",\"name\":\"Forensic Electrical Engineering\"}}]},{\"@type\":\"Organization\",\"@id\":\"https:\\\/\\\/vm6fr4whzn6.c.updraftclone.com\\\/fi\\\/#organization\",\"name\":\"Dreiym Engineering PLLC\",\"description\":\"Electrical and Corrosion Experts\",\"url\":\"https:\\\/\\\/vm6fr4whzn6.c.updraftclone.com\\\/fi\\\/\",\"email\":\"contact@dreiym.com\",\"telephone\":\"+18666216920\",\"foundingDate\":\"2014-07-11\",\"numberOfEmployees\":{\"@type\":\"QuantitativeValue\",\"minValue\":2,\"maxValue\":10},\"logo\":{\"@type\":\"ImageObject\",\"url\":\"https:\\\/\\\/vm6fr4whzn6.c.updraftclone.com\\\/wp-content\\\/uploads\\\/2023\\\/08\\\/logo.svg\",\"@id\":\"https:\\\/\\\/vm6fr4whzn6.c.updraftclone.com\\\/fi\\\/konsultointialueet\\\/rikostekninen-konsultointi\\\/sahkotekniikka\\\/salamavaurio\\\/#organizationLogo\",\"width\":272,\"height\":99},\"image\":{\"@id\":\"https:\\\/\\\/vm6fr4whzn6.c.updraftclone.com\\\/fi\\\/konsultointialueet\\\/rikostekninen-konsultointi\\\/sahkotekniikka\\\/salamavaurio\\\/#organizationLogo\"},\"sameAs\":[\"https:\\\/\\\/www.linkedin.com\\\/company\\\/dreiym-engineering-pllc\\\/\"],\"address\":{\"@id\":\"https:\\\/\\\/vm6fr4whzn6.c.updraftclone.com\\\/fi\\\/#postaladdress\",\"@type\":\"PostalAddress\",\"streetAddress\":\"2028 E Ben White Blvd, #240-1500\",\"postalCode\":\"77331\",\"addressLocality\":\"Austin\",\"addressRegion\":\"Texas\",\"addressCountry\":\"US\"}},{\"@type\":\"Service\",\"@id\":\"https:\\\/\\\/vm6fr4whzn6.c.updraftclone.com\\\/fi\\\/konsultointialueet\\\/rikostekninen-konsultointi\\\/sahkotekniikka\\\/salamavaurio\\\/#service\",\"name\":\"Lightning Damage\",\"provider\":{\"@type\":\"Organization\",\"@id\":\"https:\\\/\\\/vm6fr4whzn6.c.updraftclone.com\\\/fi\\\/#organization\"}},{\"@type\":\"WebPage\",\"@id\":\"https:\\\/\\\/vm6fr4whzn6.c.updraftclone.com\\\/fi\\\/konsultointialueet\\\/rikostekninen-konsultointi\\\/sahkotekniikka\\\/salamavaurio\\\/#webpage\",\"url\":\"https:\\\/\\\/vm6fr4whzn6.c.updraftclone.com\\\/fi\\\/konsultointialueet\\\/rikostekninen-konsultointi\\\/sahkotekniikka\\\/salamavaurio\\\/\",\"name\":\"Lightning Damage \\u00bb Dreiym Engineering PLLC\",\"description\":\"Don\\u2019t let lightning damage claims go unresolved. Dreiym Engineering offers electrical engineering expertise to evaluate any surge or lightning damage3.\",\"inLanguage\":\"fi\",\"isPartOf\":{\"@id\":\"https:\\\/\\\/vm6fr4whzn6.c.updraftclone.com\\\/fi\\\/#website\"},\"breadcrumb\":{\"@id\":\"https:\\\/\\\/vm6fr4whzn6.c.updraftclone.com\\\/fi\\\/konsultointialueet\\\/rikostekninen-konsultointi\\\/sahkotekniikka\\\/salamavaurio\\\/#breadcrumblist\"},\"datePublished\":\"2023-09-12T09:58:40-06:00\",\"dateModified\":\"2024-02-29T15:23:47-06:00\"},{\"@type\":\"WebSite\",\"@id\":\"https:\\\/\\\/vm6fr4whzn6.c.updraftclone.com\\\/fi\\\/#website\",\"url\":\"https:\\\/\\\/vm6fr4whzn6.c.updraftclone.com\\\/fi\\\/\",\"name\":\"Dreiym Engineering, PLLC\",\"description\":\"Electrical and Corrosion Experts\",\"inLanguage\":\"fi\",\"publisher\":{\"@id\":\"https:\\\/\\\/vm6fr4whzn6.c.updraftclone.com\\\/fi\\\/#organization\"}}]}\n\t\t<\/script>\n\t\t<!-- All in One SEO Pro -->\r\n\t\t<title>Lightning Damage \u00bb Dreiym Engineering PLLC<\/title>\n\n","aioseo_head_json":{"title":"Salamavauriot \" Dreiym Engineering PLLC","description":"\u00c4l\u00e4 anna salamavahinkojen korvausvaatimusten j\u00e4\u00e4d\u00e4 ratkaisematta. Dreiym Engineering tarjoaa s\u00e4hk\u00f6teknist\u00e4 asiantuntemusta ylij\u00e4nnite- tai salamavahinkojen arvioimiseksi3.","canonical_url":"https:\/\/vm6fr4whzn6.c.updraftclone.com\/fi\/konsultointialueet\/rikostekninen-konsultointi\/sahkotekniikka\/salamavaurio\/","robots":"noindex, nofollow, max-image-preview:large","keywords":"","webmasterTools":{"miscellaneous":""},"schema":{"@context":"https:\/\/schema.org","@graph":[{"@type":"BreadcrumbList","@id":"https:\/\/vm6fr4whzn6.c.updraftclone.com\/fi\/konsultointialueet\/rikostekninen-konsultointi\/sahkotekniikka\/salamavaurio\/#breadcrumblist","itemListElement":[{"@type":"ListItem","@id":"https:\/\/vm6fr4whzn6.c.updraftclone.com\/fi#listItem","position":1,"name":"Home","item":"https:\/\/vm6fr4whzn6.c.updraftclone.com\/fi","nextItem":{"@type":"ListItem","@id":"https:\/\/vm6fr4whzn6.c.updraftclone.com\/fi\/konsultointialueet\/#listItem","name":"Consulting Areas"}},{"@type":"ListItem","@id":"https:\/\/vm6fr4whzn6.c.updraftclone.com\/fi\/konsultointialueet\/#listItem","position":2,"name":"Consulting Areas","item":"https:\/\/vm6fr4whzn6.c.updraftclone.com\/fi\/konsultointialueet\/","nextItem":{"@type":"ListItem","@id":"https:\/\/vm6fr4whzn6.c.updraftclone.com\/fi\/konsultointialueet\/rikostekninen-konsultointi\/#listItem","name":"Forensic Consulting"},"previousItem":{"@type":"ListItem","@id":"https:\/\/vm6fr4whzn6.c.updraftclone.com\/fi#listItem","name":"Home"}},{"@type":"ListItem","@id":"https:\/\/vm6fr4whzn6.c.updraftclone.com\/fi\/konsultointialueet\/rikostekninen-konsultointi\/#listItem","position":3,"name":"Forensic Consulting","item":"https:\/\/vm6fr4whzn6.c.updraftclone.com\/fi\/konsultointialueet\/rikostekninen-konsultointi\/","nextItem":{"@type":"ListItem","@id":"https:\/\/vm6fr4whzn6.c.updraftclone.com\/fi\/konsultointialueet\/rikostekninen-konsultointi\/sahkotekniikka\/#listItem","name":"Forensic Electrical Engineering"},"previousItem":{"@type":"ListItem","@id":"https:\/\/vm6fr4whzn6.c.updraftclone.com\/fi\/konsultointialueet\/#listItem","name":"Consulting Areas"}},{"@type":"ListItem","@id":"https:\/\/vm6fr4whzn6.c.updraftclone.com\/fi\/konsultointialueet\/rikostekninen-konsultointi\/sahkotekniikka\/#listItem","position":4,"name":"Forensic Electrical Engineering","item":"https:\/\/vm6fr4whzn6.c.updraftclone.com\/fi\/konsultointialueet\/rikostekninen-konsultointi\/sahkotekniikka\/","nextItem":{"@type":"ListItem","@id":"https:\/\/vm6fr4whzn6.c.updraftclone.com\/fi\/konsultointialueet\/rikostekninen-konsultointi\/sahkotekniikka\/salamavaurio\/#listItem","name":"Lightning Damage"},"previousItem":{"@type":"ListItem","@id":"https:\/\/vm6fr4whzn6.c.updraftclone.com\/fi\/konsultointialueet\/rikostekninen-konsultointi\/#listItem","name":"Forensic Consulting"}},{"@type":"ListItem","@id":"https:\/\/vm6fr4whzn6.c.updraftclone.com\/fi\/konsultointialueet\/rikostekninen-konsultointi\/sahkotekniikka\/salamavaurio\/#listItem","position":5,"name":"Lightning Damage","previousItem":{"@type":"ListItem","@id":"https:\/\/vm6fr4whzn6.c.updraftclone.com\/fi\/konsultointialueet\/rikostekninen-konsultointi\/sahkotekniikka\/#listItem","name":"Forensic Electrical Engineering"}}]},{"@type":"Organization","@id":"https:\/\/vm6fr4whzn6.c.updraftclone.com\/fi\/#organization","name":"Dreiym Engineering PLLC","description":"Electrical and Corrosion Experts","url":"https:\/\/vm6fr4whzn6.c.updraftclone.com\/fi\/","email":"contact@dreiym.com","telephone":"+18666216920","foundingDate":"2014-07-11","numberOfEmployees":{"@type":"QuantitativeValue","minValue":2,"maxValue":10},"logo":{"@type":"ImageObject","url":"https:\/\/vm6fr4whzn6.c.updraftclone.com\/wp-content\/uploads\/2023\/08\/logo.svg","@id":"https:\/\/vm6fr4whzn6.c.updraftclone.com\/fi\/konsultointialueet\/rikostekninen-konsultointi\/sahkotekniikka\/salamavaurio\/#organizationLogo","width":272,"height":99},"image":{"@id":"https:\/\/vm6fr4whzn6.c.updraftclone.com\/fi\/konsultointialueet\/rikostekninen-konsultointi\/sahkotekniikka\/salamavaurio\/#organizationLogo"},"sameAs":["https:\/\/www.linkedin.com\/company\/dreiym-engineering-pllc\/"],"address":{"@id":"https:\/\/vm6fr4whzn6.c.updraftclone.com\/fi\/#postaladdress","@type":"PostalAddress","streetAddress":"2028 E Ben White Blvd, #240-1500","postalCode":"77331","addressLocality":"Austin","addressRegion":"Texas","addressCountry":"US"}},{"@type":"Service","@id":"https:\/\/vm6fr4whzn6.c.updraftclone.com\/fi\/konsultointialueet\/rikostekninen-konsultointi\/sahkotekniikka\/salamavaurio\/#service","name":"Lightning Damage","provider":{"@type":"Organization","@id":"https:\/\/vm6fr4whzn6.c.updraftclone.com\/fi\/#organization"}},{"@type":"WebPage","@id":"https:\/\/vm6fr4whzn6.c.updraftclone.com\/fi\/konsultointialueet\/rikostekninen-konsultointi\/sahkotekniikka\/salamavaurio\/#webpage","url":"https:\/\/vm6fr4whzn6.c.updraftclone.com\/fi\/konsultointialueet\/rikostekninen-konsultointi\/sahkotekniikka\/salamavaurio\/","name":"Lightning Damage \u00bb Dreiym Engineering PLLC","description":"Don\u2019t let lightning damage claims go unresolved. Dreiym Engineering offers electrical engineering expertise to evaluate any surge or lightning damage3.","inLanguage":"fi","isPartOf":{"@id":"https:\/\/vm6fr4whzn6.c.updraftclone.com\/fi\/#website"},"breadcrumb":{"@id":"https:\/\/vm6fr4whzn6.c.updraftclone.com\/fi\/konsultointialueet\/rikostekninen-konsultointi\/sahkotekniikka\/salamavaurio\/#breadcrumblist"},"datePublished":"2023-09-12T09:58:40-06:00","dateModified":"2024-02-29T15:23:47-06:00"},{"@type":"WebSite","@id":"https:\/\/vm6fr4whzn6.c.updraftclone.com\/fi\/#website","url":"https:\/\/vm6fr4whzn6.c.updraftclone.com\/fi\/","name":"Dreiym Engineering, PLLC","description":"Electrical and Corrosion Experts","inLanguage":"fi","publisher":{"@id":"https:\/\/vm6fr4whzn6.c.updraftclone.com\/fi\/#organization"}}]},"og:locale":"fi_FI","og:site_name":"Dreiym Engineering PLLC \u00bb Electrical and Corrosion Experts","og:type":"article","og:title":"Lightning Damage \u00bb Dreiym Engineering PLLC","og:description":"Don\u2019t let lightning damage claims go unresolved. Dreiym Engineering offers electrical engineering expertise to evaluate any surge or lightning damage3.","og:url":"https:\/\/vm6fr4whzn6.c.updraftclone.com\/fi\/konsultointialueet\/rikostekninen-konsultointi\/sahkotekniikka\/salamavaurio\/","og:image":"https:\/\/vm6fr4whzn6.c.updraftclone.com\/wp-content\/uploads\/2024\/03\/Power-Plant.jpeg","og:image:secure_url":"https:\/\/vm6fr4whzn6.c.updraftclone.com\/wp-content\/uploads\/2024\/03\/Power-Plant.jpeg","og:image:width":6016,"og:image:height":4016,"article:published_time":"2023-09-12T09:58:40+00:00","article:modified_time":"2024-02-29T21:23:47+00:00"},"aioseo_meta_data":{"post_id":"2524","title":null,"description":"\u00c4l\u00e4 anna salamavahinkojen korvausvaatimusten j\u00e4\u00e4d\u00e4 ratkaisematta. Dreiym Engineering tarjoaa s\u00e4hk\u00f6teknist\u00e4 asiantuntemusta ylij\u00e4nnite- tai salamavahinkojen arvioimiseksi3.","keywords":[],"keyphrases":{"focus":{"keyphrase":"","score":0,"analysis":{"keyphraseInTitle":{"score":0,"maxScore":9,"error":1}}},"additional":[]},"primary_term":null,"canonical_url":null,"og_title":null,"og_description":null,"og_object_type":"default","og_image_type":"default","og_image_url":null,"og_image_width":null,"og_image_height":null,"og_image_custom_url":null,"og_image_custom_fields":null,"og_video":"","og_custom_url":null,"og_article_section":null,"og_article_tags":[],"twitter_use_og":false,"twitter_card":"default","twitter_image_type":"default","twitter_image_url":null,"twitter_image_custom_url":null,"twitter_image_custom_fields":null,"twitter_title":null,"twitter_description":null,"schema":{"blockGraphs":[],"customGraphs":[],"default":{"data":{"Article":[],"Course":[],"Dataset":[],"FAQPage":[],"Movie":[],"Person":[],"Product":[],"ProductReview":[],"Car":[],"Recipe":[],"Service":[],"SoftwareApplication":[],"WebPage":[]},"graphName":"Service","isEnabled":true},"graphs":[]},"schema_type":"default","schema_type_options":null,"pillar_content":false,"robots_default":true,"robots_noindex":false,"robots_noarchive":false,"robots_nosnippet":false,"robots_nofollow":false,"robots_noimageindex":false,"robots_noodp":false,"robots_notranslate":false,"robots_max_snippet":"-1","robots_max_videopreview":"-1","robots_max_imagepreview":"large","priority":null,"frequency":"default","local_seo":null,"seo_analyzer_scan_date":"2025-08-14 16:30:00","breadcrumb_settings":null,"limit_modified_date":false,"reviewed_by":null,"open_ai":"{\"title\":{\"suggestions\":[],\"usage\":0},\"description\":{\"suggestions\":[],\"usage\":0}}","ai":null,"created":"2024-02-18 23:25:13","updated":"2025-10-21 20:57:18"},"aioseo_breadcrumb":"<div class=\"aioseo-breadcrumbs\"><span class=\"aioseo-breadcrumb\">\n\t<a href=\"https:\/\/vm6fr4whzn6.c.updraftclone.com\/fi\" title=\"Home\">Home<\/a>\n<\/span><span class=\"aioseo-breadcrumb-separator\">\u00bb<\/span><span class=\"aioseo-breadcrumb\">\n\t<a href=\"https:\/\/vm6fr4whzn6.c.updraftclone.com\/fi\/konsultointialueet\/\" title=\"Consulting Areas\">Consulting Areas<\/a>\n<\/span><span class=\"aioseo-breadcrumb-separator\">\u00bb<\/span><span class=\"aioseo-breadcrumb\">\n\t<a href=\"https:\/\/vm6fr4whzn6.c.updraftclone.com\/fi\/konsultointialueet\/rikostekninen-konsultointi\/\" title=\"Forensic Consulting\">Forensic Consulting<\/a>\n<\/span><span class=\"aioseo-breadcrumb-separator\">\u00bb<\/span><span class=\"aioseo-breadcrumb\">\n\t<a href=\"https:\/\/vm6fr4whzn6.c.updraftclone.com\/fi\/konsultointialueet\/rikostekninen-konsultointi\/sahkotekniikka\/\" title=\"Forensic Electrical Engineering\">Forensic Electrical Engineering<\/a>\n<\/span><span class=\"aioseo-breadcrumb-separator\">\u00bb<\/span><span class=\"aioseo-breadcrumb\">\n\tLightning Damage\n<\/span><\/div>","aioseo_breadcrumb_json":[{"label":"Home","link":"https:\/\/vm6fr4whzn6.c.updraftclone.com\/fi"},{"label":"Consulting Areas","link":"https:\/\/vm6fr4whzn6.c.updraftclone.com\/fi\/konsultointialueet\/"},{"label":"Forensic Consulting","link":"https:\/\/vm6fr4whzn6.c.updraftclone.com\/fi\/konsultointialueet\/rikostekninen-konsultointi\/"},{"label":"Forensic Electrical Engineering","link":"https:\/\/vm6fr4whzn6.c.updraftclone.com\/fi\/konsultointialueet\/rikostekninen-konsultointi\/sahkotekniikka\/"},{"label":"Lightning Damage","link":"https:\/\/vm6fr4whzn6.c.updraftclone.com\/fi\/konsultointialueet\/rikostekninen-konsultointi\/sahkotekniikka\/salamavaurio\/"}],"_links":{"self":[{"href":"https:\/\/vm6fr4whzn6.c.updraftclone.com\/fi\/wp-json\/wp\/v2\/pages\/2524","targetHints":{"allow":["GET"]}}],"collection":[{"href":"https:\/\/vm6fr4whzn6.c.updraftclone.com\/fi\/wp-json\/wp\/v2\/pages"}],"about":[{"href":"https:\/\/vm6fr4whzn6.c.updraftclone.com\/fi\/wp-json\/wp\/v2\/types\/page"}],"author":[{"embeddable":true,"href":"https:\/\/vm6fr4whzn6.c.updraftclone.com\/fi\/wp-json\/wp\/v2\/users\/8"}],"replies":[{"embeddable":true,"href":"https:\/\/vm6fr4whzn6.c.updraftclone.com\/fi\/wp-json\/wp\/v2\/comments?post=2524"}],"version-history":[{"count":0,"href":"https:\/\/vm6fr4whzn6.c.updraftclone.com\/fi\/wp-json\/wp\/v2\/pages\/2524\/revisions"}],"up":[{"embeddable":true,"href":"https:\/\/vm6fr4whzn6.c.updraftclone.com\/fi\/wp-json\/wp\/v2\/pages\/2364"}],"wp:attachment":[{"href":"https:\/\/vm6fr4whzn6.c.updraftclone.com\/fi\/wp-json\/wp\/v2\/media?parent=2524"}],"curies":[{"name":"wp","href":"https:\/\/api.w.org\/{rel}","templated":true}]}}