{"id":2540,"date":"2023-09-12T10:47:27","date_gmt":"2023-09-12T10:47:27","guid":{"rendered":"https:\/\/3.212.105.250\/?page_id=2540"},"modified":"2024-02-29T17:23:22","modified_gmt":"2024-02-29T23:23:22","slug":"asuinrakennusten-energiavarastointijarjestelma-palontutkintapalvelu","status":"publish","type":"page","link":"https:\/\/vm6fr4whzn6.c.updraftclone.com\/fi\/konsultointialueet\/rikostekninen-konsultointi\/tulipalo-rajahdys\/asuinrakennusten-energiavarastointijarjestelma-palontutkintapalvelu\/","title":{"rendered":"Asuink\u00e4ytt\u00f6\u00f6n tarkoitettu energiavarastoj\u00e4rjestelm\u00e4 Palontutkintapalvelu"},"content":{"rendered":"","protected":false},"excerpt":{"rendered":"","protected":false},"author":8,"featured_media":0,"parent":2366,"menu_order":0,"comment_status":"closed","ping_status":"closed","template":"","meta":{"_acf_changed":false,"_mbp_gutenberg_autopost":false,"_pgmb_is_evergreen":true,"_pgmb_ap_template_id":0,"iawp_total_views":41,"footnotes":""},"class_list":["post-2540","page","type-page","status-publish","hentry"],"acf":[],"aioseo_notices":[],"aioseo_head":"\n\t\t<!-- All in One SEO Pro 4.9.6.2 - aioseo.com -->\n\t<meta name=\"description\" content=\"If you had a fire caused by an energy storage system, Dreiym Engineering can help. We provide fire investigation and insurance reports in many states.\" \/>\n\t<meta name=\"robots\" content=\"noindex, nofollow, max-image-preview:large\" \/>\n\t<link rel=\"canonical\" href=\"https:\/\/vm6fr4whzn6.c.updraftclone.com\/fi\/konsultointialueet\/rikostekninen-konsultointi\/tulipalo-rajahdys\/asuinrakennusten-energiavarastointijarjestelma-palontutkintapalvelu\/\" \/>\n\t<meta name=\"generator\" content=\"All in One SEO Pro (AIOSEO) 4.9.6.2\" \/>\n\t\t<meta property=\"og:locale\" content=\"fi_FI\" \/>\n\t\t<meta property=\"og:site_name\" content=\"Dreiym Engineering PLLC \u00bb Electrical and Corrosion Experts\" \/>\n\t\t<meta property=\"og:type\" content=\"article\" \/>\n\t\t<meta property=\"og:title\" content=\"Residential Energy Storage System Fire Investigation Service\" \/>\n\t\t<meta property=\"og:description\" content=\"If you had a fire caused by an energy storage system, Dreiym Engineering can help. We provide fire investigation and insurance reports in many states.\" \/>\n\t\t<meta property=\"og:url\" content=\"https:\/\/vm6fr4whzn6.c.updraftclone.com\/fi\/konsultointialueet\/rikostekninen-konsultointi\/tulipalo-rajahdys\/asuinrakennusten-energiavarastointijarjestelma-palontutkintapalvelu\/\" \/>\n\t\t<meta property=\"og:image\" content=\"https:\/\/vm6fr4whzn6.c.updraftclone.com\/wp-content\/uploads\/2024\/03\/Power-Plant.jpeg\" \/>\n\t\t<meta property=\"og:image:secure_url\" content=\"https:\/\/vm6fr4whzn6.c.updraftclone.com\/wp-content\/uploads\/2024\/03\/Power-Plant.jpeg\" \/>\n\t\t<meta property=\"og:image:width\" content=\"6016\" \/>\n\t\t<meta property=\"og:image:height\" content=\"4016\" \/>\n\t\t<meta property=\"article:published_time\" content=\"2023-09-12T10:47:27+00:00\" \/>\n\t\t<meta property=\"article:modified_time\" content=\"2024-02-29T23:23:22+00:00\" \/>\n\t\t<script type=\"application\/ld+json\" class=\"aioseo-schema\">\n\t\t\t{\"@context\":\"https:\\\/\\\/schema.org\",\"@graph\":[{\"@type\":\"BreadcrumbList\",\"@id\":\"https:\\\/\\\/vm6fr4whzn6.c.updraftclone.com\\\/fi\\\/konsultointialueet\\\/rikostekninen-konsultointi\\\/tulipalo-rajahdys\\\/asuinrakennusten-energiavarastointijarjestelma-palontutkintapalvelu\\\/#breadcrumblist\",\"itemListElement\":[{\"@type\":\"ListItem\",\"@id\":\"https:\\\/\\\/vm6fr4whzn6.c.updraftclone.com\\\/fi#listItem\",\"position\":1,\"name\":\"Home\",\"item\":\"https:\\\/\\\/vm6fr4whzn6.c.updraftclone.com\\\/fi\",\"nextItem\":{\"@type\":\"ListItem\",\"@id\":\"https:\\\/\\\/vm6fr4whzn6.c.updraftclone.com\\\/fi\\\/konsultointialueet\\\/#listItem\",\"name\":\"Consulting Areas\"}},{\"@type\":\"ListItem\",\"@id\":\"https:\\\/\\\/vm6fr4whzn6.c.updraftclone.com\\\/fi\\\/konsultointialueet\\\/#listItem\",\"position\":2,\"name\":\"Consulting Areas\",\"item\":\"https:\\\/\\\/vm6fr4whzn6.c.updraftclone.com\\\/fi\\\/konsultointialueet\\\/\",\"nextItem\":{\"@type\":\"ListItem\",\"@id\":\"https:\\\/\\\/vm6fr4whzn6.c.updraftclone.com\\\/fi\\\/konsultointialueet\\\/rikostekninen-konsultointi\\\/#listItem\",\"name\":\"Forensic Consulting\"},\"previousItem\":{\"@type\":\"ListItem\",\"@id\":\"https:\\\/\\\/vm6fr4whzn6.c.updraftclone.com\\\/fi#listItem\",\"name\":\"Home\"}},{\"@type\":\"ListItem\",\"@id\":\"https:\\\/\\\/vm6fr4whzn6.c.updraftclone.com\\\/fi\\\/konsultointialueet\\\/rikostekninen-konsultointi\\\/#listItem\",\"position\":3,\"name\":\"Forensic Consulting\",\"item\":\"https:\\\/\\\/vm6fr4whzn6.c.updraftclone.com\\\/fi\\\/konsultointialueet\\\/rikostekninen-konsultointi\\\/\",\"nextItem\":{\"@type\":\"ListItem\",\"@id\":\"https:\\\/\\\/vm6fr4whzn6.c.updraftclone.com\\\/fi\\\/konsultointialueet\\\/rikostekninen-konsultointi\\\/tulipalo-rajahdys\\\/#listItem\",\"name\":\"Fire &#038; Explosion\"},\"previousItem\":{\"@type\":\"ListItem\",\"@id\":\"https:\\\/\\\/vm6fr4whzn6.c.updraftclone.com\\\/fi\\\/konsultointialueet\\\/#listItem\",\"name\":\"Consulting Areas\"}},{\"@type\":\"ListItem\",\"@id\":\"https:\\\/\\\/vm6fr4whzn6.c.updraftclone.com\\\/fi\\\/konsultointialueet\\\/rikostekninen-konsultointi\\\/tulipalo-rajahdys\\\/#listItem\",\"position\":4,\"name\":\"Fire &#038; Explosion\",\"item\":\"https:\\\/\\\/vm6fr4whzn6.c.updraftclone.com\\\/fi\\\/konsultointialueet\\\/rikostekninen-konsultointi\\\/tulipalo-rajahdys\\\/\",\"nextItem\":{\"@type\":\"ListItem\",\"@id\":\"https:\\\/\\\/vm6fr4whzn6.c.updraftclone.com\\\/fi\\\/konsultointialueet\\\/rikostekninen-konsultointi\\\/tulipalo-rajahdys\\\/asuinrakennusten-energiavarastointijarjestelma-palontutkintapalvelu\\\/#listItem\",\"name\":\"Residential Energy Storage System Fire Investigation Service\"},\"previousItem\":{\"@type\":\"ListItem\",\"@id\":\"https:\\\/\\\/vm6fr4whzn6.c.updraftclone.com\\\/fi\\\/konsultointialueet\\\/rikostekninen-konsultointi\\\/#listItem\",\"name\":\"Forensic Consulting\"}},{\"@type\":\"ListItem\",\"@id\":\"https:\\\/\\\/vm6fr4whzn6.c.updraftclone.com\\\/fi\\\/konsultointialueet\\\/rikostekninen-konsultointi\\\/tulipalo-rajahdys\\\/asuinrakennusten-energiavarastointijarjestelma-palontutkintapalvelu\\\/#listItem\",\"position\":5,\"name\":\"Residential Energy Storage System Fire Investigation Service\",\"previousItem\":{\"@type\":\"ListItem\",\"@id\":\"https:\\\/\\\/vm6fr4whzn6.c.updraftclone.com\\\/fi\\\/konsultointialueet\\\/rikostekninen-konsultointi\\\/tulipalo-rajahdys\\\/#listItem\",\"name\":\"Fire &#038; Explosion\"}}]},{\"@type\":\"Organization\",\"@id\":\"https:\\\/\\\/vm6fr4whzn6.c.updraftclone.com\\\/fi\\\/#organization\",\"name\":\"Dreiym Engineering PLLC\",\"description\":\"Electrical and Corrosion Experts\",\"url\":\"https:\\\/\\\/vm6fr4whzn6.c.updraftclone.com\\\/fi\\\/\",\"email\":\"contact@dreiym.com\",\"telephone\":\"+18666216920\",\"foundingDate\":\"2014-07-11\",\"numberOfEmployees\":{\"@type\":\"QuantitativeValue\",\"minValue\":2,\"maxValue\":10},\"logo\":{\"@type\":\"ImageObject\",\"url\":\"https:\\\/\\\/vm6fr4whzn6.c.updraftclone.com\\\/wp-content\\\/uploads\\\/2023\\\/08\\\/logo.svg\",\"@id\":\"https:\\\/\\\/vm6fr4whzn6.c.updraftclone.com\\\/fi\\\/konsultointialueet\\\/rikostekninen-konsultointi\\\/tulipalo-rajahdys\\\/asuinrakennusten-energiavarastointijarjestelma-palontutkintapalvelu\\\/#organizationLogo\",\"width\":272,\"height\":99},\"image\":{\"@id\":\"https:\\\/\\\/vm6fr4whzn6.c.updraftclone.com\\\/fi\\\/konsultointialueet\\\/rikostekninen-konsultointi\\\/tulipalo-rajahdys\\\/asuinrakennusten-energiavarastointijarjestelma-palontutkintapalvelu\\\/#organizationLogo\"},\"sameAs\":[\"https:\\\/\\\/www.linkedin.com\\\/company\\\/dreiym-engineering-pllc\\\/\"],\"address\":{\"@id\":\"https:\\\/\\\/vm6fr4whzn6.c.updraftclone.com\\\/fi\\\/#postaladdress\",\"@type\":\"PostalAddress\",\"streetAddress\":\"2028 E Ben White Blvd, #240-1500\",\"postalCode\":\"77331\",\"addressLocality\":\"Austin\",\"addressRegion\":\"Texas\",\"addressCountry\":\"US\"}},{\"@type\":\"Service\",\"@id\":\"https:\\\/\\\/vm6fr4whzn6.c.updraftclone.com\\\/fi\\\/konsultointialueet\\\/rikostekninen-konsultointi\\\/tulipalo-rajahdys\\\/asuinrakennusten-energiavarastointijarjestelma-palontutkintapalvelu\\\/#service\",\"name\":\"Residential Energy Storage System Fire Investigation Service\",\"provider\":{\"@type\":\"Organization\",\"@id\":\"https:\\\/\\\/vm6fr4whzn6.c.updraftclone.com\\\/fi\\\/#organization\"}},{\"@type\":\"WebPage\",\"@id\":\"https:\\\/\\\/vm6fr4whzn6.c.updraftclone.com\\\/fi\\\/konsultointialueet\\\/rikostekninen-konsultointi\\\/tulipalo-rajahdys\\\/asuinrakennusten-energiavarastointijarjestelma-palontutkintapalvelu\\\/#webpage\",\"url\":\"https:\\\/\\\/vm6fr4whzn6.c.updraftclone.com\\\/fi\\\/konsultointialueet\\\/rikostekninen-konsultointi\\\/tulipalo-rajahdys\\\/asuinrakennusten-energiavarastointijarjestelma-palontutkintapalvelu\\\/\",\"name\":\"Residential Energy Storage System Fire Investigation Service\",\"description\":\"If you had a fire caused by an energy storage system, Dreiym Engineering can help. We provide fire investigation and insurance reports in many states.\",\"inLanguage\":\"fi\",\"isPartOf\":{\"@id\":\"https:\\\/\\\/vm6fr4whzn6.c.updraftclone.com\\\/fi\\\/#website\"},\"breadcrumb\":{\"@id\":\"https:\\\/\\\/vm6fr4whzn6.c.updraftclone.com\\\/fi\\\/konsultointialueet\\\/rikostekninen-konsultointi\\\/tulipalo-rajahdys\\\/asuinrakennusten-energiavarastointijarjestelma-palontutkintapalvelu\\\/#breadcrumblist\"},\"datePublished\":\"2023-09-12T10:47:27-06:00\",\"dateModified\":\"2024-02-29T17:23:22-06:00\"},{\"@type\":\"WebSite\",\"@id\":\"https:\\\/\\\/vm6fr4whzn6.c.updraftclone.com\\\/fi\\\/#website\",\"url\":\"https:\\\/\\\/vm6fr4whzn6.c.updraftclone.com\\\/fi\\\/\",\"name\":\"Dreiym Engineering, PLLC\",\"description\":\"Electrical and Corrosion Experts\",\"inLanguage\":\"fi\",\"publisher\":{\"@id\":\"https:\\\/\\\/vm6fr4whzn6.c.updraftclone.com\\\/fi\\\/#organization\"}}]}\n\t\t<\/script>\n\t\t<!-- All in One SEO Pro -->\r\n\t\t<title>Residential Energy Storage System Fire Investigation Service<\/title>\n\n","aioseo_head_json":{"title":"Asuink\u00e4ytt\u00f6\u00f6n tarkoitettu energiavarastoj\u00e4rjestelm\u00e4 Palontutkintapalvelu","description":"Jos energiavarastoj\u00e4rjestelm\u00e4n aiheuttama tulipalo on sattunut, Dreiym Engineering voi auttaa. Tarjoamme palontutkinta- ja vakuutusraportteja monissa osavaltioissa.","canonical_url":"https:\/\/vm6fr4whzn6.c.updraftclone.com\/fi\/konsultointialueet\/rikostekninen-konsultointi\/tulipalo-rajahdys\/asuinrakennusten-energiavarastointijarjestelma-palontutkintapalvelu\/","robots":"noindex, nofollow, max-image-preview:large","keywords":"","webmasterTools":{"miscellaneous":""},"schema":{"@context":"https:\/\/schema.org","@graph":[{"@type":"BreadcrumbList","@id":"https:\/\/vm6fr4whzn6.c.updraftclone.com\/fi\/konsultointialueet\/rikostekninen-konsultointi\/tulipalo-rajahdys\/asuinrakennusten-energiavarastointijarjestelma-palontutkintapalvelu\/#breadcrumblist","itemListElement":[{"@type":"ListItem","@id":"https:\/\/vm6fr4whzn6.c.updraftclone.com\/fi#listItem","position":1,"name":"Home","item":"https:\/\/vm6fr4whzn6.c.updraftclone.com\/fi","nextItem":{"@type":"ListItem","@id":"https:\/\/vm6fr4whzn6.c.updraftclone.com\/fi\/konsultointialueet\/#listItem","name":"Consulting Areas"}},{"@type":"ListItem","@id":"https:\/\/vm6fr4whzn6.c.updraftclone.com\/fi\/konsultointialueet\/#listItem","position":2,"name":"Consulting Areas","item":"https:\/\/vm6fr4whzn6.c.updraftclone.com\/fi\/konsultointialueet\/","nextItem":{"@type":"ListItem","@id":"https:\/\/vm6fr4whzn6.c.updraftclone.com\/fi\/konsultointialueet\/rikostekninen-konsultointi\/#listItem","name":"Forensic Consulting"},"previousItem":{"@type":"ListItem","@id":"https:\/\/vm6fr4whzn6.c.updraftclone.com\/fi#listItem","name":"Home"}},{"@type":"ListItem","@id":"https:\/\/vm6fr4whzn6.c.updraftclone.com\/fi\/konsultointialueet\/rikostekninen-konsultointi\/#listItem","position":3,"name":"Forensic Consulting","item":"https:\/\/vm6fr4whzn6.c.updraftclone.com\/fi\/konsultointialueet\/rikostekninen-konsultointi\/","nextItem":{"@type":"ListItem","@id":"https:\/\/vm6fr4whzn6.c.updraftclone.com\/fi\/konsultointialueet\/rikostekninen-konsultointi\/tulipalo-rajahdys\/#listItem","name":"Fire &#038; Explosion"},"previousItem":{"@type":"ListItem","@id":"https:\/\/vm6fr4whzn6.c.updraftclone.com\/fi\/konsultointialueet\/#listItem","name":"Consulting Areas"}},{"@type":"ListItem","@id":"https:\/\/vm6fr4whzn6.c.updraftclone.com\/fi\/konsultointialueet\/rikostekninen-konsultointi\/tulipalo-rajahdys\/#listItem","position":4,"name":"Fire &#038; Explosion","item":"https:\/\/vm6fr4whzn6.c.updraftclone.com\/fi\/konsultointialueet\/rikostekninen-konsultointi\/tulipalo-rajahdys\/","nextItem":{"@type":"ListItem","@id":"https:\/\/vm6fr4whzn6.c.updraftclone.com\/fi\/konsultointialueet\/rikostekninen-konsultointi\/tulipalo-rajahdys\/asuinrakennusten-energiavarastointijarjestelma-palontutkintapalvelu\/#listItem","name":"Residential Energy Storage System Fire Investigation Service"},"previousItem":{"@type":"ListItem","@id":"https:\/\/vm6fr4whzn6.c.updraftclone.com\/fi\/konsultointialueet\/rikostekninen-konsultointi\/#listItem","name":"Forensic Consulting"}},{"@type":"ListItem","@id":"https:\/\/vm6fr4whzn6.c.updraftclone.com\/fi\/konsultointialueet\/rikostekninen-konsultointi\/tulipalo-rajahdys\/asuinrakennusten-energiavarastointijarjestelma-palontutkintapalvelu\/#listItem","position":5,"name":"Residential Energy Storage System Fire Investigation Service","previousItem":{"@type":"ListItem","@id":"https:\/\/vm6fr4whzn6.c.updraftclone.com\/fi\/konsultointialueet\/rikostekninen-konsultointi\/tulipalo-rajahdys\/#listItem","name":"Fire &#038; Explosion"}}]},{"@type":"Organization","@id":"https:\/\/vm6fr4whzn6.c.updraftclone.com\/fi\/#organization","name":"Dreiym Engineering PLLC","description":"Electrical and Corrosion Experts","url":"https:\/\/vm6fr4whzn6.c.updraftclone.com\/fi\/","email":"contact@dreiym.com","telephone":"+18666216920","foundingDate":"2014-07-11","numberOfEmployees":{"@type":"QuantitativeValue","minValue":2,"maxValue":10},"logo":{"@type":"ImageObject","url":"https:\/\/vm6fr4whzn6.c.updraftclone.com\/wp-content\/uploads\/2023\/08\/logo.svg","@id":"https:\/\/vm6fr4whzn6.c.updraftclone.com\/fi\/konsultointialueet\/rikostekninen-konsultointi\/tulipalo-rajahdys\/asuinrakennusten-energiavarastointijarjestelma-palontutkintapalvelu\/#organizationLogo","width":272,"height":99},"image":{"@id":"https:\/\/vm6fr4whzn6.c.updraftclone.com\/fi\/konsultointialueet\/rikostekninen-konsultointi\/tulipalo-rajahdys\/asuinrakennusten-energiavarastointijarjestelma-palontutkintapalvelu\/#organizationLogo"},"sameAs":["https:\/\/www.linkedin.com\/company\/dreiym-engineering-pllc\/"],"address":{"@id":"https:\/\/vm6fr4whzn6.c.updraftclone.com\/fi\/#postaladdress","@type":"PostalAddress","streetAddress":"2028 E Ben White Blvd, #240-1500","postalCode":"77331","addressLocality":"Austin","addressRegion":"Texas","addressCountry":"US"}},{"@type":"Service","@id":"https:\/\/vm6fr4whzn6.c.updraftclone.com\/fi\/konsultointialueet\/rikostekninen-konsultointi\/tulipalo-rajahdys\/asuinrakennusten-energiavarastointijarjestelma-palontutkintapalvelu\/#service","name":"Residential Energy Storage System Fire Investigation Service","provider":{"@type":"Organization","@id":"https:\/\/vm6fr4whzn6.c.updraftclone.com\/fi\/#organization"}},{"@type":"WebPage","@id":"https:\/\/vm6fr4whzn6.c.updraftclone.com\/fi\/konsultointialueet\/rikostekninen-konsultointi\/tulipalo-rajahdys\/asuinrakennusten-energiavarastointijarjestelma-palontutkintapalvelu\/#webpage","url":"https:\/\/vm6fr4whzn6.c.updraftclone.com\/fi\/konsultointialueet\/rikostekninen-konsultointi\/tulipalo-rajahdys\/asuinrakennusten-energiavarastointijarjestelma-palontutkintapalvelu\/","name":"Residential Energy Storage System Fire Investigation Service","description":"If you had a fire caused by an energy storage system, Dreiym Engineering can help. We provide fire investigation and insurance reports in many states.","inLanguage":"fi","isPartOf":{"@id":"https:\/\/vm6fr4whzn6.c.updraftclone.com\/fi\/#website"},"breadcrumb":{"@id":"https:\/\/vm6fr4whzn6.c.updraftclone.com\/fi\/konsultointialueet\/rikostekninen-konsultointi\/tulipalo-rajahdys\/asuinrakennusten-energiavarastointijarjestelma-palontutkintapalvelu\/#breadcrumblist"},"datePublished":"2023-09-12T10:47:27-06:00","dateModified":"2024-02-29T17:23:22-06:00"},{"@type":"WebSite","@id":"https:\/\/vm6fr4whzn6.c.updraftclone.com\/fi\/#website","url":"https:\/\/vm6fr4whzn6.c.updraftclone.com\/fi\/","name":"Dreiym Engineering, PLLC","description":"Electrical and Corrosion Experts","inLanguage":"fi","publisher":{"@id":"https:\/\/vm6fr4whzn6.c.updraftclone.com\/fi\/#organization"}}]},"og:locale":"fi_FI","og:site_name":"Dreiym Engineering PLLC \u00bb Electrical and Corrosion Experts","og:type":"article","og:title":"Residential Energy Storage System Fire Investigation Service","og:description":"If you had a fire caused by an energy storage system, Dreiym Engineering can help. We provide fire investigation and insurance reports in many states.","og:url":"https:\/\/vm6fr4whzn6.c.updraftclone.com\/fi\/konsultointialueet\/rikostekninen-konsultointi\/tulipalo-rajahdys\/asuinrakennusten-energiavarastointijarjestelma-palontutkintapalvelu\/","og:image":"https:\/\/vm6fr4whzn6.c.updraftclone.com\/wp-content\/uploads\/2024\/03\/Power-Plant.jpeg","og:image:secure_url":"https:\/\/vm6fr4whzn6.c.updraftclone.com\/wp-content\/uploads\/2024\/03\/Power-Plant.jpeg","og:image:width":6016,"og:image:height":4016,"article:published_time":"2023-09-12T10:47:27+00:00","article:modified_time":"2024-02-29T23:23:22+00:00"},"aioseo_meta_data":{"post_id":"2540","title":null,"description":"Jos energiavarastoj\u00e4rjestelm\u00e4n aiheuttama tulipalo on sattunut, Dreiym Engineering voi auttaa. Tarjoamme palontutkinta- ja vakuutusraportteja monissa osavaltioissa.","keywords":[],"keyphrases":{"focus":{"keyphrase":"Energy Storage Fires","score":50,"analysis":{"keyphraseInTitle":{"score":3,"maxScore":9,"error":1},"keyphraseInDescription":{"score":3,"maxScore":9,"error":1},"keyphraseLength":{"score":9,"maxScore":9,"error":0,"length":3},"keyphraseInURL":{"score":1,"maxScore":5,"error":1}}},"additional":[]},"primary_term":null,"canonical_url":null,"og_title":null,"og_description":null,"og_object_type":"default","og_image_type":"default","og_image_url":null,"og_image_width":null,"og_image_height":null,"og_image_custom_url":null,"og_image_custom_fields":null,"og_video":"","og_custom_url":null,"og_article_section":null,"og_article_tags":[],"twitter_use_og":false,"twitter_card":"default","twitter_image_type":"default","twitter_image_url":null,"twitter_image_custom_url":null,"twitter_image_custom_fields":null,"twitter_title":null,"twitter_description":null,"schema":{"blockGraphs":[],"customGraphs":[],"default":{"data":{"Article":[],"Course":[],"Dataset":[],"FAQPage":[],"Movie":[],"Person":[],"Product":[],"ProductReview":[],"Car":[],"Recipe":[],"Service":[],"SoftwareApplication":[],"WebPage":[]},"graphName":"Service","isEnabled":true},"graphs":[]},"schema_type":"default","schema_type_options":null,"pillar_content":false,"robots_default":true,"robots_noindex":false,"robots_noarchive":false,"robots_nosnippet":false,"robots_nofollow":false,"robots_noimageindex":false,"robots_noodp":false,"robots_notranslate":false,"robots_max_snippet":"-1","robots_max_videopreview":"-1","robots_max_imagepreview":"large","priority":null,"frequency":"default","local_seo":null,"seo_analyzer_scan_date":"2025-08-14 16:27:25","breadcrumb_settings":null,"limit_modified_date":false,"reviewed_by":null,"open_ai":"{\"title\":{\"suggestions\":[],\"usage\":0},\"description\":{\"suggestions\":[],\"usage\":0}}","ai":null,"created":"2024-02-18 23:25:13","updated":"2025-10-21 20:57:18"},"aioseo_breadcrumb":"<div class=\"aioseo-breadcrumbs\"><span class=\"aioseo-breadcrumb\">\n\t<a href=\"https:\/\/vm6fr4whzn6.c.updraftclone.com\/fi\" title=\"Home\">Home<\/a>\n<\/span><span class=\"aioseo-breadcrumb-separator\">\u00bb<\/span><span class=\"aioseo-breadcrumb\">\n\t<a href=\"https:\/\/vm6fr4whzn6.c.updraftclone.com\/fi\/konsultointialueet\/\" title=\"Consulting Areas\">Consulting Areas<\/a>\n<\/span><span class=\"aioseo-breadcrumb-separator\">\u00bb<\/span><span class=\"aioseo-breadcrumb\">\n\t<a href=\"https:\/\/vm6fr4whzn6.c.updraftclone.com\/fi\/konsultointialueet\/rikostekninen-konsultointi\/\" title=\"Forensic Consulting\">Forensic Consulting<\/a>\n<\/span><span class=\"aioseo-breadcrumb-separator\">\u00bb<\/span><span class=\"aioseo-breadcrumb\">\n\t<a href=\"https:\/\/vm6fr4whzn6.c.updraftclone.com\/fi\/konsultointialueet\/rikostekninen-konsultointi\/tulipalo-rajahdys\/\" title=\"Fire &amp; Explosion\">Fire &amp; Explosion<\/a>\n<\/span><span class=\"aioseo-breadcrumb-separator\">\u00bb<\/span><span class=\"aioseo-breadcrumb\">\n\tResidential Energy Storage System Fire Investigation Service\n<\/span><\/div>","aioseo_breadcrumb_json":[{"label":"Home","link":"https:\/\/vm6fr4whzn6.c.updraftclone.com\/fi"},{"label":"Consulting Areas","link":"https:\/\/vm6fr4whzn6.c.updraftclone.com\/fi\/konsultointialueet\/"},{"label":"Forensic Consulting","link":"https:\/\/vm6fr4whzn6.c.updraftclone.com\/fi\/konsultointialueet\/rikostekninen-konsultointi\/"},{"label":"Fire &#038; Explosion","link":"https:\/\/vm6fr4whzn6.c.updraftclone.com\/fi\/konsultointialueet\/rikostekninen-konsultointi\/tulipalo-rajahdys\/"},{"label":"Residential Energy Storage System Fire Investigation Service","link":"https:\/\/vm6fr4whzn6.c.updraftclone.com\/fi\/konsultointialueet\/rikostekninen-konsultointi\/tulipalo-rajahdys\/asuinrakennusten-energiavarastointijarjestelma-palontutkintapalvelu\/"}],"_links":{"self":[{"href":"https:\/\/vm6fr4whzn6.c.updraftclone.com\/fi\/wp-json\/wp\/v2\/pages\/2540","targetHints":{"allow":["GET"]}}],"collection":[{"href":"https:\/\/vm6fr4whzn6.c.updraftclone.com\/fi\/wp-json\/wp\/v2\/pages"}],"about":[{"href":"https:\/\/vm6fr4whzn6.c.updraftclone.com\/fi\/wp-json\/wp\/v2\/types\/page"}],"author":[{"embeddable":true,"href":"https:\/\/vm6fr4whzn6.c.updraftclone.com\/fi\/wp-json\/wp\/v2\/users\/8"}],"replies":[{"embeddable":true,"href":"https:\/\/vm6fr4whzn6.c.updraftclone.com\/fi\/wp-json\/wp\/v2\/comments?post=2540"}],"version-history":[{"count":0,"href":"https:\/\/vm6fr4whzn6.c.updraftclone.com\/fi\/wp-json\/wp\/v2\/pages\/2540\/revisions"}],"up":[{"embeddable":true,"href":"https:\/\/vm6fr4whzn6.c.updraftclone.com\/fi\/wp-json\/wp\/v2\/pages\/2366"}],"wp:attachment":[{"href":"https:\/\/vm6fr4whzn6.c.updraftclone.com\/fi\/wp-json\/wp\/v2\/media?parent=2540"}],"curies":[{"name":"wp","href":"https:\/\/api.w.org\/{rel}","templated":true}]}}