{"id":2240,"date":"2023-09-05T00:32:22","date_gmt":"2023-09-05T00:32:22","guid":{"rendered":"https:\/\/3.212.105.250\/?page_id=2240"},"modified":"2024-02-29T14:52:45","modified_gmt":"2024-02-29T20:52:45","slug":"etudes-de-potentiel-de-protection-cathodique","status":"publish","type":"page","link":"https:\/\/vm6fr4whzn6.c.updraftclone.com\/fr_fr\/domaines-de-consultation\/corrosion\/etudes-de-potentiel-de-protection-cathodique\/","title":{"rendered":"\u00c9tudes du potentiel de protection cathodique"},"content":{"rendered":"","protected":false},"excerpt":{"rendered":"","protected":false},"author":8,"featured_media":0,"parent":1150,"menu_order":0,"comment_status":"closed","ping_status":"closed","template":"","meta":{"_acf_changed":false,"_mbp_gutenberg_autopost":false,"_pgmb_is_evergreen":true,"_pgmb_ap_template_id":0,"iawp_total_views":375,"footnotes":""},"class_list":["post-2240","page","type-page","status-publish","hentry"],"acf":[],"aioseo_notices":[],"aioseo_head":"\n\t\t<!-- All in One SEO Pro 4.9.6.2 - aioseo.com -->\n\t<meta name=\"description\" content=\"Dreiym Engineering is your trusted partner for cathodic protection and corrosion surveys1. We help you protect your pipelines and structures from corrosion.\" \/>\n\t<meta name=\"robots\" content=\"noindex, nofollow, max-image-preview:large\" \/>\n\t<link rel=\"canonical\" href=\"https:\/\/vm6fr4whzn6.c.updraftclone.com\/fr_fr\/domaines-de-consultation\/corrosion\/etudes-de-potentiel-de-protection-cathodique\/\" \/>\n\t<meta name=\"generator\" content=\"All in One SEO Pro (AIOSEO) 4.9.6.2\" \/>\n\t\t<meta property=\"og:locale\" content=\"fr_FR\" \/>\n\t\t<meta property=\"og:site_name\" content=\"Dreiym Engineering PLLC \u00bb Electrical and Corrosion Experts\" \/>\n\t\t<meta property=\"og:type\" content=\"article\" \/>\n\t\t<meta property=\"og:title\" content=\"Cathodic Protection Potential Surveys \u00bb Dreiym Engineering\" \/>\n\t\t<meta property=\"og:description\" content=\"Dreiym Engineering is your trusted partner for cathodic protection and corrosion surveys1. We help you protect your pipelines and structures from corrosion.\" \/>\n\t\t<meta property=\"og:url\" content=\"https:\/\/vm6fr4whzn6.c.updraftclone.com\/fr_fr\/domaines-de-consultation\/corrosion\/etudes-de-potentiel-de-protection-cathodique\/\" \/>\n\t\t<meta property=\"og:image\" content=\"https:\/\/vm6fr4whzn6.c.updraftclone.com\/wp-content\/uploads\/2024\/03\/Power-Plant.jpeg\" \/>\n\t\t<meta property=\"og:image:secure_url\" content=\"https:\/\/vm6fr4whzn6.c.updraftclone.com\/wp-content\/uploads\/2024\/03\/Power-Plant.jpeg\" \/>\n\t\t<meta property=\"og:image:width\" content=\"6016\" \/>\n\t\t<meta property=\"og:image:height\" content=\"4016\" \/>\n\t\t<meta property=\"article:published_time\" content=\"2023-09-05T00:32:22+00:00\" \/>\n\t\t<meta property=\"article:modified_time\" content=\"2024-02-29T20:52:45+00:00\" \/>\n\t\t<script type=\"application\/ld+json\" class=\"aioseo-schema\">\n\t\t\t{\"@context\":\"https:\\\/\\\/schema.org\",\"@graph\":[{\"@type\":\"BreadcrumbList\",\"@id\":\"https:\\\/\\\/vm6fr4whzn6.c.updraftclone.com\\\/fr_fr\\\/domaines-de-consultation\\\/corrosion\\\/etudes-de-potentiel-de-protection-cathodique\\\/#breadcrumblist\",\"itemListElement\":[{\"@type\":\"ListItem\",\"@id\":\"https:\\\/\\\/vm6fr4whzn6.c.updraftclone.com\\\/fr_fr#listItem\",\"position\":1,\"name\":\"Home\",\"item\":\"https:\\\/\\\/vm6fr4whzn6.c.updraftclone.com\\\/fr_fr\",\"nextItem\":{\"@type\":\"ListItem\",\"@id\":\"https:\\\/\\\/vm6fr4whzn6.c.updraftclone.com\\\/fr_fr\\\/domaines-de-consultation\\\/#listItem\",\"name\":\"Consulting Areas\"}},{\"@type\":\"ListItem\",\"@id\":\"https:\\\/\\\/vm6fr4whzn6.c.updraftclone.com\\\/fr_fr\\\/domaines-de-consultation\\\/#listItem\",\"position\":2,\"name\":\"Consulting Areas\",\"item\":\"https:\\\/\\\/vm6fr4whzn6.c.updraftclone.com\\\/fr_fr\\\/domaines-de-consultation\\\/\",\"nextItem\":{\"@type\":\"ListItem\",\"@id\":\"https:\\\/\\\/vm6fr4whzn6.c.updraftclone.com\\\/fr_fr\\\/domaines-de-consultation\\\/corrosion\\\/#listItem\",\"name\":\"Corrosion\"},\"previousItem\":{\"@type\":\"ListItem\",\"@id\":\"https:\\\/\\\/vm6fr4whzn6.c.updraftclone.com\\\/fr_fr#listItem\",\"name\":\"Home\"}},{\"@type\":\"ListItem\",\"@id\":\"https:\\\/\\\/vm6fr4whzn6.c.updraftclone.com\\\/fr_fr\\\/domaines-de-consultation\\\/corrosion\\\/#listItem\",\"position\":3,\"name\":\"Corrosion\",\"item\":\"https:\\\/\\\/vm6fr4whzn6.c.updraftclone.com\\\/fr_fr\\\/domaines-de-consultation\\\/corrosion\\\/\",\"nextItem\":{\"@type\":\"ListItem\",\"@id\":\"https:\\\/\\\/vm6fr4whzn6.c.updraftclone.com\\\/fr_fr\\\/domaines-de-consultation\\\/corrosion\\\/etudes-de-potentiel-de-protection-cathodique\\\/#listItem\",\"name\":\"Cathodic Protection Potential Surveys\"},\"previousItem\":{\"@type\":\"ListItem\",\"@id\":\"https:\\\/\\\/vm6fr4whzn6.c.updraftclone.com\\\/fr_fr\\\/domaines-de-consultation\\\/#listItem\",\"name\":\"Consulting Areas\"}},{\"@type\":\"ListItem\",\"@id\":\"https:\\\/\\\/vm6fr4whzn6.c.updraftclone.com\\\/fr_fr\\\/domaines-de-consultation\\\/corrosion\\\/etudes-de-potentiel-de-protection-cathodique\\\/#listItem\",\"position\":4,\"name\":\"Cathodic Protection Potential Surveys\",\"previousItem\":{\"@type\":\"ListItem\",\"@id\":\"https:\\\/\\\/vm6fr4whzn6.c.updraftclone.com\\\/fr_fr\\\/domaines-de-consultation\\\/corrosion\\\/#listItem\",\"name\":\"Corrosion\"}}]},{\"@type\":\"Organization\",\"@id\":\"https:\\\/\\\/vm6fr4whzn6.c.updraftclone.com\\\/fr_fr\\\/#organization\",\"name\":\"Dreiym Engineering PLLC\",\"description\":\"Electrical and Corrosion Experts\",\"url\":\"https:\\\/\\\/vm6fr4whzn6.c.updraftclone.com\\\/fr_fr\\\/\",\"email\":\"contact@dreiym.com\",\"telephone\":\"+18666216920\",\"foundingDate\":\"2014-07-11\",\"numberOfEmployees\":{\"@type\":\"QuantitativeValue\",\"minValue\":2,\"maxValue\":10},\"logo\":{\"@type\":\"ImageObject\",\"url\":\"https:\\\/\\\/vm6fr4whzn6.c.updraftclone.com\\\/wp-content\\\/uploads\\\/2023\\\/08\\\/logo.svg\",\"@id\":\"https:\\\/\\\/vm6fr4whzn6.c.updraftclone.com\\\/fr_fr\\\/domaines-de-consultation\\\/corrosion\\\/etudes-de-potentiel-de-protection-cathodique\\\/#organizationLogo\",\"width\":272,\"height\":99},\"image\":{\"@id\":\"https:\\\/\\\/vm6fr4whzn6.c.updraftclone.com\\\/fr_fr\\\/domaines-de-consultation\\\/corrosion\\\/etudes-de-potentiel-de-protection-cathodique\\\/#organizationLogo\"},\"sameAs\":[\"https:\\\/\\\/www.linkedin.com\\\/company\\\/dreiym-engineering-pllc\\\/\"],\"address\":{\"@id\":\"https:\\\/\\\/vm6fr4whzn6.c.updraftclone.com\\\/fr_fr\\\/#postaladdress\",\"@type\":\"PostalAddress\",\"streetAddress\":\"2028 E Ben White Blvd, #240-1500\",\"postalCode\":\"77331\",\"addressLocality\":\"Austin\",\"addressRegion\":\"Texas\",\"addressCountry\":\"US\"}},{\"@type\":\"Service\",\"@id\":\"https:\\\/\\\/vm6fr4whzn6.c.updraftclone.com\\\/fr_fr\\\/domaines-de-consultation\\\/corrosion\\\/etudes-de-potentiel-de-protection-cathodique\\\/#service\",\"name\":\"Cathodic Protection Potential Surveys\",\"provider\":{\"@type\":\"Organization\",\"@id\":\"https:\\\/\\\/vm6fr4whzn6.c.updraftclone.com\\\/fr_fr\\\/#organization\"}},{\"@type\":\"WebPage\",\"@id\":\"https:\\\/\\\/vm6fr4whzn6.c.updraftclone.com\\\/fr_fr\\\/domaines-de-consultation\\\/corrosion\\\/etudes-de-potentiel-de-protection-cathodique\\\/#webpage\",\"url\":\"https:\\\/\\\/vm6fr4whzn6.c.updraftclone.com\\\/fr_fr\\\/domaines-de-consultation\\\/corrosion\\\/etudes-de-potentiel-de-protection-cathodique\\\/\",\"name\":\"Cathodic Protection Potential Surveys \\u00bb Dreiym Engineering\",\"description\":\"Dreiym Engineering is your trusted partner for cathodic protection and corrosion surveys1. We help you protect your pipelines and structures from corrosion.\",\"inLanguage\":\"fr-FR\",\"isPartOf\":{\"@id\":\"https:\\\/\\\/vm6fr4whzn6.c.updraftclone.com\\\/fr_fr\\\/#website\"},\"breadcrumb\":{\"@id\":\"https:\\\/\\\/vm6fr4whzn6.c.updraftclone.com\\\/fr_fr\\\/domaines-de-consultation\\\/corrosion\\\/etudes-de-potentiel-de-protection-cathodique\\\/#breadcrumblist\"},\"datePublished\":\"2023-09-05T00:32:22-06:00\",\"dateModified\":\"2024-02-29T14:52:45-06:00\"},{\"@type\":\"WebSite\",\"@id\":\"https:\\\/\\\/vm6fr4whzn6.c.updraftclone.com\\\/fr_fr\\\/#website\",\"url\":\"https:\\\/\\\/vm6fr4whzn6.c.updraftclone.com\\\/fr_fr\\\/\",\"name\":\"Dreiym Engineering, PLLC\",\"description\":\"Electrical and Corrosion Experts\",\"inLanguage\":\"fr-FR\",\"publisher\":{\"@id\":\"https:\\\/\\\/vm6fr4whzn6.c.updraftclone.com\\\/fr_fr\\\/#organization\"}}]}\n\t\t<\/script>\n\t\t<!-- All in One SEO Pro -->\r\n\t\t<title>Cathodic Protection Potential Surveys \u00bb Dreiym Engineering<\/title>\n\n","aioseo_head_json":{"title":"\u00c9tudes de potentiel de protection cathodique \" Dreiym Engineering","description":"Dreiym Engineering est votre partenaire de confiance pour la protection cathodique et les \u00e9tudes de corrosion1. Nous vous aidons \u00e0 prot\u00e9ger vos pipelines et vos structures contre la corrosion.","canonical_url":"https:\/\/vm6fr4whzn6.c.updraftclone.com\/fr_fr\/domaines-de-consultation\/corrosion\/etudes-de-potentiel-de-protection-cathodique\/","robots":"noindex, nofollow, max-image-preview:large","keywords":"","webmasterTools":{"miscellaneous":""},"schema":{"@context":"https:\/\/schema.org","@graph":[{"@type":"BreadcrumbList","@id":"https:\/\/vm6fr4whzn6.c.updraftclone.com\/fr_fr\/domaines-de-consultation\/corrosion\/etudes-de-potentiel-de-protection-cathodique\/#breadcrumblist","itemListElement":[{"@type":"ListItem","@id":"https:\/\/vm6fr4whzn6.c.updraftclone.com\/fr_fr#listItem","position":1,"name":"Home","item":"https:\/\/vm6fr4whzn6.c.updraftclone.com\/fr_fr","nextItem":{"@type":"ListItem","@id":"https:\/\/vm6fr4whzn6.c.updraftclone.com\/fr_fr\/domaines-de-consultation\/#listItem","name":"Consulting Areas"}},{"@type":"ListItem","@id":"https:\/\/vm6fr4whzn6.c.updraftclone.com\/fr_fr\/domaines-de-consultation\/#listItem","position":2,"name":"Consulting Areas","item":"https:\/\/vm6fr4whzn6.c.updraftclone.com\/fr_fr\/domaines-de-consultation\/","nextItem":{"@type":"ListItem","@id":"https:\/\/vm6fr4whzn6.c.updraftclone.com\/fr_fr\/domaines-de-consultation\/corrosion\/#listItem","name":"Corrosion"},"previousItem":{"@type":"ListItem","@id":"https:\/\/vm6fr4whzn6.c.updraftclone.com\/fr_fr#listItem","name":"Home"}},{"@type":"ListItem","@id":"https:\/\/vm6fr4whzn6.c.updraftclone.com\/fr_fr\/domaines-de-consultation\/corrosion\/#listItem","position":3,"name":"Corrosion","item":"https:\/\/vm6fr4whzn6.c.updraftclone.com\/fr_fr\/domaines-de-consultation\/corrosion\/","nextItem":{"@type":"ListItem","@id":"https:\/\/vm6fr4whzn6.c.updraftclone.com\/fr_fr\/domaines-de-consultation\/corrosion\/etudes-de-potentiel-de-protection-cathodique\/#listItem","name":"Cathodic Protection Potential Surveys"},"previousItem":{"@type":"ListItem","@id":"https:\/\/vm6fr4whzn6.c.updraftclone.com\/fr_fr\/domaines-de-consultation\/#listItem","name":"Consulting Areas"}},{"@type":"ListItem","@id":"https:\/\/vm6fr4whzn6.c.updraftclone.com\/fr_fr\/domaines-de-consultation\/corrosion\/etudes-de-potentiel-de-protection-cathodique\/#listItem","position":4,"name":"Cathodic Protection Potential Surveys","previousItem":{"@type":"ListItem","@id":"https:\/\/vm6fr4whzn6.c.updraftclone.com\/fr_fr\/domaines-de-consultation\/corrosion\/#listItem","name":"Corrosion"}}]},{"@type":"Organization","@id":"https:\/\/vm6fr4whzn6.c.updraftclone.com\/fr_fr\/#organization","name":"Dreiym Engineering PLLC","description":"Electrical and Corrosion Experts","url":"https:\/\/vm6fr4whzn6.c.updraftclone.com\/fr_fr\/","email":"contact@dreiym.com","telephone":"+18666216920","foundingDate":"2014-07-11","numberOfEmployees":{"@type":"QuantitativeValue","minValue":2,"maxValue":10},"logo":{"@type":"ImageObject","url":"https:\/\/vm6fr4whzn6.c.updraftclone.com\/wp-content\/uploads\/2023\/08\/logo.svg","@id":"https:\/\/vm6fr4whzn6.c.updraftclone.com\/fr_fr\/domaines-de-consultation\/corrosion\/etudes-de-potentiel-de-protection-cathodique\/#organizationLogo","width":272,"height":99},"image":{"@id":"https:\/\/vm6fr4whzn6.c.updraftclone.com\/fr_fr\/domaines-de-consultation\/corrosion\/etudes-de-potentiel-de-protection-cathodique\/#organizationLogo"},"sameAs":["https:\/\/www.linkedin.com\/company\/dreiym-engineering-pllc\/"],"address":{"@id":"https:\/\/vm6fr4whzn6.c.updraftclone.com\/fr_fr\/#postaladdress","@type":"PostalAddress","streetAddress":"2028 E Ben White Blvd, #240-1500","postalCode":"77331","addressLocality":"Austin","addressRegion":"Texas","addressCountry":"US"}},{"@type":"Service","@id":"https:\/\/vm6fr4whzn6.c.updraftclone.com\/fr_fr\/domaines-de-consultation\/corrosion\/etudes-de-potentiel-de-protection-cathodique\/#service","name":"Cathodic Protection Potential Surveys","provider":{"@type":"Organization","@id":"https:\/\/vm6fr4whzn6.c.updraftclone.com\/fr_fr\/#organization"}},{"@type":"WebPage","@id":"https:\/\/vm6fr4whzn6.c.updraftclone.com\/fr_fr\/domaines-de-consultation\/corrosion\/etudes-de-potentiel-de-protection-cathodique\/#webpage","url":"https:\/\/vm6fr4whzn6.c.updraftclone.com\/fr_fr\/domaines-de-consultation\/corrosion\/etudes-de-potentiel-de-protection-cathodique\/","name":"Cathodic Protection Potential Surveys \u00bb Dreiym Engineering","description":"Dreiym Engineering is your trusted partner for cathodic protection and corrosion surveys1. We help you protect your pipelines and structures from corrosion.","inLanguage":"fr-FR","isPartOf":{"@id":"https:\/\/vm6fr4whzn6.c.updraftclone.com\/fr_fr\/#website"},"breadcrumb":{"@id":"https:\/\/vm6fr4whzn6.c.updraftclone.com\/fr_fr\/domaines-de-consultation\/corrosion\/etudes-de-potentiel-de-protection-cathodique\/#breadcrumblist"},"datePublished":"2023-09-05T00:32:22-06:00","dateModified":"2024-02-29T14:52:45-06:00"},{"@type":"WebSite","@id":"https:\/\/vm6fr4whzn6.c.updraftclone.com\/fr_fr\/#website","url":"https:\/\/vm6fr4whzn6.c.updraftclone.com\/fr_fr\/","name":"Dreiym Engineering, PLLC","description":"Electrical and Corrosion Experts","inLanguage":"fr-FR","publisher":{"@id":"https:\/\/vm6fr4whzn6.c.updraftclone.com\/fr_fr\/#organization"}}]},"og:locale":"fr_FR","og:site_name":"Dreiym Engineering PLLC \u00bb Electrical and Corrosion Experts","og:type":"article","og:title":"Cathodic Protection Potential Surveys \u00bb Dreiym Engineering","og:description":"Dreiym Engineering is your trusted partner for cathodic protection and corrosion surveys1. We help you protect your pipelines and structures from corrosion.","og:url":"https:\/\/vm6fr4whzn6.c.updraftclone.com\/fr_fr\/domaines-de-consultation\/corrosion\/etudes-de-potentiel-de-protection-cathodique\/","og:image":"https:\/\/vm6fr4whzn6.c.updraftclone.com\/wp-content\/uploads\/2024\/03\/Power-Plant.jpeg","og:image:secure_url":"https:\/\/vm6fr4whzn6.c.updraftclone.com\/wp-content\/uploads\/2024\/03\/Power-Plant.jpeg","og:image:width":6016,"og:image:height":4016,"article:published_time":"2023-09-05T00:32:22+00:00","article:modified_time":"2024-02-29T20:52:45+00:00"},"aioseo_meta_data":{"post_id":"2240","title":null,"description":"Dreiym Engineering est votre partenaire de confiance pour la protection cathodique et les \u00e9tudes de corrosion1. Nous vous aidons \u00e0 prot\u00e9ger vos pipelines et vos structures contre la corrosion.","keywords":[],"keyphrases":{"focus":{"keyphrase":"","score":0,"analysis":{"keyphraseInTitle":{"score":0,"maxScore":9,"error":1}}},"additional":[]},"primary_term":null,"canonical_url":null,"og_title":null,"og_description":null,"og_object_type":"default","og_image_type":"default","og_image_url":null,"og_image_width":null,"og_image_height":null,"og_image_custom_url":null,"og_image_custom_fields":null,"og_video":"","og_custom_url":null,"og_article_section":null,"og_article_tags":[],"twitter_use_og":false,"twitter_card":"default","twitter_image_type":"default","twitter_image_url":null,"twitter_image_custom_url":null,"twitter_image_custom_fields":null,"twitter_title":null,"twitter_description":null,"schema":{"blockGraphs":[],"customGraphs":[],"default":{"data":{"Article":[],"Course":[],"Dataset":[],"FAQPage":[],"Movie":[],"Person":[],"Product":[],"ProductReview":[],"Car":[],"Recipe":[],"Service":[],"SoftwareApplication":[],"WebPage":[]},"graphName":"Service","isEnabled":true},"graphs":[]},"schema_type":"default","schema_type_options":null,"pillar_content":false,"robots_default":true,"robots_noindex":false,"robots_noarchive":false,"robots_nosnippet":false,"robots_nofollow":false,"robots_noimageindex":false,"robots_noodp":false,"robots_notranslate":false,"robots_max_snippet":"-1","robots_max_videopreview":"-1","robots_max_imagepreview":"large","priority":null,"frequency":"default","local_seo":null,"seo_analyzer_scan_date":"2025-08-14 16:25:34","breadcrumb_settings":null,"limit_modified_date":false,"reviewed_by":null,"open_ai":"{\"title\":{\"suggestions\":[],\"usage\":0},\"description\":{\"suggestions\":[],\"usage\":0}}","ai":null,"created":"2024-02-18 23:25:13","updated":"2025-10-21 20:57:18"},"aioseo_breadcrumb":"<div class=\"aioseo-breadcrumbs\"><span class=\"aioseo-breadcrumb\">\n\t<a href=\"https:\/\/vm6fr4whzn6.c.updraftclone.com\/fr_fr\" title=\"Home\">Home<\/a>\n<\/span><span class=\"aioseo-breadcrumb-separator\">\u00bb<\/span><span class=\"aioseo-breadcrumb\">\n\t<a href=\"https:\/\/vm6fr4whzn6.c.updraftclone.com\/fr_fr\/domaines-de-consultation\/\" title=\"Consulting Areas\">Consulting Areas<\/a>\n<\/span><span class=\"aioseo-breadcrumb-separator\">\u00bb<\/span><span class=\"aioseo-breadcrumb\">\n\t<a href=\"https:\/\/vm6fr4whzn6.c.updraftclone.com\/fr_fr\/domaines-de-consultation\/corrosion\/\" title=\"Corrosion\">Corrosion<\/a>\n<\/span><span class=\"aioseo-breadcrumb-separator\">\u00bb<\/span><span class=\"aioseo-breadcrumb\">\n\tCathodic Protection Potential Surveys\n<\/span><\/div>","aioseo_breadcrumb_json":[{"label":"Home","link":"https:\/\/vm6fr4whzn6.c.updraftclone.com\/fr_fr"},{"label":"Consulting Areas","link":"https:\/\/vm6fr4whzn6.c.updraftclone.com\/fr_fr\/domaines-de-consultation\/"},{"label":"Corrosion","link":"https:\/\/vm6fr4whzn6.c.updraftclone.com\/fr_fr\/domaines-de-consultation\/corrosion\/"},{"label":"Cathodic Protection Potential Surveys","link":"https:\/\/vm6fr4whzn6.c.updraftclone.com\/fr_fr\/domaines-de-consultation\/corrosion\/etudes-de-potentiel-de-protection-cathodique\/"}],"_links":{"self":[{"href":"https:\/\/vm6fr4whzn6.c.updraftclone.com\/fr_fr\/wp-json\/wp\/v2\/pages\/2240","targetHints":{"allow":["GET"]}}],"collection":[{"href":"https:\/\/vm6fr4whzn6.c.updraftclone.com\/fr_fr\/wp-json\/wp\/v2\/pages"}],"about":[{"href":"https:\/\/vm6fr4whzn6.c.updraftclone.com\/fr_fr\/wp-json\/wp\/v2\/types\/page"}],"author":[{"embeddable":true,"href":"https:\/\/vm6fr4whzn6.c.updraftclone.com\/fr_fr\/wp-json\/wp\/v2\/users\/8"}],"replies":[{"embeddable":true,"href":"https:\/\/vm6fr4whzn6.c.updraftclone.com\/fr_fr\/wp-json\/wp\/v2\/comments?post=2240"}],"version-history":[{"count":0,"href":"https:\/\/vm6fr4whzn6.c.updraftclone.com\/fr_fr\/wp-json\/wp\/v2\/pages\/2240\/revisions"}],"up":[{"embeddable":true,"href":"https:\/\/vm6fr4whzn6.c.updraftclone.com\/fr_fr\/wp-json\/wp\/v2\/pages\/1150"}],"wp:attachment":[{"href":"https:\/\/vm6fr4whzn6.c.updraftclone.com\/fr_fr\/wp-json\/wp\/v2\/media?parent=2240"}],"curies":[{"name":"wp","href":"https:\/\/api.w.org\/{rel}","templated":true}]}}