{"id":2466,"date":"2023-09-12T03:51:33","date_gmt":"2023-09-12T03:51:33","guid":{"rendered":"https:\/\/3.212.105.250\/?page_id=2466"},"modified":"2024-02-29T14:58:25","modified_gmt":"2024-02-29T20:58:25","slug":"coordination-de-la-protection","status":"publish","type":"page","link":"https:\/\/vm6fr4whzn6.c.updraftclone.com\/fr_fr\/domaines-de-consultation\/lenergie-electrique\/coordination-de-la-protection\/","title":{"rendered":"Protection et coordination"},"content":{"rendered":"","protected":false},"excerpt":{"rendered":"","protected":false},"author":8,"featured_media":0,"parent":2250,"menu_order":0,"comment_status":"closed","ping_status":"closed","template":"","meta":{"_acf_changed":false,"_mbp_gutenberg_autopost":false,"_pgmb_is_evergreen":true,"_pgmb_ap_template_id":0,"iawp_total_views":74,"footnotes":""},"class_list":["post-2466","page","type-page","status-publish","hentry"],"acf":[],"aioseo_notices":[],"aioseo_head":"\n\t\t<!-- All in One SEO Pro 4.9.6.2 - aioseo.com -->\n\t<meta name=\"description\" content=\"Protect your electrical network from faults with Dreiym Engineering\u2019s protective device coordination analysis1. We serve Texas and the surrounding states.\" \/>\n\t<meta name=\"robots\" content=\"noindex, nofollow, max-image-preview:large\" \/>\n\t<link rel=\"canonical\" href=\"https:\/\/vm6fr4whzn6.c.updraftclone.com\/fr_fr\/domaines-de-consultation\/lenergie-electrique\/coordination-de-la-protection\/\" \/>\n\t<meta name=\"generator\" content=\"All in One SEO Pro (AIOSEO) 4.9.6.2\" \/>\n\t\t<meta property=\"og:locale\" content=\"fr_FR\" \/>\n\t\t<meta property=\"og:site_name\" content=\"Dreiym Engineering PLLC \u00bb Electrical and Corrosion Experts\" \/>\n\t\t<meta property=\"og:type\" content=\"article\" \/>\n\t\t<meta property=\"og:title\" content=\"Protection &amp; Coordination \u00bb Dreiym Engineering PLLC\" \/>\n\t\t<meta property=\"og:description\" content=\"Protect your electrical network from faults with Dreiym Engineering\u2019s protective device coordination analysis1. We serve Texas and the surrounding states.\" \/>\n\t\t<meta property=\"og:url\" content=\"https:\/\/vm6fr4whzn6.c.updraftclone.com\/fr_fr\/domaines-de-consultation\/lenergie-electrique\/coordination-de-la-protection\/\" \/>\n\t\t<meta property=\"og:image\" content=\"https:\/\/vm6fr4whzn6.c.updraftclone.com\/wp-content\/uploads\/2024\/03\/Power-Plant.jpeg\" \/>\n\t\t<meta property=\"og:image:secure_url\" content=\"https:\/\/vm6fr4whzn6.c.updraftclone.com\/wp-content\/uploads\/2024\/03\/Power-Plant.jpeg\" \/>\n\t\t<meta property=\"og:image:width\" content=\"6016\" \/>\n\t\t<meta property=\"og:image:height\" content=\"4016\" \/>\n\t\t<meta property=\"article:published_time\" content=\"2023-09-12T03:51:33+00:00\" \/>\n\t\t<meta property=\"article:modified_time\" content=\"2024-02-29T20:58:25+00:00\" \/>\n\t\t<script type=\"application\/ld+json\" class=\"aioseo-schema\">\n\t\t\t{\"@context\":\"https:\\\/\\\/schema.org\",\"@graph\":[{\"@type\":\"BreadcrumbList\",\"@id\":\"https:\\\/\\\/vm6fr4whzn6.c.updraftclone.com\\\/fr_fr\\\/domaines-de-consultation\\\/lenergie-electrique\\\/coordination-de-la-protection\\\/#breadcrumblist\",\"itemListElement\":[{\"@type\":\"ListItem\",\"@id\":\"https:\\\/\\\/vm6fr4whzn6.c.updraftclone.com\\\/fr_fr#listItem\",\"position\":1,\"name\":\"Home\",\"item\":\"https:\\\/\\\/vm6fr4whzn6.c.updraftclone.com\\\/fr_fr\",\"nextItem\":{\"@type\":\"ListItem\",\"@id\":\"https:\\\/\\\/vm6fr4whzn6.c.updraftclone.com\\\/fr_fr\\\/domaines-de-consultation\\\/#listItem\",\"name\":\"Consulting Areas\"}},{\"@type\":\"ListItem\",\"@id\":\"https:\\\/\\\/vm6fr4whzn6.c.updraftclone.com\\\/fr_fr\\\/domaines-de-consultation\\\/#listItem\",\"position\":2,\"name\":\"Consulting Areas\",\"item\":\"https:\\\/\\\/vm6fr4whzn6.c.updraftclone.com\\\/fr_fr\\\/domaines-de-consultation\\\/\",\"nextItem\":{\"@type\":\"ListItem\",\"@id\":\"https:\\\/\\\/vm6fr4whzn6.c.updraftclone.com\\\/fr_fr\\\/domaines-de-consultation\\\/lenergie-electrique\\\/#listItem\",\"name\":\"Electrical &#038; Power\"},\"previousItem\":{\"@type\":\"ListItem\",\"@id\":\"https:\\\/\\\/vm6fr4whzn6.c.updraftclone.com\\\/fr_fr#listItem\",\"name\":\"Home\"}},{\"@type\":\"ListItem\",\"@id\":\"https:\\\/\\\/vm6fr4whzn6.c.updraftclone.com\\\/fr_fr\\\/domaines-de-consultation\\\/lenergie-electrique\\\/#listItem\",\"position\":3,\"name\":\"Electrical &#038; Power\",\"item\":\"https:\\\/\\\/vm6fr4whzn6.c.updraftclone.com\\\/fr_fr\\\/domaines-de-consultation\\\/lenergie-electrique\\\/\",\"nextItem\":{\"@type\":\"ListItem\",\"@id\":\"https:\\\/\\\/vm6fr4whzn6.c.updraftclone.com\\\/fr_fr\\\/domaines-de-consultation\\\/lenergie-electrique\\\/coordination-de-la-protection\\\/#listItem\",\"name\":\"Protection &#038; Coordination\"},\"previousItem\":{\"@type\":\"ListItem\",\"@id\":\"https:\\\/\\\/vm6fr4whzn6.c.updraftclone.com\\\/fr_fr\\\/domaines-de-consultation\\\/#listItem\",\"name\":\"Consulting Areas\"}},{\"@type\":\"ListItem\",\"@id\":\"https:\\\/\\\/vm6fr4whzn6.c.updraftclone.com\\\/fr_fr\\\/domaines-de-consultation\\\/lenergie-electrique\\\/coordination-de-la-protection\\\/#listItem\",\"position\":4,\"name\":\"Protection &#038; Coordination\",\"previousItem\":{\"@type\":\"ListItem\",\"@id\":\"https:\\\/\\\/vm6fr4whzn6.c.updraftclone.com\\\/fr_fr\\\/domaines-de-consultation\\\/lenergie-electrique\\\/#listItem\",\"name\":\"Electrical &#038; Power\"}}]},{\"@type\":\"Organization\",\"@id\":\"https:\\\/\\\/vm6fr4whzn6.c.updraftclone.com\\\/fr_fr\\\/#organization\",\"name\":\"Dreiym Engineering PLLC\",\"description\":\"Electrical and Corrosion Experts\",\"url\":\"https:\\\/\\\/vm6fr4whzn6.c.updraftclone.com\\\/fr_fr\\\/\",\"email\":\"contact@dreiym.com\",\"telephone\":\"+18666216920\",\"foundingDate\":\"2014-07-11\",\"numberOfEmployees\":{\"@type\":\"QuantitativeValue\",\"minValue\":2,\"maxValue\":10},\"logo\":{\"@type\":\"ImageObject\",\"url\":\"https:\\\/\\\/vm6fr4whzn6.c.updraftclone.com\\\/wp-content\\\/uploads\\\/2023\\\/08\\\/logo.svg\",\"@id\":\"https:\\\/\\\/vm6fr4whzn6.c.updraftclone.com\\\/fr_fr\\\/domaines-de-consultation\\\/lenergie-electrique\\\/coordination-de-la-protection\\\/#organizationLogo\",\"width\":272,\"height\":99},\"image\":{\"@id\":\"https:\\\/\\\/vm6fr4whzn6.c.updraftclone.com\\\/fr_fr\\\/domaines-de-consultation\\\/lenergie-electrique\\\/coordination-de-la-protection\\\/#organizationLogo\"},\"sameAs\":[\"https:\\\/\\\/www.linkedin.com\\\/company\\\/dreiym-engineering-pllc\\\/\"],\"address\":{\"@id\":\"https:\\\/\\\/vm6fr4whzn6.c.updraftclone.com\\\/fr_fr\\\/#postaladdress\",\"@type\":\"PostalAddress\",\"streetAddress\":\"2028 E Ben White Blvd, #240-1500\",\"postalCode\":\"77331\",\"addressLocality\":\"Austin\",\"addressRegion\":\"Texas\",\"addressCountry\":\"US\"}},{\"@type\":\"Service\",\"@id\":\"https:\\\/\\\/vm6fr4whzn6.c.updraftclone.com\\\/fr_fr\\\/domaines-de-consultation\\\/lenergie-electrique\\\/coordination-de-la-protection\\\/#service\",\"name\":\"Protection &#038; Coordination\",\"provider\":{\"@type\":\"Organization\",\"@id\":\"https:\\\/\\\/vm6fr4whzn6.c.updraftclone.com\\\/fr_fr\\\/#organization\"}},{\"@type\":\"WebPage\",\"@id\":\"https:\\\/\\\/vm6fr4whzn6.c.updraftclone.com\\\/fr_fr\\\/domaines-de-consultation\\\/lenergie-electrique\\\/coordination-de-la-protection\\\/#webpage\",\"url\":\"https:\\\/\\\/vm6fr4whzn6.c.updraftclone.com\\\/fr_fr\\\/domaines-de-consultation\\\/lenergie-electrique\\\/coordination-de-la-protection\\\/\",\"name\":\"Protection & Coordination \\u00bb Dreiym Engineering PLLC\",\"description\":\"Protect your electrical network from faults with Dreiym Engineering\\u2019s protective device coordination analysis1. We serve Texas and the surrounding states.\",\"inLanguage\":\"fr-FR\",\"isPartOf\":{\"@id\":\"https:\\\/\\\/vm6fr4whzn6.c.updraftclone.com\\\/fr_fr\\\/#website\"},\"breadcrumb\":{\"@id\":\"https:\\\/\\\/vm6fr4whzn6.c.updraftclone.com\\\/fr_fr\\\/domaines-de-consultation\\\/lenergie-electrique\\\/coordination-de-la-protection\\\/#breadcrumblist\"},\"datePublished\":\"2023-09-12T03:51:33-06:00\",\"dateModified\":\"2024-02-29T14:58:25-06:00\"},{\"@type\":\"WebSite\",\"@id\":\"https:\\\/\\\/vm6fr4whzn6.c.updraftclone.com\\\/fr_fr\\\/#website\",\"url\":\"https:\\\/\\\/vm6fr4whzn6.c.updraftclone.com\\\/fr_fr\\\/\",\"name\":\"Dreiym Engineering, PLLC\",\"description\":\"Electrical and Corrosion Experts\",\"inLanguage\":\"fr-FR\",\"publisher\":{\"@id\":\"https:\\\/\\\/vm6fr4whzn6.c.updraftclone.com\\\/fr_fr\\\/#organization\"}}]}\n\t\t<\/script>\n\t\t<!-- All in One SEO Pro -->\r\n\t\t<title>Protection &amp; Coordination \u00bb Dreiym Engineering PLLC<\/title>\n\n","aioseo_head_json":{"title":"Protection et coordination \" Dreiym Engineering PLLC","description":"Prot\u00e9gez votre r\u00e9seau \u00e9lectrique contre les d\u00e9fauts gr\u00e2ce \u00e0 l'analyse de coordination des dispositifs de protection de Dreiym Engineering1. Nous desservons le Texas et les \u00e9tats environnants.","canonical_url":"https:\/\/vm6fr4whzn6.c.updraftclone.com\/fr_fr\/domaines-de-consultation\/lenergie-electrique\/coordination-de-la-protection\/","robots":"noindex, nofollow, max-image-preview:large","keywords":"","webmasterTools":{"miscellaneous":""},"schema":{"@context":"https:\/\/schema.org","@graph":[{"@type":"BreadcrumbList","@id":"https:\/\/vm6fr4whzn6.c.updraftclone.com\/fr_fr\/domaines-de-consultation\/lenergie-electrique\/coordination-de-la-protection\/#breadcrumblist","itemListElement":[{"@type":"ListItem","@id":"https:\/\/vm6fr4whzn6.c.updraftclone.com\/fr_fr#listItem","position":1,"name":"Home","item":"https:\/\/vm6fr4whzn6.c.updraftclone.com\/fr_fr","nextItem":{"@type":"ListItem","@id":"https:\/\/vm6fr4whzn6.c.updraftclone.com\/fr_fr\/domaines-de-consultation\/#listItem","name":"Consulting Areas"}},{"@type":"ListItem","@id":"https:\/\/vm6fr4whzn6.c.updraftclone.com\/fr_fr\/domaines-de-consultation\/#listItem","position":2,"name":"Consulting Areas","item":"https:\/\/vm6fr4whzn6.c.updraftclone.com\/fr_fr\/domaines-de-consultation\/","nextItem":{"@type":"ListItem","@id":"https:\/\/vm6fr4whzn6.c.updraftclone.com\/fr_fr\/domaines-de-consultation\/lenergie-electrique\/#listItem","name":"Electrical &#038; Power"},"previousItem":{"@type":"ListItem","@id":"https:\/\/vm6fr4whzn6.c.updraftclone.com\/fr_fr#listItem","name":"Home"}},{"@type":"ListItem","@id":"https:\/\/vm6fr4whzn6.c.updraftclone.com\/fr_fr\/domaines-de-consultation\/lenergie-electrique\/#listItem","position":3,"name":"Electrical &#038; Power","item":"https:\/\/vm6fr4whzn6.c.updraftclone.com\/fr_fr\/domaines-de-consultation\/lenergie-electrique\/","nextItem":{"@type":"ListItem","@id":"https:\/\/vm6fr4whzn6.c.updraftclone.com\/fr_fr\/domaines-de-consultation\/lenergie-electrique\/coordination-de-la-protection\/#listItem","name":"Protection &#038; Coordination"},"previousItem":{"@type":"ListItem","@id":"https:\/\/vm6fr4whzn6.c.updraftclone.com\/fr_fr\/domaines-de-consultation\/#listItem","name":"Consulting Areas"}},{"@type":"ListItem","@id":"https:\/\/vm6fr4whzn6.c.updraftclone.com\/fr_fr\/domaines-de-consultation\/lenergie-electrique\/coordination-de-la-protection\/#listItem","position":4,"name":"Protection &#038; Coordination","previousItem":{"@type":"ListItem","@id":"https:\/\/vm6fr4whzn6.c.updraftclone.com\/fr_fr\/domaines-de-consultation\/lenergie-electrique\/#listItem","name":"Electrical &#038; Power"}}]},{"@type":"Organization","@id":"https:\/\/vm6fr4whzn6.c.updraftclone.com\/fr_fr\/#organization","name":"Dreiym Engineering PLLC","description":"Electrical and Corrosion Experts","url":"https:\/\/vm6fr4whzn6.c.updraftclone.com\/fr_fr\/","email":"contact@dreiym.com","telephone":"+18666216920","foundingDate":"2014-07-11","numberOfEmployees":{"@type":"QuantitativeValue","minValue":2,"maxValue":10},"logo":{"@type":"ImageObject","url":"https:\/\/vm6fr4whzn6.c.updraftclone.com\/wp-content\/uploads\/2023\/08\/logo.svg","@id":"https:\/\/vm6fr4whzn6.c.updraftclone.com\/fr_fr\/domaines-de-consultation\/lenergie-electrique\/coordination-de-la-protection\/#organizationLogo","width":272,"height":99},"image":{"@id":"https:\/\/vm6fr4whzn6.c.updraftclone.com\/fr_fr\/domaines-de-consultation\/lenergie-electrique\/coordination-de-la-protection\/#organizationLogo"},"sameAs":["https:\/\/www.linkedin.com\/company\/dreiym-engineering-pllc\/"],"address":{"@id":"https:\/\/vm6fr4whzn6.c.updraftclone.com\/fr_fr\/#postaladdress","@type":"PostalAddress","streetAddress":"2028 E Ben White Blvd, #240-1500","postalCode":"77331","addressLocality":"Austin","addressRegion":"Texas","addressCountry":"US"}},{"@type":"Service","@id":"https:\/\/vm6fr4whzn6.c.updraftclone.com\/fr_fr\/domaines-de-consultation\/lenergie-electrique\/coordination-de-la-protection\/#service","name":"Protection &#038; Coordination","provider":{"@type":"Organization","@id":"https:\/\/vm6fr4whzn6.c.updraftclone.com\/fr_fr\/#organization"}},{"@type":"WebPage","@id":"https:\/\/vm6fr4whzn6.c.updraftclone.com\/fr_fr\/domaines-de-consultation\/lenergie-electrique\/coordination-de-la-protection\/#webpage","url":"https:\/\/vm6fr4whzn6.c.updraftclone.com\/fr_fr\/domaines-de-consultation\/lenergie-electrique\/coordination-de-la-protection\/","name":"Protection & Coordination \u00bb Dreiym Engineering PLLC","description":"Protect your electrical network from faults with Dreiym Engineering\u2019s protective device coordination analysis1. We serve Texas and the surrounding states.","inLanguage":"fr-FR","isPartOf":{"@id":"https:\/\/vm6fr4whzn6.c.updraftclone.com\/fr_fr\/#website"},"breadcrumb":{"@id":"https:\/\/vm6fr4whzn6.c.updraftclone.com\/fr_fr\/domaines-de-consultation\/lenergie-electrique\/coordination-de-la-protection\/#breadcrumblist"},"datePublished":"2023-09-12T03:51:33-06:00","dateModified":"2024-02-29T14:58:25-06:00"},{"@type":"WebSite","@id":"https:\/\/vm6fr4whzn6.c.updraftclone.com\/fr_fr\/#website","url":"https:\/\/vm6fr4whzn6.c.updraftclone.com\/fr_fr\/","name":"Dreiym Engineering, PLLC","description":"Electrical and Corrosion Experts","inLanguage":"fr-FR","publisher":{"@id":"https:\/\/vm6fr4whzn6.c.updraftclone.com\/fr_fr\/#organization"}}]},"og:locale":"fr_FR","og:site_name":"Dreiym Engineering PLLC \u00bb Electrical and Corrosion Experts","og:type":"article","og:title":"Protection &amp; Coordination \u00bb Dreiym Engineering PLLC","og:description":"Protect your electrical network from faults with Dreiym Engineering\u2019s protective device coordination analysis1. We serve Texas and the surrounding states.","og:url":"https:\/\/vm6fr4whzn6.c.updraftclone.com\/fr_fr\/domaines-de-consultation\/lenergie-electrique\/coordination-de-la-protection\/","og:image":"https:\/\/vm6fr4whzn6.c.updraftclone.com\/wp-content\/uploads\/2024\/03\/Power-Plant.jpeg","og:image:secure_url":"https:\/\/vm6fr4whzn6.c.updraftclone.com\/wp-content\/uploads\/2024\/03\/Power-Plant.jpeg","og:image:width":6016,"og:image:height":4016,"article:published_time":"2023-09-12T03:51:33+00:00","article:modified_time":"2024-02-29T20:58:25+00:00"},"aioseo_meta_data":{"post_id":"2466","title":null,"description":"Prot\u00e9gez votre r\u00e9seau \u00e9lectrique contre les d\u00e9fauts gr\u00e2ce \u00e0 l'analyse de coordination des dispositifs de protection de Dreiym Engineering1. Nous desservons le Texas et les \u00e9tats environnants.","keywords":[],"keyphrases":{"focus":{"keyphrase":"","score":0,"analysis":{"keyphraseInTitle":{"score":0,"maxScore":9,"error":1}}},"additional":[]},"primary_term":null,"canonical_url":null,"og_title":null,"og_description":null,"og_object_type":"default","og_image_type":"default","og_image_url":null,"og_image_width":null,"og_image_height":null,"og_image_custom_url":null,"og_image_custom_fields":null,"og_video":"","og_custom_url":null,"og_article_section":null,"og_article_tags":[],"twitter_use_og":false,"twitter_card":"default","twitter_image_type":"default","twitter_image_url":null,"twitter_image_custom_url":null,"twitter_image_custom_fields":null,"twitter_title":null,"twitter_description":null,"schema":{"blockGraphs":[],"customGraphs":[],"default":{"data":{"Article":[],"Course":[],"Dataset":[],"FAQPage":[],"Movie":[],"Person":[],"Product":[],"ProductReview":[],"Car":[],"Recipe":[],"Service":[],"SoftwareApplication":[],"WebPage":[]},"graphName":"Service","isEnabled":true},"graphs":[]},"schema_type":"default","schema_type_options":null,"pillar_content":false,"robots_default":true,"robots_noindex":false,"robots_noarchive":false,"robots_nosnippet":false,"robots_nofollow":false,"robots_noimageindex":false,"robots_noodp":false,"robots_notranslate":false,"robots_max_snippet":"-1","robots_max_videopreview":"-1","robots_max_imagepreview":"large","priority":null,"frequency":"default","local_seo":null,"seo_analyzer_scan_date":"2025-08-14 16:29:59","breadcrumb_settings":null,"limit_modified_date":false,"reviewed_by":null,"open_ai":"{\"title\":{\"suggestions\":[],\"usage\":0},\"description\":{\"suggestions\":[],\"usage\":0}}","ai":null,"created":"2024-02-18 23:25:13","updated":"2025-10-21 20:57:18"},"aioseo_breadcrumb":"<div class=\"aioseo-breadcrumbs\"><span class=\"aioseo-breadcrumb\">\n\t<a href=\"https:\/\/vm6fr4whzn6.c.updraftclone.com\/fr_fr\" title=\"Home\">Home<\/a>\n<\/span><span class=\"aioseo-breadcrumb-separator\">\u00bb<\/span><span class=\"aioseo-breadcrumb\">\n\t<a href=\"https:\/\/vm6fr4whzn6.c.updraftclone.com\/fr_fr\/domaines-de-consultation\/\" title=\"Consulting Areas\">Consulting Areas<\/a>\n<\/span><span class=\"aioseo-breadcrumb-separator\">\u00bb<\/span><span class=\"aioseo-breadcrumb\">\n\t<a href=\"https:\/\/vm6fr4whzn6.c.updraftclone.com\/fr_fr\/domaines-de-consultation\/lenergie-electrique\/\" title=\"Electrical &amp; Power\">Electrical &amp; Power<\/a>\n<\/span><span class=\"aioseo-breadcrumb-separator\">\u00bb<\/span><span class=\"aioseo-breadcrumb\">\n\tProtection &amp; Coordination\n<\/span><\/div>","aioseo_breadcrumb_json":[{"label":"Home","link":"https:\/\/vm6fr4whzn6.c.updraftclone.com\/fr_fr"},{"label":"Consulting Areas","link":"https:\/\/vm6fr4whzn6.c.updraftclone.com\/fr_fr\/domaines-de-consultation\/"},{"label":"Electrical &#038; Power","link":"https:\/\/vm6fr4whzn6.c.updraftclone.com\/fr_fr\/domaines-de-consultation\/lenergie-electrique\/"},{"label":"Protection &#038; Coordination","link":"https:\/\/vm6fr4whzn6.c.updraftclone.com\/fr_fr\/domaines-de-consultation\/lenergie-electrique\/coordination-de-la-protection\/"}],"_links":{"self":[{"href":"https:\/\/vm6fr4whzn6.c.updraftclone.com\/fr_fr\/wp-json\/wp\/v2\/pages\/2466","targetHints":{"allow":["GET"]}}],"collection":[{"href":"https:\/\/vm6fr4whzn6.c.updraftclone.com\/fr_fr\/wp-json\/wp\/v2\/pages"}],"about":[{"href":"https:\/\/vm6fr4whzn6.c.updraftclone.com\/fr_fr\/wp-json\/wp\/v2\/types\/page"}],"author":[{"embeddable":true,"href":"https:\/\/vm6fr4whzn6.c.updraftclone.com\/fr_fr\/wp-json\/wp\/v2\/users\/8"}],"replies":[{"embeddable":true,"href":"https:\/\/vm6fr4whzn6.c.updraftclone.com\/fr_fr\/wp-json\/wp\/v2\/comments?post=2466"}],"version-history":[{"count":0,"href":"https:\/\/vm6fr4whzn6.c.updraftclone.com\/fr_fr\/wp-json\/wp\/v2\/pages\/2466\/revisions"}],"up":[{"embeddable":true,"href":"https:\/\/vm6fr4whzn6.c.updraftclone.com\/fr_fr\/wp-json\/wp\/v2\/pages\/2250"}],"wp:attachment":[{"href":"https:\/\/vm6fr4whzn6.c.updraftclone.com\/fr_fr\/wp-json\/wp\/v2\/media?parent=2466"}],"curies":[{"name":"wp","href":"https:\/\/api.w.org\/{rel}","templated":true}]}}