{"id":2452,"date":"2023-09-12T01:43:58","date_gmt":"2023-09-12T01:43:58","guid":{"rendered":"https:\/\/3.212.105.250\/?page_id=2452"},"modified":"2024-02-29T13:13:45","modified_gmt":"2024-02-29T19:13:45","slug":"bliskie-badania-interwalowe-cis","status":"publish","type":"page","link":"https:\/\/vm6fr4whzn6.c.updraftclone.com\/pl\/obszary-doradztwa\/korozja\/badania-potencjalu-ochrony-katodowej\/bliskie-badania-interwalowe-cis\/","title":{"rendered":"Co badania w kr\u00f3tkich odst\u0119pach czasu mog\u0105 zrobi\u0107 dla Pa\u0144stwa ochrony katodowej?"},"content":{"rendered":"","protected":false},"excerpt":{"rendered":"","protected":false},"author":8,"featured_media":0,"parent":2240,"menu_order":0,"comment_status":"closed","ping_status":"closed","template":"","meta":{"_acf_changed":false,"_mbp_gutenberg_autopost":false,"_pgmb_is_evergreen":true,"_pgmb_ap_template_id":0,"iawp_total_views":86,"footnotes":""},"class_list":["post-2452","page","type-page","status-publish","hentry"],"acf":[],"aioseo_notices":[],"aioseo_head":"\n\t\t<!-- All in One SEO Pro 4.9.6.2 - aioseo.com -->\n\t<meta name=\"description\" content=\"CIS can reveal hidden problems, provide a comprehensive baseline, and verify adherence to NACE standards. Dreiym Engineering LLC offers professional CIS servic\" \/>\n\t<meta name=\"robots\" content=\"noindex, nofollow, max-image-preview:large\" \/>\n\t<link rel=\"canonical\" href=\"https:\/\/vm6fr4whzn6.c.updraftclone.com\/pl\/obszary-doradztwa\/korozja\/badania-potencjalu-ochrony-katodowej\/bliskie-badania-interwalowe-cis\/\" \/>\n\t<meta name=\"generator\" content=\"All in One SEO Pro (AIOSEO) 4.9.6.2\" \/>\n\t\t<meta property=\"og:locale\" content=\"pl_PL\" \/>\n\t\t<meta property=\"og:site_name\" content=\"Dreiym Engineering PLLC \u00bb Electrical and Corrosion Experts\" \/>\n\t\t<meta property=\"og:type\" content=\"article\" \/>\n\t\t<meta property=\"og:title\" content=\"What Close Interval Surveys Can Do for Your Cathodic Protect\" \/>\n\t\t<meta property=\"og:description\" content=\"CIS can reveal hidden problems, provide a comprehensive baseline, and verify adherence to NACE standards. Dreiym Engineering LLC offers professional CIS servic\" \/>\n\t\t<meta property=\"og:url\" content=\"https:\/\/vm6fr4whzn6.c.updraftclone.com\/pl\/obszary-doradztwa\/korozja\/badania-potencjalu-ochrony-katodowej\/bliskie-badania-interwalowe-cis\/\" \/>\n\t\t<meta property=\"og:image\" content=\"https:\/\/vm6fr4whzn6.c.updraftclone.com\/wp-content\/uploads\/2024\/03\/Power-Plant.jpeg\" \/>\n\t\t<meta property=\"og:image:secure_url\" content=\"https:\/\/vm6fr4whzn6.c.updraftclone.com\/wp-content\/uploads\/2024\/03\/Power-Plant.jpeg\" \/>\n\t\t<meta property=\"og:image:width\" content=\"6016\" \/>\n\t\t<meta property=\"og:image:height\" content=\"4016\" \/>\n\t\t<meta property=\"article:published_time\" content=\"2023-09-12T01:43:58+00:00\" \/>\n\t\t<meta property=\"article:modified_time\" content=\"2024-02-29T19:13:45+00:00\" \/>\n\t\t<script type=\"application\/ld+json\" class=\"aioseo-schema\">\n\t\t\t{\"@context\":\"https:\\\/\\\/schema.org\",\"@graph\":[{\"@type\":\"BreadcrumbList\",\"@id\":\"https:\\\/\\\/vm6fr4whzn6.c.updraftclone.com\\\/pl\\\/obszary-doradztwa\\\/korozja\\\/badania-potencjalu-ochrony-katodowej\\\/bliskie-badania-interwalowe-cis\\\/#breadcrumblist\",\"itemListElement\":[{\"@type\":\"ListItem\",\"@id\":\"https:\\\/\\\/vm6fr4whzn6.c.updraftclone.com\\\/pl#listItem\",\"position\":1,\"name\":\"Home\",\"item\":\"https:\\\/\\\/vm6fr4whzn6.c.updraftclone.com\\\/pl\",\"nextItem\":{\"@type\":\"ListItem\",\"@id\":\"https:\\\/\\\/vm6fr4whzn6.c.updraftclone.com\\\/pl\\\/obszary-doradztwa\\\/#listItem\",\"name\":\"Consulting Areas\"}},{\"@type\":\"ListItem\",\"@id\":\"https:\\\/\\\/vm6fr4whzn6.c.updraftclone.com\\\/pl\\\/obszary-doradztwa\\\/#listItem\",\"position\":2,\"name\":\"Consulting Areas\",\"item\":\"https:\\\/\\\/vm6fr4whzn6.c.updraftclone.com\\\/pl\\\/obszary-doradztwa\\\/\",\"nextItem\":{\"@type\":\"ListItem\",\"@id\":\"https:\\\/\\\/vm6fr4whzn6.c.updraftclone.com\\\/pl\\\/obszary-doradztwa\\\/korozja\\\/#listItem\",\"name\":\"Corrosion\"},\"previousItem\":{\"@type\":\"ListItem\",\"@id\":\"https:\\\/\\\/vm6fr4whzn6.c.updraftclone.com\\\/pl#listItem\",\"name\":\"Home\"}},{\"@type\":\"ListItem\",\"@id\":\"https:\\\/\\\/vm6fr4whzn6.c.updraftclone.com\\\/pl\\\/obszary-doradztwa\\\/korozja\\\/#listItem\",\"position\":3,\"name\":\"Corrosion\",\"item\":\"https:\\\/\\\/vm6fr4whzn6.c.updraftclone.com\\\/pl\\\/obszary-doradztwa\\\/korozja\\\/\",\"nextItem\":{\"@type\":\"ListItem\",\"@id\":\"https:\\\/\\\/vm6fr4whzn6.c.updraftclone.com\\\/pl\\\/obszary-doradztwa\\\/korozja\\\/badania-potencjalu-ochrony-katodowej\\\/#listItem\",\"name\":\"Cathodic Protection Potential Surveys\"},\"previousItem\":{\"@type\":\"ListItem\",\"@id\":\"https:\\\/\\\/vm6fr4whzn6.c.updraftclone.com\\\/pl\\\/obszary-doradztwa\\\/#listItem\",\"name\":\"Consulting Areas\"}},{\"@type\":\"ListItem\",\"@id\":\"https:\\\/\\\/vm6fr4whzn6.c.updraftclone.com\\\/pl\\\/obszary-doradztwa\\\/korozja\\\/badania-potencjalu-ochrony-katodowej\\\/#listItem\",\"position\":4,\"name\":\"Cathodic Protection Potential Surveys\",\"item\":\"https:\\\/\\\/vm6fr4whzn6.c.updraftclone.com\\\/pl\\\/obszary-doradztwa\\\/korozja\\\/badania-potencjalu-ochrony-katodowej\\\/\",\"nextItem\":{\"@type\":\"ListItem\",\"@id\":\"https:\\\/\\\/vm6fr4whzn6.c.updraftclone.com\\\/pl\\\/obszary-doradztwa\\\/korozja\\\/badania-potencjalu-ochrony-katodowej\\\/bliskie-badania-interwalowe-cis\\\/#listItem\",\"name\":\"What Close Interval Surveys Can Do for Your Cathodic Protection\"},\"previousItem\":{\"@type\":\"ListItem\",\"@id\":\"https:\\\/\\\/vm6fr4whzn6.c.updraftclone.com\\\/pl\\\/obszary-doradztwa\\\/korozja\\\/#listItem\",\"name\":\"Corrosion\"}},{\"@type\":\"ListItem\",\"@id\":\"https:\\\/\\\/vm6fr4whzn6.c.updraftclone.com\\\/pl\\\/obszary-doradztwa\\\/korozja\\\/badania-potencjalu-ochrony-katodowej\\\/bliskie-badania-interwalowe-cis\\\/#listItem\",\"position\":5,\"name\":\"What Close Interval Surveys Can Do for Your Cathodic Protection\",\"previousItem\":{\"@type\":\"ListItem\",\"@id\":\"https:\\\/\\\/vm6fr4whzn6.c.updraftclone.com\\\/pl\\\/obszary-doradztwa\\\/korozja\\\/badania-potencjalu-ochrony-katodowej\\\/#listItem\",\"name\":\"Cathodic Protection Potential Surveys\"}}]},{\"@type\":\"Organization\",\"@id\":\"https:\\\/\\\/vm6fr4whzn6.c.updraftclone.com\\\/pl\\\/#organization\",\"name\":\"Dreiym Engineering PLLC\",\"description\":\"Electrical and Corrosion Experts\",\"url\":\"https:\\\/\\\/vm6fr4whzn6.c.updraftclone.com\\\/pl\\\/\",\"email\":\"contact@dreiym.com\",\"telephone\":\"+18666216920\",\"foundingDate\":\"2014-07-11\",\"numberOfEmployees\":{\"@type\":\"QuantitativeValue\",\"minValue\":2,\"maxValue\":10},\"logo\":{\"@type\":\"ImageObject\",\"url\":\"https:\\\/\\\/vm6fr4whzn6.c.updraftclone.com\\\/wp-content\\\/uploads\\\/2023\\\/08\\\/logo.svg\",\"@id\":\"https:\\\/\\\/vm6fr4whzn6.c.updraftclone.com\\\/pl\\\/obszary-doradztwa\\\/korozja\\\/badania-potencjalu-ochrony-katodowej\\\/bliskie-badania-interwalowe-cis\\\/#organizationLogo\",\"width\":272,\"height\":99},\"image\":{\"@id\":\"https:\\\/\\\/vm6fr4whzn6.c.updraftclone.com\\\/pl\\\/obszary-doradztwa\\\/korozja\\\/badania-potencjalu-ochrony-katodowej\\\/bliskie-badania-interwalowe-cis\\\/#organizationLogo\"},\"sameAs\":[\"https:\\\/\\\/www.linkedin.com\\\/company\\\/dreiym-engineering-pllc\\\/\"],\"address\":{\"@id\":\"https:\\\/\\\/vm6fr4whzn6.c.updraftclone.com\\\/pl\\\/#postaladdress\",\"@type\":\"PostalAddress\",\"streetAddress\":\"2028 E Ben White Blvd, #240-1500\",\"postalCode\":\"77331\",\"addressLocality\":\"Austin\",\"addressRegion\":\"Texas\",\"addressCountry\":\"US\"}},{\"@type\":\"Service\",\"@id\":\"https:\\\/\\\/vm6fr4whzn6.c.updraftclone.com\\\/pl\\\/obszary-doradztwa\\\/korozja\\\/badania-potencjalu-ochrony-katodowej\\\/bliskie-badania-interwalowe-cis\\\/#service\",\"name\":\"What Close Interval Surveys Can Do for Your Cathodic Protection\",\"provider\":{\"@type\":\"Organization\",\"@id\":\"https:\\\/\\\/vm6fr4whzn6.c.updraftclone.com\\\/pl\\\/#organization\"}},{\"@type\":\"WebPage\",\"@id\":\"https:\\\/\\\/vm6fr4whzn6.c.updraftclone.com\\\/pl\\\/obszary-doradztwa\\\/korozja\\\/badania-potencjalu-ochrony-katodowej\\\/bliskie-badania-interwalowe-cis\\\/#webpage\",\"url\":\"https:\\\/\\\/vm6fr4whzn6.c.updraftclone.com\\\/pl\\\/obszary-doradztwa\\\/korozja\\\/badania-potencjalu-ochrony-katodowej\\\/bliskie-badania-interwalowe-cis\\\/\",\"name\":\"What Close Interval Surveys Can Do for Your Cathodic Protect\",\"description\":\"CIS can reveal hidden problems, provide a comprehensive baseline, and verify adherence to NACE standards. Dreiym Engineering LLC offers professional CIS servic\",\"inLanguage\":\"pl-PL\",\"isPartOf\":{\"@id\":\"https:\\\/\\\/vm6fr4whzn6.c.updraftclone.com\\\/pl\\\/#website\"},\"breadcrumb\":{\"@id\":\"https:\\\/\\\/vm6fr4whzn6.c.updraftclone.com\\\/pl\\\/obszary-doradztwa\\\/korozja\\\/badania-potencjalu-ochrony-katodowej\\\/bliskie-badania-interwalowe-cis\\\/#breadcrumblist\"},\"datePublished\":\"2023-09-12T01:43:58-06:00\",\"dateModified\":\"2024-02-29T13:13:45-06:00\"},{\"@type\":\"WebSite\",\"@id\":\"https:\\\/\\\/vm6fr4whzn6.c.updraftclone.com\\\/pl\\\/#website\",\"url\":\"https:\\\/\\\/vm6fr4whzn6.c.updraftclone.com\\\/pl\\\/\",\"name\":\"Dreiym Engineering, PLLC\",\"description\":\"Electrical and Corrosion Experts\",\"inLanguage\":\"pl-PL\",\"publisher\":{\"@id\":\"https:\\\/\\\/vm6fr4whzn6.c.updraftclone.com\\\/pl\\\/#organization\"}}]}\n\t\t<\/script>\n\t\t<!-- All in One SEO Pro -->\r\n\t\t<title>What Close Interval Surveys Can Do for Your Cathodic Protect<\/title>\n\n","aioseo_head_json":{"title":"Co badania w kr\u00f3tkich odst\u0119pach czasu mog\u0105 zrobi\u0107 dla Pa\u0144stwa ochrony katodowej?","description":"CIS mo\u017ce ujawni\u0107 ukryte problemy, zapewni\u0107 kompleksow\u0105 lini\u0119 bazow\u0105 i zweryfikowa\u0107 zgodno\u015b\u0107 z normami NACE. Dreiym Engineering LLC oferuje profesjonalne us\u0142ugi CIS.","canonical_url":"https:\/\/vm6fr4whzn6.c.updraftclone.com\/pl\/obszary-doradztwa\/korozja\/badania-potencjalu-ochrony-katodowej\/bliskie-badania-interwalowe-cis\/","robots":"noindex, nofollow, max-image-preview:large","keywords":"","webmasterTools":{"miscellaneous":""},"schema":{"@context":"https:\/\/schema.org","@graph":[{"@type":"BreadcrumbList","@id":"https:\/\/vm6fr4whzn6.c.updraftclone.com\/pl\/obszary-doradztwa\/korozja\/badania-potencjalu-ochrony-katodowej\/bliskie-badania-interwalowe-cis\/#breadcrumblist","itemListElement":[{"@type":"ListItem","@id":"https:\/\/vm6fr4whzn6.c.updraftclone.com\/pl#listItem","position":1,"name":"Home","item":"https:\/\/vm6fr4whzn6.c.updraftclone.com\/pl","nextItem":{"@type":"ListItem","@id":"https:\/\/vm6fr4whzn6.c.updraftclone.com\/pl\/obszary-doradztwa\/#listItem","name":"Consulting Areas"}},{"@type":"ListItem","@id":"https:\/\/vm6fr4whzn6.c.updraftclone.com\/pl\/obszary-doradztwa\/#listItem","position":2,"name":"Consulting Areas","item":"https:\/\/vm6fr4whzn6.c.updraftclone.com\/pl\/obszary-doradztwa\/","nextItem":{"@type":"ListItem","@id":"https:\/\/vm6fr4whzn6.c.updraftclone.com\/pl\/obszary-doradztwa\/korozja\/#listItem","name":"Corrosion"},"previousItem":{"@type":"ListItem","@id":"https:\/\/vm6fr4whzn6.c.updraftclone.com\/pl#listItem","name":"Home"}},{"@type":"ListItem","@id":"https:\/\/vm6fr4whzn6.c.updraftclone.com\/pl\/obszary-doradztwa\/korozja\/#listItem","position":3,"name":"Corrosion","item":"https:\/\/vm6fr4whzn6.c.updraftclone.com\/pl\/obszary-doradztwa\/korozja\/","nextItem":{"@type":"ListItem","@id":"https:\/\/vm6fr4whzn6.c.updraftclone.com\/pl\/obszary-doradztwa\/korozja\/badania-potencjalu-ochrony-katodowej\/#listItem","name":"Cathodic Protection Potential Surveys"},"previousItem":{"@type":"ListItem","@id":"https:\/\/vm6fr4whzn6.c.updraftclone.com\/pl\/obszary-doradztwa\/#listItem","name":"Consulting Areas"}},{"@type":"ListItem","@id":"https:\/\/vm6fr4whzn6.c.updraftclone.com\/pl\/obszary-doradztwa\/korozja\/badania-potencjalu-ochrony-katodowej\/#listItem","position":4,"name":"Cathodic Protection Potential Surveys","item":"https:\/\/vm6fr4whzn6.c.updraftclone.com\/pl\/obszary-doradztwa\/korozja\/badania-potencjalu-ochrony-katodowej\/","nextItem":{"@type":"ListItem","@id":"https:\/\/vm6fr4whzn6.c.updraftclone.com\/pl\/obszary-doradztwa\/korozja\/badania-potencjalu-ochrony-katodowej\/bliskie-badania-interwalowe-cis\/#listItem","name":"What Close Interval Surveys Can Do for Your Cathodic Protection"},"previousItem":{"@type":"ListItem","@id":"https:\/\/vm6fr4whzn6.c.updraftclone.com\/pl\/obszary-doradztwa\/korozja\/#listItem","name":"Corrosion"}},{"@type":"ListItem","@id":"https:\/\/vm6fr4whzn6.c.updraftclone.com\/pl\/obszary-doradztwa\/korozja\/badania-potencjalu-ochrony-katodowej\/bliskie-badania-interwalowe-cis\/#listItem","position":5,"name":"What Close Interval Surveys Can Do for Your Cathodic Protection","previousItem":{"@type":"ListItem","@id":"https:\/\/vm6fr4whzn6.c.updraftclone.com\/pl\/obszary-doradztwa\/korozja\/badania-potencjalu-ochrony-katodowej\/#listItem","name":"Cathodic Protection Potential Surveys"}}]},{"@type":"Organization","@id":"https:\/\/vm6fr4whzn6.c.updraftclone.com\/pl\/#organization","name":"Dreiym Engineering PLLC","description":"Electrical and Corrosion Experts","url":"https:\/\/vm6fr4whzn6.c.updraftclone.com\/pl\/","email":"contact@dreiym.com","telephone":"+18666216920","foundingDate":"2014-07-11","numberOfEmployees":{"@type":"QuantitativeValue","minValue":2,"maxValue":10},"logo":{"@type":"ImageObject","url":"https:\/\/vm6fr4whzn6.c.updraftclone.com\/wp-content\/uploads\/2023\/08\/logo.svg","@id":"https:\/\/vm6fr4whzn6.c.updraftclone.com\/pl\/obszary-doradztwa\/korozja\/badania-potencjalu-ochrony-katodowej\/bliskie-badania-interwalowe-cis\/#organizationLogo","width":272,"height":99},"image":{"@id":"https:\/\/vm6fr4whzn6.c.updraftclone.com\/pl\/obszary-doradztwa\/korozja\/badania-potencjalu-ochrony-katodowej\/bliskie-badania-interwalowe-cis\/#organizationLogo"},"sameAs":["https:\/\/www.linkedin.com\/company\/dreiym-engineering-pllc\/"],"address":{"@id":"https:\/\/vm6fr4whzn6.c.updraftclone.com\/pl\/#postaladdress","@type":"PostalAddress","streetAddress":"2028 E Ben White Blvd, #240-1500","postalCode":"77331","addressLocality":"Austin","addressRegion":"Texas","addressCountry":"US"}},{"@type":"Service","@id":"https:\/\/vm6fr4whzn6.c.updraftclone.com\/pl\/obszary-doradztwa\/korozja\/badania-potencjalu-ochrony-katodowej\/bliskie-badania-interwalowe-cis\/#service","name":"What Close Interval Surveys Can Do for Your Cathodic Protection","provider":{"@type":"Organization","@id":"https:\/\/vm6fr4whzn6.c.updraftclone.com\/pl\/#organization"}},{"@type":"WebPage","@id":"https:\/\/vm6fr4whzn6.c.updraftclone.com\/pl\/obszary-doradztwa\/korozja\/badania-potencjalu-ochrony-katodowej\/bliskie-badania-interwalowe-cis\/#webpage","url":"https:\/\/vm6fr4whzn6.c.updraftclone.com\/pl\/obszary-doradztwa\/korozja\/badania-potencjalu-ochrony-katodowej\/bliskie-badania-interwalowe-cis\/","name":"What Close Interval Surveys Can Do for Your Cathodic Protect","description":"CIS can reveal hidden problems, provide a comprehensive baseline, and verify adherence to NACE standards. Dreiym Engineering LLC offers professional CIS servic","inLanguage":"pl-PL","isPartOf":{"@id":"https:\/\/vm6fr4whzn6.c.updraftclone.com\/pl\/#website"},"breadcrumb":{"@id":"https:\/\/vm6fr4whzn6.c.updraftclone.com\/pl\/obszary-doradztwa\/korozja\/badania-potencjalu-ochrony-katodowej\/bliskie-badania-interwalowe-cis\/#breadcrumblist"},"datePublished":"2023-09-12T01:43:58-06:00","dateModified":"2024-02-29T13:13:45-06:00"},{"@type":"WebSite","@id":"https:\/\/vm6fr4whzn6.c.updraftclone.com\/pl\/#website","url":"https:\/\/vm6fr4whzn6.c.updraftclone.com\/pl\/","name":"Dreiym Engineering, PLLC","description":"Electrical and Corrosion Experts","inLanguage":"pl-PL","publisher":{"@id":"https:\/\/vm6fr4whzn6.c.updraftclone.com\/pl\/#organization"}}]},"og:locale":"pl_PL","og:site_name":"Dreiym Engineering PLLC \u00bb Electrical and Corrosion Experts","og:type":"article","og:title":"What Close Interval Surveys Can Do for Your Cathodic Protect","og:description":"CIS can reveal hidden problems, provide a comprehensive baseline, and verify adherence to NACE standards. Dreiym Engineering LLC offers professional CIS servic","og:url":"https:\/\/vm6fr4whzn6.c.updraftclone.com\/pl\/obszary-doradztwa\/korozja\/badania-potencjalu-ochrony-katodowej\/bliskie-badania-interwalowe-cis\/","og:image":"https:\/\/vm6fr4whzn6.c.updraftclone.com\/wp-content\/uploads\/2024\/03\/Power-Plant.jpeg","og:image:secure_url":"https:\/\/vm6fr4whzn6.c.updraftclone.com\/wp-content\/uploads\/2024\/03\/Power-Plant.jpeg","og:image:width":6016,"og:image:height":4016,"article:published_time":"2023-09-12T01:43:58+00:00","article:modified_time":"2024-02-29T19:13:45+00:00"},"aioseo_meta_data":{"post_id":"2452","title":null,"description":"CIS mo\u017ce ujawni\u0107 ukryte problemy, zapewni\u0107 kompleksow\u0105 lini\u0119 bazow\u0105 i zweryfikowa\u0107 zgodno\u015b\u0107 z normami NACE. Dreiym Engineering LLC oferuje profesjonalne us\u0142ugi CIS w Teksasie i innych regionach.","keywords":[],"keyphrases":{"focus":{"keyphrase":"","score":0,"analysis":{"keyphraseInTitle":{"score":0,"maxScore":9,"error":1}}},"additional":[]},"primary_term":null,"canonical_url":null,"og_title":null,"og_description":null,"og_object_type":"default","og_image_type":"default","og_image_url":null,"og_image_width":null,"og_image_height":null,"og_image_custom_url":null,"og_image_custom_fields":null,"og_video":"","og_custom_url":null,"og_article_section":null,"og_article_tags":[],"twitter_use_og":false,"twitter_card":"default","twitter_image_type":"default","twitter_image_url":null,"twitter_image_custom_url":null,"twitter_image_custom_fields":null,"twitter_title":null,"twitter_description":null,"schema":{"blockGraphs":[],"customGraphs":[],"default":{"data":{"Article":[],"Course":[],"Dataset":[],"FAQPage":[],"Movie":[],"Person":[],"Product":[],"ProductReview":[],"Car":[],"Recipe":[],"Service":[],"SoftwareApplication":[],"WebPage":[]},"graphName":"Service","isEnabled":true},"graphs":[]},"schema_type":"default","schema_type_options":null,"pillar_content":false,"robots_default":true,"robots_noindex":false,"robots_noarchive":false,"robots_nosnippet":false,"robots_nofollow":false,"robots_noimageindex":false,"robots_noodp":false,"robots_notranslate":false,"robots_max_snippet":"-1","robots_max_videopreview":"-1","robots_max_imagepreview":"large","priority":null,"frequency":"default","local_seo":null,"seo_analyzer_scan_date":"2025-08-14 16:21:27","breadcrumb_settings":null,"limit_modified_date":false,"reviewed_by":null,"open_ai":"{\"title\":{\"suggestions\":[],\"usage\":0},\"description\":{\"suggestions\":[],\"usage\":0}}","ai":null,"created":"2024-02-18 23:25:13","updated":"2025-10-21 20:57:18"},"aioseo_breadcrumb":"<div class=\"aioseo-breadcrumbs\"><span class=\"aioseo-breadcrumb\">\n\t<a href=\"https:\/\/vm6fr4whzn6.c.updraftclone.com\/pl\" title=\"Home\">Home<\/a>\n<\/span><span class=\"aioseo-breadcrumb-separator\">\u00bb<\/span><span class=\"aioseo-breadcrumb\">\n\t<a href=\"https:\/\/vm6fr4whzn6.c.updraftclone.com\/pl\/obszary-doradztwa\/\" title=\"Consulting Areas\">Consulting Areas<\/a>\n<\/span><span class=\"aioseo-breadcrumb-separator\">\u00bb<\/span><span class=\"aioseo-breadcrumb\">\n\t<a href=\"https:\/\/vm6fr4whzn6.c.updraftclone.com\/pl\/obszary-doradztwa\/korozja\/\" title=\"Corrosion\">Corrosion<\/a>\n<\/span><span class=\"aioseo-breadcrumb-separator\">\u00bb<\/span><span class=\"aioseo-breadcrumb\">\n\t<a href=\"https:\/\/vm6fr4whzn6.c.updraftclone.com\/pl\/obszary-doradztwa\/korozja\/badania-potencjalu-ochrony-katodowej\/\" title=\"Cathodic Protection Potential Surveys\">Cathodic Protection Potential Surveys<\/a>\n<\/span><span class=\"aioseo-breadcrumb-separator\">\u00bb<\/span><span class=\"aioseo-breadcrumb\">\n\tWhat Close Interval Surveys Can Do for Your Cathodic Protection\n<\/span><\/div>","aioseo_breadcrumb_json":[{"label":"Home","link":"https:\/\/vm6fr4whzn6.c.updraftclone.com\/pl"},{"label":"Consulting Areas","link":"https:\/\/vm6fr4whzn6.c.updraftclone.com\/pl\/obszary-doradztwa\/"},{"label":"Corrosion","link":"https:\/\/vm6fr4whzn6.c.updraftclone.com\/pl\/obszary-doradztwa\/korozja\/"},{"label":"Cathodic Protection Potential Surveys","link":"https:\/\/vm6fr4whzn6.c.updraftclone.com\/pl\/obszary-doradztwa\/korozja\/badania-potencjalu-ochrony-katodowej\/"},{"label":"What Close Interval Surveys Can Do for Your Cathodic Protection","link":"https:\/\/vm6fr4whzn6.c.updraftclone.com\/pl\/obszary-doradztwa\/korozja\/badania-potencjalu-ochrony-katodowej\/bliskie-badania-interwalowe-cis\/"}],"_links":{"self":[{"href":"https:\/\/vm6fr4whzn6.c.updraftclone.com\/pl\/wp-json\/wp\/v2\/pages\/2452","targetHints":{"allow":["GET"]}}],"collection":[{"href":"https:\/\/vm6fr4whzn6.c.updraftclone.com\/pl\/wp-json\/wp\/v2\/pages"}],"about":[{"href":"https:\/\/vm6fr4whzn6.c.updraftclone.com\/pl\/wp-json\/wp\/v2\/types\/page"}],"author":[{"embeddable":true,"href":"https:\/\/vm6fr4whzn6.c.updraftclone.com\/pl\/wp-json\/wp\/v2\/users\/8"}],"replies":[{"embeddable":true,"href":"https:\/\/vm6fr4whzn6.c.updraftclone.com\/pl\/wp-json\/wp\/v2\/comments?post=2452"}],"version-history":[{"count":0,"href":"https:\/\/vm6fr4whzn6.c.updraftclone.com\/pl\/wp-json\/wp\/v2\/pages\/2452\/revisions"}],"up":[{"embeddable":true,"href":"https:\/\/vm6fr4whzn6.c.updraftclone.com\/pl\/wp-json\/wp\/v2\/pages\/2240"}],"wp:attachment":[{"href":"https:\/\/vm6fr4whzn6.c.updraftclone.com\/pl\/wp-json\/wp\/v2\/media?parent=2452"}],"curies":[{"name":"wp","href":"https:\/\/api.w.org\/{rel}","templated":true}]}}