{"id":4370,"date":"2024-02-28T18:05:15","date_gmt":"2024-02-29T00:05:15","guid":{"rendered":"https:\/\/www.dreiym.com\/?page_id=4370"},"modified":"2024-02-29T15:25:35","modified_gmt":"2024-02-29T21:25:35","slug":"analys-av-elektriska-fel","status":"publish","type":"page","link":"https:\/\/vm6fr4whzn6.c.updraftclone.com\/sv\/konsultomraden\/kriminalteknisk-radgivning\/analys-av-elektriska-fel\/","title":{"rendered":"Analys av elektriska fel"},"content":{"rendered":"","protected":false},"excerpt":{"rendered":"","protected":false},"author":2,"featured_media":0,"parent":2251,"menu_order":0,"comment_status":"closed","ping_status":"closed","template":"","meta":{"_acf_changed":false,"_mbp_gutenberg_autopost":false,"_pgmb_is_evergreen":true,"_pgmb_ap_template_id":0,"iawp_total_views":39,"footnotes":""},"class_list":["post-4370","page","type-page","status-publish","hentry"],"acf":[],"aioseo_notices":[],"aioseo_head":"\n\t\t<!-- All in One SEO Pro 4.9.6.2 - aioseo.com -->\n\t<meta name=\"description\" content=\"Electrical failures can have serious consequences. Trust Dreiym Engineering to provide forensic electrical engineering expertise for your case. Electrical fail\" \/>\n\t<meta name=\"robots\" content=\"noindex, nofollow, max-image-preview:large\" \/>\n\t<link rel=\"canonical\" href=\"https:\/\/vm6fr4whzn6.c.updraftclone.com\/sv\/konsultomraden\/kriminalteknisk-radgivning\/analys-av-elektriska-fel\/\" \/>\n\t<meta name=\"generator\" content=\"All in One SEO Pro (AIOSEO) 4.9.6.2\" \/>\n\t\t<meta property=\"og:locale\" content=\"sv_SE\" \/>\n\t\t<meta property=\"og:site_name\" content=\"Dreiym Engineering PLLC \u00bb Electrical and Corrosion Experts\" \/>\n\t\t<meta property=\"og:type\" content=\"article\" \/>\n\t\t<meta property=\"og:title\" content=\"Electrical Failure Analysis \u00bb Dreiym Engineering PLLC\" \/>\n\t\t<meta property=\"og:description\" content=\"Electrical failures can have serious consequences. Trust Dreiym Engineering to provide forensic electrical engineering expertise for your case. Electrical fail\" \/>\n\t\t<meta property=\"og:url\" content=\"https:\/\/vm6fr4whzn6.c.updraftclone.com\/sv\/konsultomraden\/kriminalteknisk-radgivning\/analys-av-elektriska-fel\/\" \/>\n\t\t<meta property=\"og:image\" content=\"https:\/\/vm6fr4whzn6.c.updraftclone.com\/wp-content\/uploads\/2024\/03\/Power-Plant.jpeg\" \/>\n\t\t<meta property=\"og:image:secure_url\" content=\"https:\/\/vm6fr4whzn6.c.updraftclone.com\/wp-content\/uploads\/2024\/03\/Power-Plant.jpeg\" \/>\n\t\t<meta property=\"og:image:width\" content=\"6016\" \/>\n\t\t<meta property=\"og:image:height\" content=\"4016\" \/>\n\t\t<meta property=\"article:published_time\" content=\"2024-02-29T00:05:15+00:00\" \/>\n\t\t<meta property=\"article:modified_time\" content=\"2024-02-29T21:25:35+00:00\" \/>\n\t\t<script type=\"application\/ld+json\" class=\"aioseo-schema\">\n\t\t\t{\"@context\":\"https:\\\/\\\/schema.org\",\"@graph\":[{\"@type\":\"BreadcrumbList\",\"@id\":\"https:\\\/\\\/vm6fr4whzn6.c.updraftclone.com\\\/sv\\\/konsultomraden\\\/kriminalteknisk-radgivning\\\/analys-av-elektriska-fel\\\/#breadcrumblist\",\"itemListElement\":[{\"@type\":\"ListItem\",\"@id\":\"https:\\\/\\\/vm6fr4whzn6.c.updraftclone.com\\\/sv#listItem\",\"position\":1,\"name\":\"Home\",\"item\":\"https:\\\/\\\/vm6fr4whzn6.c.updraftclone.com\\\/sv\",\"nextItem\":{\"@type\":\"ListItem\",\"@id\":\"https:\\\/\\\/vm6fr4whzn6.c.updraftclone.com\\\/sv\\\/konsultomraden\\\/#listItem\",\"name\":\"Consulting Areas\"}},{\"@type\":\"ListItem\",\"@id\":\"https:\\\/\\\/vm6fr4whzn6.c.updraftclone.com\\\/sv\\\/konsultomraden\\\/#listItem\",\"position\":2,\"name\":\"Consulting Areas\",\"item\":\"https:\\\/\\\/vm6fr4whzn6.c.updraftclone.com\\\/sv\\\/konsultomraden\\\/\",\"nextItem\":{\"@type\":\"ListItem\",\"@id\":\"https:\\\/\\\/vm6fr4whzn6.c.updraftclone.com\\\/sv\\\/konsultomraden\\\/kriminalteknisk-radgivning\\\/#listItem\",\"name\":\"Forensic Consulting\"},\"previousItem\":{\"@type\":\"ListItem\",\"@id\":\"https:\\\/\\\/vm6fr4whzn6.c.updraftclone.com\\\/sv#listItem\",\"name\":\"Home\"}},{\"@type\":\"ListItem\",\"@id\":\"https:\\\/\\\/vm6fr4whzn6.c.updraftclone.com\\\/sv\\\/konsultomraden\\\/kriminalteknisk-radgivning\\\/#listItem\",\"position\":3,\"name\":\"Forensic Consulting\",\"item\":\"https:\\\/\\\/vm6fr4whzn6.c.updraftclone.com\\\/sv\\\/konsultomraden\\\/kriminalteknisk-radgivning\\\/\",\"nextItem\":{\"@type\":\"ListItem\",\"@id\":\"https:\\\/\\\/vm6fr4whzn6.c.updraftclone.com\\\/sv\\\/konsultomraden\\\/kriminalteknisk-radgivning\\\/analys-av-elektriska-fel\\\/#listItem\",\"name\":\"Electrical Failure Analysis\"},\"previousItem\":{\"@type\":\"ListItem\",\"@id\":\"https:\\\/\\\/vm6fr4whzn6.c.updraftclone.com\\\/sv\\\/konsultomraden\\\/#listItem\",\"name\":\"Consulting Areas\"}},{\"@type\":\"ListItem\",\"@id\":\"https:\\\/\\\/vm6fr4whzn6.c.updraftclone.com\\\/sv\\\/konsultomraden\\\/kriminalteknisk-radgivning\\\/analys-av-elektriska-fel\\\/#listItem\",\"position\":4,\"name\":\"Electrical Failure Analysis\",\"previousItem\":{\"@type\":\"ListItem\",\"@id\":\"https:\\\/\\\/vm6fr4whzn6.c.updraftclone.com\\\/sv\\\/konsultomraden\\\/kriminalteknisk-radgivning\\\/#listItem\",\"name\":\"Forensic Consulting\"}}]},{\"@type\":\"Organization\",\"@id\":\"https:\\\/\\\/vm6fr4whzn6.c.updraftclone.com\\\/sv\\\/#organization\",\"name\":\"Dreiym Engineering PLLC\",\"description\":\"Electrical and Corrosion Experts\",\"url\":\"https:\\\/\\\/vm6fr4whzn6.c.updraftclone.com\\\/sv\\\/\",\"email\":\"contact@dreiym.com\",\"telephone\":\"+18666216920\",\"foundingDate\":\"2014-07-11\",\"numberOfEmployees\":{\"@type\":\"QuantitativeValue\",\"minValue\":2,\"maxValue\":10},\"logo\":{\"@type\":\"ImageObject\",\"url\":\"https:\\\/\\\/vm6fr4whzn6.c.updraftclone.com\\\/wp-content\\\/uploads\\\/2023\\\/08\\\/logo.svg\",\"@id\":\"https:\\\/\\\/vm6fr4whzn6.c.updraftclone.com\\\/sv\\\/konsultomraden\\\/kriminalteknisk-radgivning\\\/analys-av-elektriska-fel\\\/#organizationLogo\",\"width\":272,\"height\":99},\"image\":{\"@id\":\"https:\\\/\\\/vm6fr4whzn6.c.updraftclone.com\\\/sv\\\/konsultomraden\\\/kriminalteknisk-radgivning\\\/analys-av-elektriska-fel\\\/#organizationLogo\"},\"sameAs\":[\"https:\\\/\\\/www.linkedin.com\\\/company\\\/dreiym-engineering-pllc\\\/\"],\"address\":{\"@id\":\"https:\\\/\\\/vm6fr4whzn6.c.updraftclone.com\\\/sv\\\/#postaladdress\",\"@type\":\"PostalAddress\",\"streetAddress\":\"2028 E Ben White Blvd, #240-1500\",\"postalCode\":\"77331\",\"addressLocality\":\"Austin\",\"addressRegion\":\"Texas\",\"addressCountry\":\"US\"}},{\"@type\":\"Service\",\"@id\":\"https:\\\/\\\/vm6fr4whzn6.c.updraftclone.com\\\/sv\\\/konsultomraden\\\/kriminalteknisk-radgivning\\\/analys-av-elektriska-fel\\\/#service\",\"name\":\"Electrical Failure Analysis\",\"provider\":{\"@type\":\"Organization\",\"@id\":\"https:\\\/\\\/vm6fr4whzn6.c.updraftclone.com\\\/sv\\\/#organization\"}},{\"@type\":\"WebPage\",\"@id\":\"https:\\\/\\\/vm6fr4whzn6.c.updraftclone.com\\\/sv\\\/konsultomraden\\\/kriminalteknisk-radgivning\\\/analys-av-elektriska-fel\\\/#webpage\",\"url\":\"https:\\\/\\\/vm6fr4whzn6.c.updraftclone.com\\\/sv\\\/konsultomraden\\\/kriminalteknisk-radgivning\\\/analys-av-elektriska-fel\\\/\",\"name\":\"Electrical Failure Analysis \\u00bb Dreiym Engineering PLLC\",\"description\":\"Electrical failures can have serious consequences. Trust Dreiym Engineering to provide forensic electrical engineering expertise for your case. Electrical fail\",\"inLanguage\":\"sv-SE\",\"isPartOf\":{\"@id\":\"https:\\\/\\\/vm6fr4whzn6.c.updraftclone.com\\\/sv\\\/#website\"},\"breadcrumb\":{\"@id\":\"https:\\\/\\\/vm6fr4whzn6.c.updraftclone.com\\\/sv\\\/konsultomraden\\\/kriminalteknisk-radgivning\\\/analys-av-elektriska-fel\\\/#breadcrumblist\"},\"datePublished\":\"2024-02-28T18:05:15-06:00\",\"dateModified\":\"2024-02-29T15:25:35-06:00\"},{\"@type\":\"WebSite\",\"@id\":\"https:\\\/\\\/vm6fr4whzn6.c.updraftclone.com\\\/sv\\\/#website\",\"url\":\"https:\\\/\\\/vm6fr4whzn6.c.updraftclone.com\\\/sv\\\/\",\"name\":\"Dreiym Engineering, PLLC\",\"description\":\"Electrical and Corrosion Experts\",\"inLanguage\":\"sv-SE\",\"publisher\":{\"@id\":\"https:\\\/\\\/vm6fr4whzn6.c.updraftclone.com\\\/sv\\\/#organization\"}}]}\n\t\t<\/script>\n\t\t<!-- All in One SEO Pro -->\r\n\t\t<title>Electrical Failure Analysis \u00bb Dreiym Engineering PLLC<\/title>\n\n","aioseo_head_json":{"title":"Analys av elektriska fel \" Dreiym Engineering PLLC","description":"Elektriska fel kan f\u00e5 allvarliga konsekvenser. Lita p\u00e5 att Dreiym Engineering tillhandah\u00e5ller kriminalteknisk expertis inom elteknik f\u00f6r ditt fall. Elektriskt fel","canonical_url":"https:\/\/vm6fr4whzn6.c.updraftclone.com\/sv\/konsultomraden\/kriminalteknisk-radgivning\/analys-av-elektriska-fel\/","robots":"noindex, nofollow, max-image-preview:large","keywords":"","webmasterTools":{"miscellaneous":""},"schema":{"@context":"https:\/\/schema.org","@graph":[{"@type":"BreadcrumbList","@id":"https:\/\/vm6fr4whzn6.c.updraftclone.com\/sv\/konsultomraden\/kriminalteknisk-radgivning\/analys-av-elektriska-fel\/#breadcrumblist","itemListElement":[{"@type":"ListItem","@id":"https:\/\/vm6fr4whzn6.c.updraftclone.com\/sv#listItem","position":1,"name":"Home","item":"https:\/\/vm6fr4whzn6.c.updraftclone.com\/sv","nextItem":{"@type":"ListItem","@id":"https:\/\/vm6fr4whzn6.c.updraftclone.com\/sv\/konsultomraden\/#listItem","name":"Consulting Areas"}},{"@type":"ListItem","@id":"https:\/\/vm6fr4whzn6.c.updraftclone.com\/sv\/konsultomraden\/#listItem","position":2,"name":"Consulting Areas","item":"https:\/\/vm6fr4whzn6.c.updraftclone.com\/sv\/konsultomraden\/","nextItem":{"@type":"ListItem","@id":"https:\/\/vm6fr4whzn6.c.updraftclone.com\/sv\/konsultomraden\/kriminalteknisk-radgivning\/#listItem","name":"Forensic Consulting"},"previousItem":{"@type":"ListItem","@id":"https:\/\/vm6fr4whzn6.c.updraftclone.com\/sv#listItem","name":"Home"}},{"@type":"ListItem","@id":"https:\/\/vm6fr4whzn6.c.updraftclone.com\/sv\/konsultomraden\/kriminalteknisk-radgivning\/#listItem","position":3,"name":"Forensic Consulting","item":"https:\/\/vm6fr4whzn6.c.updraftclone.com\/sv\/konsultomraden\/kriminalteknisk-radgivning\/","nextItem":{"@type":"ListItem","@id":"https:\/\/vm6fr4whzn6.c.updraftclone.com\/sv\/konsultomraden\/kriminalteknisk-radgivning\/analys-av-elektriska-fel\/#listItem","name":"Electrical Failure Analysis"},"previousItem":{"@type":"ListItem","@id":"https:\/\/vm6fr4whzn6.c.updraftclone.com\/sv\/konsultomraden\/#listItem","name":"Consulting Areas"}},{"@type":"ListItem","@id":"https:\/\/vm6fr4whzn6.c.updraftclone.com\/sv\/konsultomraden\/kriminalteknisk-radgivning\/analys-av-elektriska-fel\/#listItem","position":4,"name":"Electrical Failure Analysis","previousItem":{"@type":"ListItem","@id":"https:\/\/vm6fr4whzn6.c.updraftclone.com\/sv\/konsultomraden\/kriminalteknisk-radgivning\/#listItem","name":"Forensic Consulting"}}]},{"@type":"Organization","@id":"https:\/\/vm6fr4whzn6.c.updraftclone.com\/sv\/#organization","name":"Dreiym Engineering PLLC","description":"Electrical and Corrosion Experts","url":"https:\/\/vm6fr4whzn6.c.updraftclone.com\/sv\/","email":"contact@dreiym.com","telephone":"+18666216920","foundingDate":"2014-07-11","numberOfEmployees":{"@type":"QuantitativeValue","minValue":2,"maxValue":10},"logo":{"@type":"ImageObject","url":"https:\/\/vm6fr4whzn6.c.updraftclone.com\/wp-content\/uploads\/2023\/08\/logo.svg","@id":"https:\/\/vm6fr4whzn6.c.updraftclone.com\/sv\/konsultomraden\/kriminalteknisk-radgivning\/analys-av-elektriska-fel\/#organizationLogo","width":272,"height":99},"image":{"@id":"https:\/\/vm6fr4whzn6.c.updraftclone.com\/sv\/konsultomraden\/kriminalteknisk-radgivning\/analys-av-elektriska-fel\/#organizationLogo"},"sameAs":["https:\/\/www.linkedin.com\/company\/dreiym-engineering-pllc\/"],"address":{"@id":"https:\/\/vm6fr4whzn6.c.updraftclone.com\/sv\/#postaladdress","@type":"PostalAddress","streetAddress":"2028 E Ben White Blvd, #240-1500","postalCode":"77331","addressLocality":"Austin","addressRegion":"Texas","addressCountry":"US"}},{"@type":"Service","@id":"https:\/\/vm6fr4whzn6.c.updraftclone.com\/sv\/konsultomraden\/kriminalteknisk-radgivning\/analys-av-elektriska-fel\/#service","name":"Electrical Failure Analysis","provider":{"@type":"Organization","@id":"https:\/\/vm6fr4whzn6.c.updraftclone.com\/sv\/#organization"}},{"@type":"WebPage","@id":"https:\/\/vm6fr4whzn6.c.updraftclone.com\/sv\/konsultomraden\/kriminalteknisk-radgivning\/analys-av-elektriska-fel\/#webpage","url":"https:\/\/vm6fr4whzn6.c.updraftclone.com\/sv\/konsultomraden\/kriminalteknisk-radgivning\/analys-av-elektriska-fel\/","name":"Electrical Failure Analysis \u00bb Dreiym Engineering PLLC","description":"Electrical failures can have serious consequences. Trust Dreiym Engineering to provide forensic electrical engineering expertise for your case. Electrical fail","inLanguage":"sv-SE","isPartOf":{"@id":"https:\/\/vm6fr4whzn6.c.updraftclone.com\/sv\/#website"},"breadcrumb":{"@id":"https:\/\/vm6fr4whzn6.c.updraftclone.com\/sv\/konsultomraden\/kriminalteknisk-radgivning\/analys-av-elektriska-fel\/#breadcrumblist"},"datePublished":"2024-02-28T18:05:15-06:00","dateModified":"2024-02-29T15:25:35-06:00"},{"@type":"WebSite","@id":"https:\/\/vm6fr4whzn6.c.updraftclone.com\/sv\/#website","url":"https:\/\/vm6fr4whzn6.c.updraftclone.com\/sv\/","name":"Dreiym Engineering, PLLC","description":"Electrical and Corrosion Experts","inLanguage":"sv-SE","publisher":{"@id":"https:\/\/vm6fr4whzn6.c.updraftclone.com\/sv\/#organization"}}]},"og:locale":"sv_SE","og:site_name":"Dreiym Engineering PLLC \u00bb Electrical and Corrosion Experts","og:type":"article","og:title":"Electrical Failure Analysis \u00bb Dreiym Engineering PLLC","og:description":"Electrical failures can have serious consequences. Trust Dreiym Engineering to provide forensic electrical engineering expertise for your case. Electrical fail","og:url":"https:\/\/vm6fr4whzn6.c.updraftclone.com\/sv\/konsultomraden\/kriminalteknisk-radgivning\/analys-av-elektriska-fel\/","og:image":"https:\/\/vm6fr4whzn6.c.updraftclone.com\/wp-content\/uploads\/2024\/03\/Power-Plant.jpeg","og:image:secure_url":"https:\/\/vm6fr4whzn6.c.updraftclone.com\/wp-content\/uploads\/2024\/03\/Power-Plant.jpeg","og:image:width":6016,"og:image:height":4016,"article:published_time":"2024-02-29T00:05:15+00:00","article:modified_time":"2024-02-29T21:25:35+00:00"},"aioseo_meta_data":{"post_id":"4370","title":null,"description":"Elektriska fel kan f\u00e5 allvarliga konsekvenser. Lita p\u00e5 Dreiym Engineering f\u00f6r att tillhandah\u00e5lla r\u00e4ttsmedicinsk elektroteknisk expertis f\u00f6r ditt fall. Elektriska fel kan f\u00e5 allvarliga konsekvenser. Lita p\u00e5 Dreiym Engineering f\u00f6r att tillhandah\u00e5lla kriminalteknisk elektroteknisk expertis f\u00f6r ditt fall.","keywords":[],"keyphrases":{"focus":{"keyphrase":"","score":0,"analysis":{"keyphraseInTitle":{"score":0,"maxScore":9,"error":1}}},"additional":[]},"primary_term":null,"canonical_url":null,"og_title":null,"og_description":null,"og_object_type":"default","og_image_type":"default","og_image_url":null,"og_image_width":null,"og_image_height":null,"og_image_custom_url":null,"og_image_custom_fields":null,"og_video":"","og_custom_url":null,"og_article_section":null,"og_article_tags":[],"twitter_use_og":false,"twitter_card":"default","twitter_image_type":"default","twitter_image_url":null,"twitter_image_custom_url":null,"twitter_image_custom_fields":null,"twitter_title":null,"twitter_description":null,"schema":{"blockGraphs":[],"customGraphs":[],"default":{"data":{"Article":[],"Course":[],"Dataset":[],"FAQPage":[],"Movie":[],"Person":[],"Product":[],"ProductReview":[],"Car":[],"Recipe":[],"Service":[],"SoftwareApplication":[],"WebPage":[]},"graphName":"Service","isEnabled":true},"graphs":[]},"schema_type":"default","schema_type_options":null,"pillar_content":false,"robots_default":true,"robots_noindex":false,"robots_noarchive":false,"robots_nosnippet":false,"robots_nofollow":false,"robots_noimageindex":false,"robots_noodp":false,"robots_notranslate":false,"robots_max_snippet":"-1","robots_max_videopreview":"-1","robots_max_imagepreview":"large","priority":null,"frequency":"default","local_seo":null,"seo_analyzer_scan_date":"2025-08-14 16:27:28","breadcrumb_settings":null,"limit_modified_date":false,"reviewed_by":null,"open_ai":"{\"title\":{\"suggestions\":[],\"usage\":0},\"description\":{\"suggestions\":[],\"usage\":0}}","ai":null,"created":"2024-02-28 23:51:54","updated":"2025-10-21 20:57:17"},"aioseo_breadcrumb":"<div class=\"aioseo-breadcrumbs\"><span class=\"aioseo-breadcrumb\">\n\t<a href=\"https:\/\/vm6fr4whzn6.c.updraftclone.com\/sv\" title=\"Home\">Home<\/a>\n<\/span><span class=\"aioseo-breadcrumb-separator\">\u00bb<\/span><span class=\"aioseo-breadcrumb\">\n\t<a href=\"https:\/\/vm6fr4whzn6.c.updraftclone.com\/sv\/konsultomraden\/\" title=\"Consulting Areas\">Consulting Areas<\/a>\n<\/span><span class=\"aioseo-breadcrumb-separator\">\u00bb<\/span><span class=\"aioseo-breadcrumb\">\n\t<a href=\"https:\/\/vm6fr4whzn6.c.updraftclone.com\/sv\/konsultomraden\/kriminalteknisk-radgivning\/\" title=\"Forensic Consulting\">Forensic Consulting<\/a>\n<\/span><span class=\"aioseo-breadcrumb-separator\">\u00bb<\/span><span class=\"aioseo-breadcrumb\">\n\tElectrical Failure Analysis\n<\/span><\/div>","aioseo_breadcrumb_json":[{"label":"Home","link":"https:\/\/vm6fr4whzn6.c.updraftclone.com\/sv"},{"label":"Consulting Areas","link":"https:\/\/vm6fr4whzn6.c.updraftclone.com\/sv\/konsultomraden\/"},{"label":"Forensic Consulting","link":"https:\/\/vm6fr4whzn6.c.updraftclone.com\/sv\/konsultomraden\/kriminalteknisk-radgivning\/"},{"label":"Electrical Failure Analysis","link":"https:\/\/vm6fr4whzn6.c.updraftclone.com\/sv\/konsultomraden\/kriminalteknisk-radgivning\/analys-av-elektriska-fel\/"}],"_links":{"self":[{"href":"https:\/\/vm6fr4whzn6.c.updraftclone.com\/sv\/wp-json\/wp\/v2\/pages\/4370","targetHints":{"allow":["GET"]}}],"collection":[{"href":"https:\/\/vm6fr4whzn6.c.updraftclone.com\/sv\/wp-json\/wp\/v2\/pages"}],"about":[{"href":"https:\/\/vm6fr4whzn6.c.updraftclone.com\/sv\/wp-json\/wp\/v2\/types\/page"}],"author":[{"embeddable":true,"href":"https:\/\/vm6fr4whzn6.c.updraftclone.com\/sv\/wp-json\/wp\/v2\/users\/2"}],"replies":[{"embeddable":true,"href":"https:\/\/vm6fr4whzn6.c.updraftclone.com\/sv\/wp-json\/wp\/v2\/comments?post=4370"}],"version-history":[{"count":0,"href":"https:\/\/vm6fr4whzn6.c.updraftclone.com\/sv\/wp-json\/wp\/v2\/pages\/4370\/revisions"}],"up":[{"embeddable":true,"href":"https:\/\/vm6fr4whzn6.c.updraftclone.com\/sv\/wp-json\/wp\/v2\/pages\/2251"}],"wp:attachment":[{"href":"https:\/\/vm6fr4whzn6.c.updraftclone.com\/sv\/wp-json\/wp\/v2\/media?parent=4370"}],"curies":[{"name":"wp","href":"https:\/\/api.w.org\/{rel}","templated":true}]}}