{"id":1822,"date":"2023-08-29T09:27:17","date_gmt":"2023-08-29T09:27:17","guid":{"rendered":"https:\/\/3.212.105.250\/?page_id=1822"},"modified":"2025-12-11T16:26:50","modified_gmt":"2025-12-11T22:26:50","slug":"kariyer","status":"publish","type":"page","link":"https:\/\/vm6fr4whzn6.c.updraftclone.com\/tr\/hakkinda\/kariyer\/","title":{"rendered":"Kariyer"},"content":{"rendered":"","protected":false},"excerpt":{"rendered":"","protected":false},"author":8,"featured_media":0,"parent":2677,"menu_order":0,"comment_status":"closed","ping_status":"closed","template":"","meta":{"_acf_changed":true,"_mbp_gutenberg_autopost":false,"_pgmb_is_evergreen":true,"_pgmb_ap_template_id":0,"iawp_total_views":163,"footnotes":""},"class_list":["post-1822","page","type-page","status-publish","hentry"],"acf":[],"aioseo_notices":[],"aioseo_head":"\n\t\t<!-- All in One SEO Pro 4.9.6.2 - aioseo.com -->\n\t<meta name=\"description\" content=\"Are you passionate about electrical and corrosion engineering? Do you want to work with a team that values ethics, community, and accountability? Dreiym Engine\" \/>\n\t<meta name=\"robots\" content=\"noindex, nofollow, max-image-preview:large\" \/>\n\t<link rel=\"canonical\" href=\"https:\/\/vm6fr4whzn6.c.updraftclone.com\/tr\/hakkinda\/kariyer\/\" \/>\n\t<meta name=\"generator\" content=\"All in One SEO Pro (AIOSEO) 4.9.6.2\" \/>\n\t\t<meta property=\"og:locale\" content=\"tr_TR\" \/>\n\t\t<meta property=\"og:site_name\" content=\"Dreiym Engineering PLLC \u00bb Electrical and Corrosion Experts\" \/>\n\t\t<meta property=\"og:type\" content=\"article\" \/>\n\t\t<meta property=\"og:title\" content=\"Careers \u00bb Dreiym Engineering PLLC\" \/>\n\t\t<meta property=\"og:description\" content=\"Are you passionate about electrical and corrosion engineering? Do you want to work with a team that values ethics, community, and accountability? Dreiym Engine\" \/>\n\t\t<meta property=\"og:url\" content=\"https:\/\/vm6fr4whzn6.c.updraftclone.com\/tr\/hakkinda\/kariyer\/\" \/>\n\t\t<meta property=\"og:image\" content=\"https:\/\/vm6fr4whzn6.c.updraftclone.com\/wp-content\/uploads\/2024\/03\/Power-Plant.jpeg\" \/>\n\t\t<meta property=\"og:image:secure_url\" content=\"https:\/\/vm6fr4whzn6.c.updraftclone.com\/wp-content\/uploads\/2024\/03\/Power-Plant.jpeg\" \/>\n\t\t<meta property=\"og:image:width\" content=\"6016\" \/>\n\t\t<meta property=\"og:image:height\" content=\"4016\" \/>\n\t\t<meta property=\"article:published_time\" content=\"2023-08-29T09:27:17+00:00\" \/>\n\t\t<meta property=\"article:modified_time\" content=\"2025-12-11T22:26:50+00:00\" \/>\n\t\t<script type=\"application\/ld+json\" class=\"aioseo-schema\">\n\t\t\t{\"@context\":\"https:\\\/\\\/schema.org\",\"@graph\":[{\"@type\":\"BreadcrumbList\",\"@id\":\"https:\\\/\\\/vm6fr4whzn6.c.updraftclone.com\\\/tr\\\/hakkinda\\\/kariyer\\\/#breadcrumblist\",\"itemListElement\":[{\"@type\":\"ListItem\",\"@id\":\"https:\\\/\\\/vm6fr4whzn6.c.updraftclone.com\\\/tr#listItem\",\"position\":1,\"name\":\"Home\",\"item\":\"https:\\\/\\\/vm6fr4whzn6.c.updraftclone.com\\\/tr\",\"nextItem\":{\"@type\":\"ListItem\",\"@id\":\"https:\\\/\\\/vm6fr4whzn6.c.updraftclone.com\\\/tr\\\/hakkinda\\\/#listItem\",\"name\":\"About\"}},{\"@type\":\"ListItem\",\"@id\":\"https:\\\/\\\/vm6fr4whzn6.c.updraftclone.com\\\/tr\\\/hakkinda\\\/#listItem\",\"position\":2,\"name\":\"About\",\"item\":\"https:\\\/\\\/vm6fr4whzn6.c.updraftclone.com\\\/tr\\\/hakkinda\\\/\",\"nextItem\":{\"@type\":\"ListItem\",\"@id\":\"https:\\\/\\\/vm6fr4whzn6.c.updraftclone.com\\\/tr\\\/hakkinda\\\/kariyer\\\/#listItem\",\"name\":\"Careers\"},\"previousItem\":{\"@type\":\"ListItem\",\"@id\":\"https:\\\/\\\/vm6fr4whzn6.c.updraftclone.com\\\/tr#listItem\",\"name\":\"Home\"}},{\"@type\":\"ListItem\",\"@id\":\"https:\\\/\\\/vm6fr4whzn6.c.updraftclone.com\\\/tr\\\/hakkinda\\\/kariyer\\\/#listItem\",\"position\":3,\"name\":\"Careers\",\"previousItem\":{\"@type\":\"ListItem\",\"@id\":\"https:\\\/\\\/vm6fr4whzn6.c.updraftclone.com\\\/tr\\\/hakkinda\\\/#listItem\",\"name\":\"About\"}}]},{\"@type\":\"Organization\",\"@id\":\"https:\\\/\\\/vm6fr4whzn6.c.updraftclone.com\\\/tr\\\/#organization\",\"name\":\"Dreiym Engineering PLLC\",\"description\":\"Electrical and Corrosion Experts\",\"url\":\"https:\\\/\\\/vm6fr4whzn6.c.updraftclone.com\\\/tr\\\/\",\"email\":\"contact@dreiym.com\",\"telephone\":\"+18666216920\",\"foundingDate\":\"2014-07-11\",\"numberOfEmployees\":{\"@type\":\"QuantitativeValue\",\"minValue\":2,\"maxValue\":10},\"logo\":{\"@type\":\"ImageObject\",\"url\":\"https:\\\/\\\/vm6fr4whzn6.c.updraftclone.com\\\/wp-content\\\/uploads\\\/2023\\\/08\\\/logo.svg\",\"@id\":\"https:\\\/\\\/vm6fr4whzn6.c.updraftclone.com\\\/tr\\\/hakkinda\\\/kariyer\\\/#organizationLogo\",\"width\":272,\"height\":99},\"image\":{\"@id\":\"https:\\\/\\\/vm6fr4whzn6.c.updraftclone.com\\\/tr\\\/hakkinda\\\/kariyer\\\/#organizationLogo\"},\"sameAs\":[\"https:\\\/\\\/www.linkedin.com\\\/company\\\/dreiym-engineering-pllc\\\/\"],\"address\":{\"@id\":\"https:\\\/\\\/vm6fr4whzn6.c.updraftclone.com\\\/tr\\\/#postaladdress\",\"@type\":\"PostalAddress\",\"streetAddress\":\"2028 E Ben White Blvd, #240-1500\",\"postalCode\":\"77331\",\"addressLocality\":\"Austin\",\"addressRegion\":\"Texas\",\"addressCountry\":\"US\"}},{\"@type\":\"Service\",\"@id\":\"https:\\\/\\\/vm6fr4whzn6.c.updraftclone.com\\\/tr\\\/hakkinda\\\/kariyer\\\/#service\",\"name\":\"Careers\",\"provider\":{\"@type\":\"Organization\",\"@id\":\"https:\\\/\\\/vm6fr4whzn6.c.updraftclone.com\\\/tr\\\/#organization\"}},{\"@type\":\"WebPage\",\"@id\":\"https:\\\/\\\/vm6fr4whzn6.c.updraftclone.com\\\/tr\\\/hakkinda\\\/kariyer\\\/#webpage\",\"url\":\"https:\\\/\\\/vm6fr4whzn6.c.updraftclone.com\\\/tr\\\/hakkinda\\\/kariyer\\\/\",\"name\":\"Careers \\u00bb Dreiym Engineering PLLC\",\"description\":\"Are you passionate about electrical and corrosion engineering? Do you want to work with a team that values ethics, community, and accountability? Dreiym Engine\",\"inLanguage\":\"tr-TR\",\"isPartOf\":{\"@id\":\"https:\\\/\\\/vm6fr4whzn6.c.updraftclone.com\\\/tr\\\/#website\"},\"breadcrumb\":{\"@id\":\"https:\\\/\\\/vm6fr4whzn6.c.updraftclone.com\\\/tr\\\/hakkinda\\\/kariyer\\\/#breadcrumblist\"},\"datePublished\":\"2023-08-29T09:27:17-06:00\",\"dateModified\":\"2025-12-11T16:26:50-06:00\"},{\"@type\":\"WebSite\",\"@id\":\"https:\\\/\\\/vm6fr4whzn6.c.updraftclone.com\\\/tr\\\/#website\",\"url\":\"https:\\\/\\\/vm6fr4whzn6.c.updraftclone.com\\\/tr\\\/\",\"name\":\"Dreiym Engineering, PLLC\",\"description\":\"Electrical and Corrosion Experts\",\"inLanguage\":\"tr-TR\",\"publisher\":{\"@id\":\"https:\\\/\\\/vm6fr4whzn6.c.updraftclone.com\\\/tr\\\/#organization\"}}]}\n\t\t<\/script>\n\t\t<!-- All in One SEO Pro -->\r\n\t\t<title>Careers \u00bb Dreiym Engineering PLLC<\/title>\n\n","aioseo_head_json":{"title":"Kariyer \" Dreiym Engineering PLLC","description":"Elektrik ve korozyon m\u00fchendisli\u011fi konusunda tutkulu musunuz? Etik, topluluk ve hesap verebilirli\u011fe de\u011fer veren bir ekiple \u00e7al\u0131\u015fmak ister misiniz? Dreiym Motor","canonical_url":"https:\/\/vm6fr4whzn6.c.updraftclone.com\/tr\/hakkinda\/kariyer\/","robots":"noindex, nofollow, max-image-preview:large","keywords":"","webmasterTools":{"miscellaneous":""},"schema":{"@context":"https:\/\/schema.org","@graph":[{"@type":"BreadcrumbList","@id":"https:\/\/vm6fr4whzn6.c.updraftclone.com\/tr\/hakkinda\/kariyer\/#breadcrumblist","itemListElement":[{"@type":"ListItem","@id":"https:\/\/vm6fr4whzn6.c.updraftclone.com\/tr#listItem","position":1,"name":"Home","item":"https:\/\/vm6fr4whzn6.c.updraftclone.com\/tr","nextItem":{"@type":"ListItem","@id":"https:\/\/vm6fr4whzn6.c.updraftclone.com\/tr\/hakkinda\/#listItem","name":"About"}},{"@type":"ListItem","@id":"https:\/\/vm6fr4whzn6.c.updraftclone.com\/tr\/hakkinda\/#listItem","position":2,"name":"About","item":"https:\/\/vm6fr4whzn6.c.updraftclone.com\/tr\/hakkinda\/","nextItem":{"@type":"ListItem","@id":"https:\/\/vm6fr4whzn6.c.updraftclone.com\/tr\/hakkinda\/kariyer\/#listItem","name":"Careers"},"previousItem":{"@type":"ListItem","@id":"https:\/\/vm6fr4whzn6.c.updraftclone.com\/tr#listItem","name":"Home"}},{"@type":"ListItem","@id":"https:\/\/vm6fr4whzn6.c.updraftclone.com\/tr\/hakkinda\/kariyer\/#listItem","position":3,"name":"Careers","previousItem":{"@type":"ListItem","@id":"https:\/\/vm6fr4whzn6.c.updraftclone.com\/tr\/hakkinda\/#listItem","name":"About"}}]},{"@type":"Organization","@id":"https:\/\/vm6fr4whzn6.c.updraftclone.com\/tr\/#organization","name":"Dreiym Engineering PLLC","description":"Electrical and Corrosion Experts","url":"https:\/\/vm6fr4whzn6.c.updraftclone.com\/tr\/","email":"contact@dreiym.com","telephone":"+18666216920","foundingDate":"2014-07-11","numberOfEmployees":{"@type":"QuantitativeValue","minValue":2,"maxValue":10},"logo":{"@type":"ImageObject","url":"https:\/\/vm6fr4whzn6.c.updraftclone.com\/wp-content\/uploads\/2023\/08\/logo.svg","@id":"https:\/\/vm6fr4whzn6.c.updraftclone.com\/tr\/hakkinda\/kariyer\/#organizationLogo","width":272,"height":99},"image":{"@id":"https:\/\/vm6fr4whzn6.c.updraftclone.com\/tr\/hakkinda\/kariyer\/#organizationLogo"},"sameAs":["https:\/\/www.linkedin.com\/company\/dreiym-engineering-pllc\/"],"address":{"@id":"https:\/\/vm6fr4whzn6.c.updraftclone.com\/tr\/#postaladdress","@type":"PostalAddress","streetAddress":"2028 E Ben White Blvd, #240-1500","postalCode":"77331","addressLocality":"Austin","addressRegion":"Texas","addressCountry":"US"}},{"@type":"Service","@id":"https:\/\/vm6fr4whzn6.c.updraftclone.com\/tr\/hakkinda\/kariyer\/#service","name":"Careers","provider":{"@type":"Organization","@id":"https:\/\/vm6fr4whzn6.c.updraftclone.com\/tr\/#organization"}},{"@type":"WebPage","@id":"https:\/\/vm6fr4whzn6.c.updraftclone.com\/tr\/hakkinda\/kariyer\/#webpage","url":"https:\/\/vm6fr4whzn6.c.updraftclone.com\/tr\/hakkinda\/kariyer\/","name":"Careers \u00bb Dreiym Engineering PLLC","description":"Are you passionate about electrical and corrosion engineering? Do you want to work with a team that values ethics, community, and accountability? Dreiym Engine","inLanguage":"tr-TR","isPartOf":{"@id":"https:\/\/vm6fr4whzn6.c.updraftclone.com\/tr\/#website"},"breadcrumb":{"@id":"https:\/\/vm6fr4whzn6.c.updraftclone.com\/tr\/hakkinda\/kariyer\/#breadcrumblist"},"datePublished":"2023-08-29T09:27:17-06:00","dateModified":"2025-12-11T16:26:50-06:00"},{"@type":"WebSite","@id":"https:\/\/vm6fr4whzn6.c.updraftclone.com\/tr\/#website","url":"https:\/\/vm6fr4whzn6.c.updraftclone.com\/tr\/","name":"Dreiym Engineering, PLLC","description":"Electrical and Corrosion Experts","inLanguage":"tr-TR","publisher":{"@id":"https:\/\/vm6fr4whzn6.c.updraftclone.com\/tr\/#organization"}}]},"og:locale":"tr_TR","og:site_name":"Dreiym Engineering PLLC \u00bb Electrical and Corrosion Experts","og:type":"article","og:title":"Careers \u00bb Dreiym Engineering PLLC","og:description":"Are you passionate about electrical and corrosion engineering? Do you want to work with a team that values ethics, community, and accountability? Dreiym Engine","og:url":"https:\/\/vm6fr4whzn6.c.updraftclone.com\/tr\/hakkinda\/kariyer\/","og:image":"https:\/\/vm6fr4whzn6.c.updraftclone.com\/wp-content\/uploads\/2024\/03\/Power-Plant.jpeg","og:image:secure_url":"https:\/\/vm6fr4whzn6.c.updraftclone.com\/wp-content\/uploads\/2024\/03\/Power-Plant.jpeg","og:image:width":6016,"og:image:height":4016,"article:published_time":"2023-08-29T09:27:17+00:00","article:modified_time":"2025-12-11T22:26:50+00:00"},"aioseo_meta_data":{"post_id":"1822","title":null,"description":"Elektrik ve korozyon m\u00fchendisli\u011fi konusunda tutkulu musunuz? Etik, topluluk ve hesap verebilirli\u011fe de\u011fer veren bir ekiple \u00e7al\u0131\u015fmak ister misiniz? Dreiym M\u00fchendislik sizin i\u00e7in m\u00fckemmel bir f\u0131rsata sahip. Mevcut a\u00e7\u0131k pozisyonlar\u0131m\u0131za ve avantajlar\u0131m\u0131za g\u00f6z at\u0131n","keywords":null,"keyphrases":{"focus":{"keyphrase":"","score":0,"analysis":{"keyphraseInTitle":{"score":0,"maxScore":9,"error":1}}},"additional":[]},"primary_term":null,"canonical_url":null,"og_title":null,"og_description":null,"og_object_type":"default","og_image_type":"default","og_image_url":null,"og_image_width":null,"og_image_height":null,"og_image_custom_url":null,"og_image_custom_fields":null,"og_video":"","og_custom_url":null,"og_article_section":null,"og_article_tags":null,"twitter_use_og":false,"twitter_card":"default","twitter_image_type":"default","twitter_image_url":null,"twitter_image_custom_url":null,"twitter_image_custom_fields":null,"twitter_title":null,"twitter_description":null,"schema":{"blockGraphs":[],"customGraphs":[],"default":{"data":{"Article":[],"Course":[],"Dataset":[],"FAQPage":[],"Movie":[],"Person":[],"Product":[],"ProductReview":[],"Car":[],"Recipe":[],"Service":[],"SoftwareApplication":[],"WebPage":[]},"graphName":"Service","isEnabled":true},"graphs":[]},"schema_type":"default","schema_type_options":null,"pillar_content":false,"robots_default":true,"robots_noindex":false,"robots_noarchive":false,"robots_nosnippet":false,"robots_nofollow":false,"robots_noimageindex":false,"robots_noodp":false,"robots_notranslate":false,"robots_max_snippet":"-1","robots_max_videopreview":"-1","robots_max_imagepreview":"large","priority":null,"frequency":"default","local_seo":null,"seo_analyzer_scan_date":"2025-12-11 22:36:27","breadcrumb_settings":null,"limit_modified_date":false,"reviewed_by":"0","open_ai":"{\"title\":{\"suggestions\":[],\"usage\":0},\"description\":{\"suggestions\":[],\"usage\":0}}","ai":{"faqs":[],"keyPoints":[],"titles":[],"descriptions":[],"socialPosts":{"email":[],"linkedin":[],"twitter":[],"facebook":[],"instagram":[]}},"created":"2024-02-18 23:25:13","updated":"2025-12-11 22:36:27"},"aioseo_breadcrumb":"<div class=\"aioseo-breadcrumbs\"><span class=\"aioseo-breadcrumb\">\n\t<a href=\"https:\/\/vm6fr4whzn6.c.updraftclone.com\/tr\" title=\"Home\">Home<\/a>\n<\/span><span class=\"aioseo-breadcrumb-separator\">\u00bb<\/span><span class=\"aioseo-breadcrumb\">\n\t<a href=\"https:\/\/vm6fr4whzn6.c.updraftclone.com\/tr\/hakkinda\/\" title=\"About\">About<\/a>\n<\/span><span class=\"aioseo-breadcrumb-separator\">\u00bb<\/span><span class=\"aioseo-breadcrumb\">\n\tCareers\n<\/span><\/div>","aioseo_breadcrumb_json":[{"label":"Home","link":"https:\/\/vm6fr4whzn6.c.updraftclone.com\/tr"},{"label":"About","link":"https:\/\/vm6fr4whzn6.c.updraftclone.com\/tr\/hakkinda\/"},{"label":"Careers","link":"https:\/\/vm6fr4whzn6.c.updraftclone.com\/tr\/hakkinda\/kariyer\/"}],"_links":{"self":[{"href":"https:\/\/vm6fr4whzn6.c.updraftclone.com\/tr\/wp-json\/wp\/v2\/pages\/1822","targetHints":{"allow":["GET"]}}],"collection":[{"href":"https:\/\/vm6fr4whzn6.c.updraftclone.com\/tr\/wp-json\/wp\/v2\/pages"}],"about":[{"href":"https:\/\/vm6fr4whzn6.c.updraftclone.com\/tr\/wp-json\/wp\/v2\/types\/page"}],"author":[{"embeddable":true,"href":"https:\/\/vm6fr4whzn6.c.updraftclone.com\/tr\/wp-json\/wp\/v2\/users\/8"}],"replies":[{"embeddable":true,"href":"https:\/\/vm6fr4whzn6.c.updraftclone.com\/tr\/wp-json\/wp\/v2\/comments?post=1822"}],"version-history":[{"count":0,"href":"https:\/\/vm6fr4whzn6.c.updraftclone.com\/tr\/wp-json\/wp\/v2\/pages\/1822\/revisions"}],"up":[{"embeddable":true,"href":"https:\/\/vm6fr4whzn6.c.updraftclone.com\/tr\/wp-json\/wp\/v2\/pages\/2677"}],"wp:attachment":[{"href":"https:\/\/vm6fr4whzn6.c.updraftclone.com\/tr\/wp-json\/wp\/v2\/media?parent=1822"}],"curies":[{"name":"wp","href":"https:\/\/api.w.org\/{rel}","templated":true}]}}