{"id":2363,"date":"2023-09-06T09:21:53","date_gmt":"2023-09-06T09:21:53","guid":{"rendered":"https:\/\/3.212.105.250\/?page_id=2363"},"modified":"2024-02-29T15:08:29","modified_gmt":"2024-02-29T21:08:29","slug":"drone-hi%cc%87zmetleri%cc%87","status":"publish","type":"page","link":"https:\/\/vm6fr4whzn6.c.updraftclone.com\/tr\/danismanlik-alanlari\/adli%cc%87-danismanlik\/drone-hi%cc%87zmetleri%cc%87\/","title":{"rendered":"Drone Hizmetleri"},"content":{"rendered":"","protected":false},"excerpt":{"rendered":"","protected":false},"author":8,"featured_media":0,"parent":2251,"menu_order":0,"comment_status":"closed","ping_status":"closed","template":"","meta":{"_acf_changed":false,"_mbp_gutenberg_autopost":false,"_pgmb_is_evergreen":true,"_pgmb_ap_template_id":0,"iawp_total_views":61,"footnotes":""},"class_list":["post-2363","page","type-page","status-publish","hentry"],"acf":[],"aioseo_notices":[],"aioseo_head":"\n\t\t<!-- All in One SEO Pro 4.9.6.2 - aioseo.com -->\n\t<meta name=\"description\" content=\"Need to inspect a cell tower, pipeline, or other challenging area? Dreiym Engineering has the drone solution for you. Contact us today for a quote.\" \/>\n\t<meta name=\"robots\" content=\"noindex, nofollow, max-image-preview:large\" \/>\n\t<link rel=\"canonical\" href=\"https:\/\/vm6fr4whzn6.c.updraftclone.com\/tr\/danismanlik-alanlari\/adli%cc%87-danismanlik\/drone-hi%cc%87zmetleri%cc%87\/\" \/>\n\t<meta name=\"generator\" content=\"All in One SEO Pro (AIOSEO) 4.9.6.2\" \/>\n\t\t<meta property=\"og:locale\" content=\"tr_TR\" \/>\n\t\t<meta property=\"og:site_name\" content=\"Dreiym Engineering PLLC \u00bb Electrical and Corrosion Experts\" \/>\n\t\t<meta property=\"og:type\" content=\"article\" \/>\n\t\t<meta property=\"og:title\" content=\"Drone Services \u00bb Dreiym Engineering PLLC\" \/>\n\t\t<meta property=\"og:description\" content=\"Need to inspect a cell tower, pipeline, or other challenging area? Dreiym Engineering has the drone solution for you. Contact us today for a quote.\" \/>\n\t\t<meta property=\"og:url\" content=\"https:\/\/vm6fr4whzn6.c.updraftclone.com\/tr\/danismanlik-alanlari\/adli%cc%87-danismanlik\/drone-hi%cc%87zmetleri%cc%87\/\" \/>\n\t\t<meta property=\"og:image\" content=\"https:\/\/vm6fr4whzn6.c.updraftclone.com\/wp-content\/uploads\/2024\/03\/Power-Plant.jpeg\" \/>\n\t\t<meta property=\"og:image:secure_url\" content=\"https:\/\/vm6fr4whzn6.c.updraftclone.com\/wp-content\/uploads\/2024\/03\/Power-Plant.jpeg\" \/>\n\t\t<meta property=\"og:image:width\" content=\"6016\" \/>\n\t\t<meta property=\"og:image:height\" content=\"4016\" \/>\n\t\t<meta property=\"article:published_time\" content=\"2023-09-06T09:21:53+00:00\" \/>\n\t\t<meta property=\"article:modified_time\" content=\"2024-02-29T21:08:29+00:00\" \/>\n\t\t<script type=\"application\/ld+json\" class=\"aioseo-schema\">\n\t\t\t{\"@context\":\"https:\\\/\\\/schema.org\",\"@graph\":[{\"@type\":\"BreadcrumbList\",\"@id\":\"https:\\\/\\\/vm6fr4whzn6.c.updraftclone.com\\\/tr\\\/danismanlik-alanlari\\\/adli%cc%87-danismanlik\\\/drone-hi%cc%87zmetleri%cc%87\\\/#breadcrumblist\",\"itemListElement\":[{\"@type\":\"ListItem\",\"@id\":\"https:\\\/\\\/vm6fr4whzn6.c.updraftclone.com\\\/tr#listItem\",\"position\":1,\"name\":\"Home\",\"item\":\"https:\\\/\\\/vm6fr4whzn6.c.updraftclone.com\\\/tr\",\"nextItem\":{\"@type\":\"ListItem\",\"@id\":\"https:\\\/\\\/vm6fr4whzn6.c.updraftclone.com\\\/tr\\\/danismanlik-alanlari\\\/#listItem\",\"name\":\"Consulting Areas\"}},{\"@type\":\"ListItem\",\"@id\":\"https:\\\/\\\/vm6fr4whzn6.c.updraftclone.com\\\/tr\\\/danismanlik-alanlari\\\/#listItem\",\"position\":2,\"name\":\"Consulting Areas\",\"item\":\"https:\\\/\\\/vm6fr4whzn6.c.updraftclone.com\\\/tr\\\/danismanlik-alanlari\\\/\",\"nextItem\":{\"@type\":\"ListItem\",\"@id\":\"https:\\\/\\\/vm6fr4whzn6.c.updraftclone.com\\\/tr\\\/danismanlik-alanlari\\\/adli%cc%87-danismanlik\\\/#listItem\",\"name\":\"Forensic Consulting\"},\"previousItem\":{\"@type\":\"ListItem\",\"@id\":\"https:\\\/\\\/vm6fr4whzn6.c.updraftclone.com\\\/tr#listItem\",\"name\":\"Home\"}},{\"@type\":\"ListItem\",\"@id\":\"https:\\\/\\\/vm6fr4whzn6.c.updraftclone.com\\\/tr\\\/danismanlik-alanlari\\\/adli%cc%87-danismanlik\\\/#listItem\",\"position\":3,\"name\":\"Forensic Consulting\",\"item\":\"https:\\\/\\\/vm6fr4whzn6.c.updraftclone.com\\\/tr\\\/danismanlik-alanlari\\\/adli%cc%87-danismanlik\\\/\",\"nextItem\":{\"@type\":\"ListItem\",\"@id\":\"https:\\\/\\\/vm6fr4whzn6.c.updraftclone.com\\\/tr\\\/danismanlik-alanlari\\\/adli%cc%87-danismanlik\\\/drone-hi%cc%87zmetleri%cc%87\\\/#listItem\",\"name\":\"Drone Services\"},\"previousItem\":{\"@type\":\"ListItem\",\"@id\":\"https:\\\/\\\/vm6fr4whzn6.c.updraftclone.com\\\/tr\\\/danismanlik-alanlari\\\/#listItem\",\"name\":\"Consulting Areas\"}},{\"@type\":\"ListItem\",\"@id\":\"https:\\\/\\\/vm6fr4whzn6.c.updraftclone.com\\\/tr\\\/danismanlik-alanlari\\\/adli%cc%87-danismanlik\\\/drone-hi%cc%87zmetleri%cc%87\\\/#listItem\",\"position\":4,\"name\":\"Drone Services\",\"previousItem\":{\"@type\":\"ListItem\",\"@id\":\"https:\\\/\\\/vm6fr4whzn6.c.updraftclone.com\\\/tr\\\/danismanlik-alanlari\\\/adli%cc%87-danismanlik\\\/#listItem\",\"name\":\"Forensic Consulting\"}}]},{\"@type\":\"Organization\",\"@id\":\"https:\\\/\\\/vm6fr4whzn6.c.updraftclone.com\\\/tr\\\/#organization\",\"name\":\"Dreiym Engineering PLLC\",\"description\":\"Electrical and Corrosion Experts\",\"url\":\"https:\\\/\\\/vm6fr4whzn6.c.updraftclone.com\\\/tr\\\/\",\"email\":\"contact@dreiym.com\",\"telephone\":\"+18666216920\",\"foundingDate\":\"2014-07-11\",\"numberOfEmployees\":{\"@type\":\"QuantitativeValue\",\"minValue\":2,\"maxValue\":10},\"logo\":{\"@type\":\"ImageObject\",\"url\":\"https:\\\/\\\/vm6fr4whzn6.c.updraftclone.com\\\/wp-content\\\/uploads\\\/2023\\\/08\\\/logo.svg\",\"@id\":\"https:\\\/\\\/vm6fr4whzn6.c.updraftclone.com\\\/tr\\\/danismanlik-alanlari\\\/adli%cc%87-danismanlik\\\/drone-hi%cc%87zmetleri%cc%87\\\/#organizationLogo\",\"width\":272,\"height\":99},\"image\":{\"@id\":\"https:\\\/\\\/vm6fr4whzn6.c.updraftclone.com\\\/tr\\\/danismanlik-alanlari\\\/adli%cc%87-danismanlik\\\/drone-hi%cc%87zmetleri%cc%87\\\/#organizationLogo\"},\"sameAs\":[\"https:\\\/\\\/www.linkedin.com\\\/company\\\/dreiym-engineering-pllc\\\/\"],\"address\":{\"@id\":\"https:\\\/\\\/vm6fr4whzn6.c.updraftclone.com\\\/tr\\\/#postaladdress\",\"@type\":\"PostalAddress\",\"streetAddress\":\"2028 E Ben White Blvd, #240-1500\",\"postalCode\":\"77331\",\"addressLocality\":\"Austin\",\"addressRegion\":\"Texas\",\"addressCountry\":\"US\"}},{\"@type\":\"Service\",\"@id\":\"https:\\\/\\\/vm6fr4whzn6.c.updraftclone.com\\\/tr\\\/danismanlik-alanlari\\\/adli%cc%87-danismanlik\\\/drone-hi%cc%87zmetleri%cc%87\\\/#service\",\"name\":\"Drone Services\",\"provider\":{\"@type\":\"Organization\",\"@id\":\"https:\\\/\\\/vm6fr4whzn6.c.updraftclone.com\\\/tr\\\/#organization\"}},{\"@type\":\"WebPage\",\"@id\":\"https:\\\/\\\/vm6fr4whzn6.c.updraftclone.com\\\/tr\\\/danismanlik-alanlari\\\/adli%cc%87-danismanlik\\\/drone-hi%cc%87zmetleri%cc%87\\\/#webpage\",\"url\":\"https:\\\/\\\/vm6fr4whzn6.c.updraftclone.com\\\/tr\\\/danismanlik-alanlari\\\/adli%cc%87-danismanlik\\\/drone-hi%cc%87zmetleri%cc%87\\\/\",\"name\":\"Drone Services \\u00bb Dreiym Engineering PLLC\",\"description\":\"Need to inspect a cell tower, pipeline, or other challenging area? Dreiym Engineering has the drone solution for you. Contact us today for a quote.\",\"inLanguage\":\"tr-TR\",\"isPartOf\":{\"@id\":\"https:\\\/\\\/vm6fr4whzn6.c.updraftclone.com\\\/tr\\\/#website\"},\"breadcrumb\":{\"@id\":\"https:\\\/\\\/vm6fr4whzn6.c.updraftclone.com\\\/tr\\\/danismanlik-alanlari\\\/adli%cc%87-danismanlik\\\/drone-hi%cc%87zmetleri%cc%87\\\/#breadcrumblist\"},\"datePublished\":\"2023-09-06T09:21:53-06:00\",\"dateModified\":\"2024-02-29T15:08:29-06:00\"},{\"@type\":\"WebSite\",\"@id\":\"https:\\\/\\\/vm6fr4whzn6.c.updraftclone.com\\\/tr\\\/#website\",\"url\":\"https:\\\/\\\/vm6fr4whzn6.c.updraftclone.com\\\/tr\\\/\",\"name\":\"Dreiym Engineering, PLLC\",\"description\":\"Electrical and Corrosion Experts\",\"inLanguage\":\"tr-TR\",\"publisher\":{\"@id\":\"https:\\\/\\\/vm6fr4whzn6.c.updraftclone.com\\\/tr\\\/#organization\"}}]}\n\t\t<\/script>\n\t\t<!-- All in One SEO Pro -->\r\n\t\t<title>Drone Services \u00bb Dreiym Engineering PLLC<\/title>\n\n","aioseo_head_json":{"title":"Drone Hizmetleri \" Dreiym Engineering PLLC","description":"Bir baz istasyonunu, boru hatt\u0131n\u0131 veya ba\u015fka bir zorlu alan\u0131 m\u0131 incelemeniz gerekiyor? Dreiym M\u00fchendislik sizin i\u00e7in drone \u00e7\u00f6z\u00fcm\u00fcne sahiptir. Fiyat teklifi i\u00e7in bug\u00fcn bize ula\u015f\u0131n.","canonical_url":"https:\/\/vm6fr4whzn6.c.updraftclone.com\/tr\/danismanlik-alanlari\/adli%cc%87-danismanlik\/drone-hi%cc%87zmetleri%cc%87\/","robots":"noindex, nofollow, max-image-preview:large","keywords":"","webmasterTools":{"miscellaneous":""},"schema":{"@context":"https:\/\/schema.org","@graph":[{"@type":"BreadcrumbList","@id":"https:\/\/vm6fr4whzn6.c.updraftclone.com\/tr\/danismanlik-alanlari\/adli%cc%87-danismanlik\/drone-hi%cc%87zmetleri%cc%87\/#breadcrumblist","itemListElement":[{"@type":"ListItem","@id":"https:\/\/vm6fr4whzn6.c.updraftclone.com\/tr#listItem","position":1,"name":"Home","item":"https:\/\/vm6fr4whzn6.c.updraftclone.com\/tr","nextItem":{"@type":"ListItem","@id":"https:\/\/vm6fr4whzn6.c.updraftclone.com\/tr\/danismanlik-alanlari\/#listItem","name":"Consulting Areas"}},{"@type":"ListItem","@id":"https:\/\/vm6fr4whzn6.c.updraftclone.com\/tr\/danismanlik-alanlari\/#listItem","position":2,"name":"Consulting Areas","item":"https:\/\/vm6fr4whzn6.c.updraftclone.com\/tr\/danismanlik-alanlari\/","nextItem":{"@type":"ListItem","@id":"https:\/\/vm6fr4whzn6.c.updraftclone.com\/tr\/danismanlik-alanlari\/adli%cc%87-danismanlik\/#listItem","name":"Forensic Consulting"},"previousItem":{"@type":"ListItem","@id":"https:\/\/vm6fr4whzn6.c.updraftclone.com\/tr#listItem","name":"Home"}},{"@type":"ListItem","@id":"https:\/\/vm6fr4whzn6.c.updraftclone.com\/tr\/danismanlik-alanlari\/adli%cc%87-danismanlik\/#listItem","position":3,"name":"Forensic Consulting","item":"https:\/\/vm6fr4whzn6.c.updraftclone.com\/tr\/danismanlik-alanlari\/adli%cc%87-danismanlik\/","nextItem":{"@type":"ListItem","@id":"https:\/\/vm6fr4whzn6.c.updraftclone.com\/tr\/danismanlik-alanlari\/adli%cc%87-danismanlik\/drone-hi%cc%87zmetleri%cc%87\/#listItem","name":"Drone Services"},"previousItem":{"@type":"ListItem","@id":"https:\/\/vm6fr4whzn6.c.updraftclone.com\/tr\/danismanlik-alanlari\/#listItem","name":"Consulting Areas"}},{"@type":"ListItem","@id":"https:\/\/vm6fr4whzn6.c.updraftclone.com\/tr\/danismanlik-alanlari\/adli%cc%87-danismanlik\/drone-hi%cc%87zmetleri%cc%87\/#listItem","position":4,"name":"Drone Services","previousItem":{"@type":"ListItem","@id":"https:\/\/vm6fr4whzn6.c.updraftclone.com\/tr\/danismanlik-alanlari\/adli%cc%87-danismanlik\/#listItem","name":"Forensic Consulting"}}]},{"@type":"Organization","@id":"https:\/\/vm6fr4whzn6.c.updraftclone.com\/tr\/#organization","name":"Dreiym Engineering PLLC","description":"Electrical and Corrosion Experts","url":"https:\/\/vm6fr4whzn6.c.updraftclone.com\/tr\/","email":"contact@dreiym.com","telephone":"+18666216920","foundingDate":"2014-07-11","numberOfEmployees":{"@type":"QuantitativeValue","minValue":2,"maxValue":10},"logo":{"@type":"ImageObject","url":"https:\/\/vm6fr4whzn6.c.updraftclone.com\/wp-content\/uploads\/2023\/08\/logo.svg","@id":"https:\/\/vm6fr4whzn6.c.updraftclone.com\/tr\/danismanlik-alanlari\/adli%cc%87-danismanlik\/drone-hi%cc%87zmetleri%cc%87\/#organizationLogo","width":272,"height":99},"image":{"@id":"https:\/\/vm6fr4whzn6.c.updraftclone.com\/tr\/danismanlik-alanlari\/adli%cc%87-danismanlik\/drone-hi%cc%87zmetleri%cc%87\/#organizationLogo"},"sameAs":["https:\/\/www.linkedin.com\/company\/dreiym-engineering-pllc\/"],"address":{"@id":"https:\/\/vm6fr4whzn6.c.updraftclone.com\/tr\/#postaladdress","@type":"PostalAddress","streetAddress":"2028 E Ben White Blvd, #240-1500","postalCode":"77331","addressLocality":"Austin","addressRegion":"Texas","addressCountry":"US"}},{"@type":"Service","@id":"https:\/\/vm6fr4whzn6.c.updraftclone.com\/tr\/danismanlik-alanlari\/adli%cc%87-danismanlik\/drone-hi%cc%87zmetleri%cc%87\/#service","name":"Drone Services","provider":{"@type":"Organization","@id":"https:\/\/vm6fr4whzn6.c.updraftclone.com\/tr\/#organization"}},{"@type":"WebPage","@id":"https:\/\/vm6fr4whzn6.c.updraftclone.com\/tr\/danismanlik-alanlari\/adli%cc%87-danismanlik\/drone-hi%cc%87zmetleri%cc%87\/#webpage","url":"https:\/\/vm6fr4whzn6.c.updraftclone.com\/tr\/danismanlik-alanlari\/adli%cc%87-danismanlik\/drone-hi%cc%87zmetleri%cc%87\/","name":"Drone Services \u00bb Dreiym Engineering PLLC","description":"Need to inspect a cell tower, pipeline, or other challenging area? Dreiym Engineering has the drone solution for you. Contact us today for a quote.","inLanguage":"tr-TR","isPartOf":{"@id":"https:\/\/vm6fr4whzn6.c.updraftclone.com\/tr\/#website"},"breadcrumb":{"@id":"https:\/\/vm6fr4whzn6.c.updraftclone.com\/tr\/danismanlik-alanlari\/adli%cc%87-danismanlik\/drone-hi%cc%87zmetleri%cc%87\/#breadcrumblist"},"datePublished":"2023-09-06T09:21:53-06:00","dateModified":"2024-02-29T15:08:29-06:00"},{"@type":"WebSite","@id":"https:\/\/vm6fr4whzn6.c.updraftclone.com\/tr\/#website","url":"https:\/\/vm6fr4whzn6.c.updraftclone.com\/tr\/","name":"Dreiym Engineering, PLLC","description":"Electrical and Corrosion Experts","inLanguage":"tr-TR","publisher":{"@id":"https:\/\/vm6fr4whzn6.c.updraftclone.com\/tr\/#organization"}}]},"og:locale":"tr_TR","og:site_name":"Dreiym Engineering PLLC \u00bb Electrical and Corrosion Experts","og:type":"article","og:title":"Drone Services \u00bb Dreiym Engineering PLLC","og:description":"Need to inspect a cell tower, pipeline, or other challenging area? Dreiym Engineering has the drone solution for you. Contact us today for a quote.","og:url":"https:\/\/vm6fr4whzn6.c.updraftclone.com\/tr\/danismanlik-alanlari\/adli%cc%87-danismanlik\/drone-hi%cc%87zmetleri%cc%87\/","og:image":"https:\/\/vm6fr4whzn6.c.updraftclone.com\/wp-content\/uploads\/2024\/03\/Power-Plant.jpeg","og:image:secure_url":"https:\/\/vm6fr4whzn6.c.updraftclone.com\/wp-content\/uploads\/2024\/03\/Power-Plant.jpeg","og:image:width":6016,"og:image:height":4016,"article:published_time":"2023-09-06T09:21:53+00:00","article:modified_time":"2024-02-29T21:08:29+00:00"},"aioseo_meta_data":{"post_id":"2363","title":null,"description":"Bir baz istasyonunu, boru hatt\u0131n\u0131 veya ba\u015fka bir zorlu alan\u0131 m\u0131 incelemeniz gerekiyor? Dreiym M\u00fchendislik sizin i\u00e7in drone \u00e7\u00f6z\u00fcm\u00fcne sahiptir. Fiyat teklifi i\u00e7in bug\u00fcn bize ula\u015f\u0131n.","keywords":[],"keyphrases":{"focus":{"keyphrase":"","score":0,"analysis":{"keyphraseInTitle":{"score":0,"maxScore":9,"error":1}}},"additional":[]},"primary_term":null,"canonical_url":null,"og_title":null,"og_description":null,"og_object_type":"default","og_image_type":"default","og_image_url":null,"og_image_width":null,"og_image_height":null,"og_image_custom_url":null,"og_image_custom_fields":null,"og_video":"","og_custom_url":null,"og_article_section":null,"og_article_tags":[],"twitter_use_og":false,"twitter_card":"default","twitter_image_type":"default","twitter_image_url":null,"twitter_image_custom_url":null,"twitter_image_custom_fields":null,"twitter_title":null,"twitter_description":null,"schema":{"blockGraphs":[],"customGraphs":[],"default":{"data":{"Article":[],"Course":[],"Dataset":[],"FAQPage":[],"Movie":[],"Person":[],"Product":[],"ProductReview":[],"Car":[],"Recipe":[],"Service":[],"SoftwareApplication":[],"WebPage":[]},"graphName":"Service","isEnabled":true},"graphs":[]},"schema_type":"default","schema_type_options":null,"pillar_content":false,"robots_default":true,"robots_noindex":false,"robots_noarchive":false,"robots_nosnippet":false,"robots_nofollow":false,"robots_noimageindex":false,"robots_noodp":false,"robots_notranslate":false,"robots_max_snippet":"-1","robots_max_videopreview":"-1","robots_max_imagepreview":"large","priority":null,"frequency":"default","local_seo":null,"seo_analyzer_scan_date":"2025-08-14 16:19:33","breadcrumb_settings":null,"limit_modified_date":false,"reviewed_by":null,"open_ai":"{\"title\":{\"suggestions\":[],\"usage\":0},\"description\":{\"suggestions\":[],\"usage\":0}}","ai":null,"created":"2024-02-18 23:25:13","updated":"2025-10-21 20:57:18"},"aioseo_breadcrumb":"<div class=\"aioseo-breadcrumbs\"><span class=\"aioseo-breadcrumb\">\n\t<a href=\"https:\/\/vm6fr4whzn6.c.updraftclone.com\/tr\" title=\"Home\">Home<\/a>\n<\/span><span class=\"aioseo-breadcrumb-separator\">\u00bb<\/span><span class=\"aioseo-breadcrumb\">\n\t<a href=\"https:\/\/vm6fr4whzn6.c.updraftclone.com\/tr\/danismanlik-alanlari\/\" title=\"Consulting Areas\">Consulting Areas<\/a>\n<\/span><span class=\"aioseo-breadcrumb-separator\">\u00bb<\/span><span class=\"aioseo-breadcrumb\">\n\t<a href=\"https:\/\/vm6fr4whzn6.c.updraftclone.com\/tr\/danismanlik-alanlari\/adli%cc%87-danismanlik\/\" title=\"Forensic Consulting\">Forensic Consulting<\/a>\n<\/span><span class=\"aioseo-breadcrumb-separator\">\u00bb<\/span><span class=\"aioseo-breadcrumb\">\n\tDrone Services\n<\/span><\/div>","aioseo_breadcrumb_json":[{"label":"Home","link":"https:\/\/vm6fr4whzn6.c.updraftclone.com\/tr"},{"label":"Consulting Areas","link":"https:\/\/vm6fr4whzn6.c.updraftclone.com\/tr\/danismanlik-alanlari\/"},{"label":"Forensic Consulting","link":"https:\/\/vm6fr4whzn6.c.updraftclone.com\/tr\/danismanlik-alanlari\/adli%cc%87-danismanlik\/"},{"label":"Drone Services","link":"https:\/\/vm6fr4whzn6.c.updraftclone.com\/tr\/danismanlik-alanlari\/adli%cc%87-danismanlik\/drone-hi%cc%87zmetleri%cc%87\/"}],"_links":{"self":[{"href":"https:\/\/vm6fr4whzn6.c.updraftclone.com\/tr\/wp-json\/wp\/v2\/pages\/2363","targetHints":{"allow":["GET"]}}],"collection":[{"href":"https:\/\/vm6fr4whzn6.c.updraftclone.com\/tr\/wp-json\/wp\/v2\/pages"}],"about":[{"href":"https:\/\/vm6fr4whzn6.c.updraftclone.com\/tr\/wp-json\/wp\/v2\/types\/page"}],"author":[{"embeddable":true,"href":"https:\/\/vm6fr4whzn6.c.updraftclone.com\/tr\/wp-json\/wp\/v2\/users\/8"}],"replies":[{"embeddable":true,"href":"https:\/\/vm6fr4whzn6.c.updraftclone.com\/tr\/wp-json\/wp\/v2\/comments?post=2363"}],"version-history":[{"count":0,"href":"https:\/\/vm6fr4whzn6.c.updraftclone.com\/tr\/wp-json\/wp\/v2\/pages\/2363\/revisions"}],"up":[{"embeddable":true,"href":"https:\/\/vm6fr4whzn6.c.updraftclone.com\/tr\/wp-json\/wp\/v2\/pages\/2251"}],"wp:attachment":[{"href":"https:\/\/vm6fr4whzn6.c.updraftclone.com\/tr\/wp-json\/wp\/v2\/media?parent=2363"}],"curies":[{"name":"wp","href":"https:\/\/api.w.org\/{rel}","templated":true}]}}