{"id":2454,"date":"2023-09-12T01:58:25","date_gmt":"2023-09-12T01:58:25","guid":{"rendered":"https:\/\/3.212.105.250\/?page_id=2454"},"modified":"2024-02-29T13:11:25","modified_gmt":"2024-02-29T19:11:25","slug":"alternatif-akim-gerilim-gradyani-arastirmasi-acvg","status":"publish","type":"page","link":"https:\/\/vm6fr4whzn6.c.updraftclone.com\/tr\/danismanlik-alanlari\/korozyon\/katodi%cc%87k-koruma-potansi%cc%87yel-arastirmalari\/alternatif-akim-gerilim-gradyani-arastirmasi-acvg\/","title":{"rendered":"ACVG S\u00f6rveyleri: Boru Hatt\u0131 Korozyonuna \u00c7\u00f6z\u00fcm\u00fcn\u00fcz"},"content":{"rendered":"","protected":false},"excerpt":{"rendered":"","protected":false},"author":8,"featured_media":0,"parent":2240,"menu_order":0,"comment_status":"closed","ping_status":"closed","template":"","meta":{"_acf_changed":false,"_mbp_gutenberg_autopost":false,"_pgmb_is_evergreen":true,"_pgmb_ap_template_id":0,"iawp_total_views":51,"footnotes":""},"class_list":["post-2454","page","type-page","status-publish","hentry"],"acf":[],"aioseo_notices":[],"aioseo_head":"\n\t\t<!-- All in One SEO Pro 4.9.6.2 - aioseo.com -->\n\t<meta name=\"description\" content=\"Pipeline coating defects can lead to costly and dangerous corrosion issues. Dreiym Engineering provides ACVG surveys to locate and measure coating defects and\" \/>\n\t<meta name=\"robots\" content=\"noindex, nofollow, max-image-preview:large\" \/>\n\t<link rel=\"canonical\" href=\"https:\/\/vm6fr4whzn6.c.updraftclone.com\/tr\/danismanlik-alanlari\/korozyon\/katodi%cc%87k-koruma-potansi%cc%87yel-arastirmalari\/alternatif-akim-gerilim-gradyani-arastirmasi-acvg\/\" \/>\n\t<meta name=\"generator\" content=\"All in One SEO Pro (AIOSEO) 4.9.6.2\" \/>\n\t\t<meta property=\"og:locale\" content=\"tr_TR\" \/>\n\t\t<meta property=\"og:site_name\" content=\"Dreiym Engineering PLLC \u00bb Electrical and Corrosion Experts\" \/>\n\t\t<meta property=\"og:type\" content=\"article\" \/>\n\t\t<meta property=\"og:title\" content=\"ACVG Surveys: Your Solution to Pipeline Corrosion \u00bb Dreiym\" \/>\n\t\t<meta property=\"og:description\" content=\"Pipeline coating defects can lead to costly and dangerous corrosion issues. Dreiym Engineering provides ACVG surveys to locate and measure coating defects and\" \/>\n\t\t<meta property=\"og:url\" content=\"https:\/\/vm6fr4whzn6.c.updraftclone.com\/tr\/danismanlik-alanlari\/korozyon\/katodi%cc%87k-koruma-potansi%cc%87yel-arastirmalari\/alternatif-akim-gerilim-gradyani-arastirmasi-acvg\/\" \/>\n\t\t<meta property=\"og:image\" content=\"https:\/\/vm6fr4whzn6.c.updraftclone.com\/wp-content\/uploads\/2024\/03\/Power-Plant.jpeg\" \/>\n\t\t<meta property=\"og:image:secure_url\" content=\"https:\/\/vm6fr4whzn6.c.updraftclone.com\/wp-content\/uploads\/2024\/03\/Power-Plant.jpeg\" \/>\n\t\t<meta property=\"og:image:width\" content=\"6016\" \/>\n\t\t<meta property=\"og:image:height\" content=\"4016\" \/>\n\t\t<meta property=\"article:published_time\" content=\"2023-09-12T01:58:25+00:00\" \/>\n\t\t<meta property=\"article:modified_time\" content=\"2024-02-29T19:11:25+00:00\" \/>\n\t\t<script type=\"application\/ld+json\" class=\"aioseo-schema\">\n\t\t\t{\"@context\":\"https:\\\/\\\/schema.org\",\"@graph\":[{\"@type\":\"BreadcrumbList\",\"@id\":\"https:\\\/\\\/vm6fr4whzn6.c.updraftclone.com\\\/tr\\\/danismanlik-alanlari\\\/korozyon\\\/katodi%cc%87k-koruma-potansi%cc%87yel-arastirmalari\\\/alternatif-akim-gerilim-gradyani-arastirmasi-acvg\\\/#breadcrumblist\",\"itemListElement\":[{\"@type\":\"ListItem\",\"@id\":\"https:\\\/\\\/vm6fr4whzn6.c.updraftclone.com\\\/tr#listItem\",\"position\":1,\"name\":\"Home\",\"item\":\"https:\\\/\\\/vm6fr4whzn6.c.updraftclone.com\\\/tr\",\"nextItem\":{\"@type\":\"ListItem\",\"@id\":\"https:\\\/\\\/vm6fr4whzn6.c.updraftclone.com\\\/tr\\\/danismanlik-alanlari\\\/#listItem\",\"name\":\"Consulting Areas\"}},{\"@type\":\"ListItem\",\"@id\":\"https:\\\/\\\/vm6fr4whzn6.c.updraftclone.com\\\/tr\\\/danismanlik-alanlari\\\/#listItem\",\"position\":2,\"name\":\"Consulting Areas\",\"item\":\"https:\\\/\\\/vm6fr4whzn6.c.updraftclone.com\\\/tr\\\/danismanlik-alanlari\\\/\",\"nextItem\":{\"@type\":\"ListItem\",\"@id\":\"https:\\\/\\\/vm6fr4whzn6.c.updraftclone.com\\\/tr\\\/danismanlik-alanlari\\\/korozyon\\\/#listItem\",\"name\":\"Corrosion\"},\"previousItem\":{\"@type\":\"ListItem\",\"@id\":\"https:\\\/\\\/vm6fr4whzn6.c.updraftclone.com\\\/tr#listItem\",\"name\":\"Home\"}},{\"@type\":\"ListItem\",\"@id\":\"https:\\\/\\\/vm6fr4whzn6.c.updraftclone.com\\\/tr\\\/danismanlik-alanlari\\\/korozyon\\\/#listItem\",\"position\":3,\"name\":\"Corrosion\",\"item\":\"https:\\\/\\\/vm6fr4whzn6.c.updraftclone.com\\\/tr\\\/danismanlik-alanlari\\\/korozyon\\\/\",\"nextItem\":{\"@type\":\"ListItem\",\"@id\":\"https:\\\/\\\/vm6fr4whzn6.c.updraftclone.com\\\/tr\\\/danismanlik-alanlari\\\/korozyon\\\/katodi%cc%87k-koruma-potansi%cc%87yel-arastirmalari\\\/#listItem\",\"name\":\"Cathodic Protection Potential Surveys\"},\"previousItem\":{\"@type\":\"ListItem\",\"@id\":\"https:\\\/\\\/vm6fr4whzn6.c.updraftclone.com\\\/tr\\\/danismanlik-alanlari\\\/#listItem\",\"name\":\"Consulting Areas\"}},{\"@type\":\"ListItem\",\"@id\":\"https:\\\/\\\/vm6fr4whzn6.c.updraftclone.com\\\/tr\\\/danismanlik-alanlari\\\/korozyon\\\/katodi%cc%87k-koruma-potansi%cc%87yel-arastirmalari\\\/#listItem\",\"position\":4,\"name\":\"Cathodic Protection Potential Surveys\",\"item\":\"https:\\\/\\\/vm6fr4whzn6.c.updraftclone.com\\\/tr\\\/danismanlik-alanlari\\\/korozyon\\\/katodi%cc%87k-koruma-potansi%cc%87yel-arastirmalari\\\/\",\"nextItem\":{\"@type\":\"ListItem\",\"@id\":\"https:\\\/\\\/vm6fr4whzn6.c.updraftclone.com\\\/tr\\\/danismanlik-alanlari\\\/korozyon\\\/katodi%cc%87k-koruma-potansi%cc%87yel-arastirmalari\\\/alternatif-akim-gerilim-gradyani-arastirmasi-acvg\\\/#listItem\",\"name\":\"ACVG Surveys: Your Solution to Pipeline Corrosion\"},\"previousItem\":{\"@type\":\"ListItem\",\"@id\":\"https:\\\/\\\/vm6fr4whzn6.c.updraftclone.com\\\/tr\\\/danismanlik-alanlari\\\/korozyon\\\/#listItem\",\"name\":\"Corrosion\"}},{\"@type\":\"ListItem\",\"@id\":\"https:\\\/\\\/vm6fr4whzn6.c.updraftclone.com\\\/tr\\\/danismanlik-alanlari\\\/korozyon\\\/katodi%cc%87k-koruma-potansi%cc%87yel-arastirmalari\\\/alternatif-akim-gerilim-gradyani-arastirmasi-acvg\\\/#listItem\",\"position\":5,\"name\":\"ACVG Surveys: Your Solution to Pipeline Corrosion\",\"previousItem\":{\"@type\":\"ListItem\",\"@id\":\"https:\\\/\\\/vm6fr4whzn6.c.updraftclone.com\\\/tr\\\/danismanlik-alanlari\\\/korozyon\\\/katodi%cc%87k-koruma-potansi%cc%87yel-arastirmalari\\\/#listItem\",\"name\":\"Cathodic Protection Potential Surveys\"}}]},{\"@type\":\"Organization\",\"@id\":\"https:\\\/\\\/vm6fr4whzn6.c.updraftclone.com\\\/tr\\\/#organization\",\"name\":\"Dreiym Engineering PLLC\",\"description\":\"Electrical and Corrosion Experts\",\"url\":\"https:\\\/\\\/vm6fr4whzn6.c.updraftclone.com\\\/tr\\\/\",\"email\":\"contact@dreiym.com\",\"telephone\":\"+18666216920\",\"foundingDate\":\"2014-07-11\",\"numberOfEmployees\":{\"@type\":\"QuantitativeValue\",\"minValue\":2,\"maxValue\":10},\"logo\":{\"@type\":\"ImageObject\",\"url\":\"https:\\\/\\\/vm6fr4whzn6.c.updraftclone.com\\\/wp-content\\\/uploads\\\/2023\\\/08\\\/logo.svg\",\"@id\":\"https:\\\/\\\/vm6fr4whzn6.c.updraftclone.com\\\/tr\\\/danismanlik-alanlari\\\/korozyon\\\/katodi%cc%87k-koruma-potansi%cc%87yel-arastirmalari\\\/alternatif-akim-gerilim-gradyani-arastirmasi-acvg\\\/#organizationLogo\",\"width\":272,\"height\":99},\"image\":{\"@id\":\"https:\\\/\\\/vm6fr4whzn6.c.updraftclone.com\\\/tr\\\/danismanlik-alanlari\\\/korozyon\\\/katodi%cc%87k-koruma-potansi%cc%87yel-arastirmalari\\\/alternatif-akim-gerilim-gradyani-arastirmasi-acvg\\\/#organizationLogo\"},\"sameAs\":[\"https:\\\/\\\/www.linkedin.com\\\/company\\\/dreiym-engineering-pllc\\\/\"],\"address\":{\"@id\":\"https:\\\/\\\/vm6fr4whzn6.c.updraftclone.com\\\/tr\\\/#postaladdress\",\"@type\":\"PostalAddress\",\"streetAddress\":\"2028 E Ben White Blvd, #240-1500\",\"postalCode\":\"77331\",\"addressLocality\":\"Austin\",\"addressRegion\":\"Texas\",\"addressCountry\":\"US\"}},{\"@type\":\"Service\",\"@id\":\"https:\\\/\\\/vm6fr4whzn6.c.updraftclone.com\\\/tr\\\/danismanlik-alanlari\\\/korozyon\\\/katodi%cc%87k-koruma-potansi%cc%87yel-arastirmalari\\\/alternatif-akim-gerilim-gradyani-arastirmasi-acvg\\\/#service\",\"name\":\"ACVG Surveys: Your Solution to Pipeline Corrosion\",\"provider\":{\"@type\":\"Organization\",\"@id\":\"https:\\\/\\\/vm6fr4whzn6.c.updraftclone.com\\\/tr\\\/#organization\"}},{\"@type\":\"WebPage\",\"@id\":\"https:\\\/\\\/vm6fr4whzn6.c.updraftclone.com\\\/tr\\\/danismanlik-alanlari\\\/korozyon\\\/katodi%cc%87k-koruma-potansi%cc%87yel-arastirmalari\\\/alternatif-akim-gerilim-gradyani-arastirmasi-acvg\\\/#webpage\",\"url\":\"https:\\\/\\\/vm6fr4whzn6.c.updraftclone.com\\\/tr\\\/danismanlik-alanlari\\\/korozyon\\\/katodi%cc%87k-koruma-potansi%cc%87yel-arastirmalari\\\/alternatif-akim-gerilim-gradyani-arastirmasi-acvg\\\/\",\"name\":\"ACVG Surveys: Your Solution to Pipeline Corrosion \\u00bb Dreiym\",\"description\":\"Pipeline coating defects can lead to costly and dangerous corrosion issues. Dreiym Engineering provides ACVG surveys to locate and measure coating defects and\",\"inLanguage\":\"tr-TR\",\"isPartOf\":{\"@id\":\"https:\\\/\\\/vm6fr4whzn6.c.updraftclone.com\\\/tr\\\/#website\"},\"breadcrumb\":{\"@id\":\"https:\\\/\\\/vm6fr4whzn6.c.updraftclone.com\\\/tr\\\/danismanlik-alanlari\\\/korozyon\\\/katodi%cc%87k-koruma-potansi%cc%87yel-arastirmalari\\\/alternatif-akim-gerilim-gradyani-arastirmasi-acvg\\\/#breadcrumblist\"},\"datePublished\":\"2023-09-12T01:58:25-06:00\",\"dateModified\":\"2024-02-29T13:11:25-06:00\"},{\"@type\":\"WebSite\",\"@id\":\"https:\\\/\\\/vm6fr4whzn6.c.updraftclone.com\\\/tr\\\/#website\",\"url\":\"https:\\\/\\\/vm6fr4whzn6.c.updraftclone.com\\\/tr\\\/\",\"name\":\"Dreiym Engineering, PLLC\",\"description\":\"Electrical and Corrosion Experts\",\"inLanguage\":\"tr-TR\",\"publisher\":{\"@id\":\"https:\\\/\\\/vm6fr4whzn6.c.updraftclone.com\\\/tr\\\/#organization\"}}]}\n\t\t<\/script>\n\t\t<!-- All in One SEO Pro -->\r\n\t\t<title>ACVG Surveys: Your Solution to Pipeline Corrosion \u00bb Dreiym<\/title>\n\n","aioseo_head_json":{"title":"ACVG Ara\u015ft\u0131rmalar\u0131: Boru Hatt\u0131 Korozyonuna \u00c7\u00f6z\u00fcm\u00fcn\u00fcz \" Dreiym","description":"Boru hatt\u0131 kaplama kusurlar\u0131 maliyetli ve tehlikeli korozyon sorunlar\u0131na yol a\u00e7abilir. Dreiym M\u00fchendislik, kaplama kusurlar\u0131n\u0131 bulmak ve \u00f6l\u00e7mek i\u00e7in ACVG ara\u015ft\u0131rmalar\u0131 sa\u011flar ve","canonical_url":"https:\/\/vm6fr4whzn6.c.updraftclone.com\/tr\/danismanlik-alanlari\/korozyon\/katodi%cc%87k-koruma-potansi%cc%87yel-arastirmalari\/alternatif-akim-gerilim-gradyani-arastirmasi-acvg\/","robots":"noindex, nofollow, max-image-preview:large","keywords":"","webmasterTools":{"miscellaneous":""},"schema":{"@context":"https:\/\/schema.org","@graph":[{"@type":"BreadcrumbList","@id":"https:\/\/vm6fr4whzn6.c.updraftclone.com\/tr\/danismanlik-alanlari\/korozyon\/katodi%cc%87k-koruma-potansi%cc%87yel-arastirmalari\/alternatif-akim-gerilim-gradyani-arastirmasi-acvg\/#breadcrumblist","itemListElement":[{"@type":"ListItem","@id":"https:\/\/vm6fr4whzn6.c.updraftclone.com\/tr#listItem","position":1,"name":"Home","item":"https:\/\/vm6fr4whzn6.c.updraftclone.com\/tr","nextItem":{"@type":"ListItem","@id":"https:\/\/vm6fr4whzn6.c.updraftclone.com\/tr\/danismanlik-alanlari\/#listItem","name":"Consulting Areas"}},{"@type":"ListItem","@id":"https:\/\/vm6fr4whzn6.c.updraftclone.com\/tr\/danismanlik-alanlari\/#listItem","position":2,"name":"Consulting Areas","item":"https:\/\/vm6fr4whzn6.c.updraftclone.com\/tr\/danismanlik-alanlari\/","nextItem":{"@type":"ListItem","@id":"https:\/\/vm6fr4whzn6.c.updraftclone.com\/tr\/danismanlik-alanlari\/korozyon\/#listItem","name":"Corrosion"},"previousItem":{"@type":"ListItem","@id":"https:\/\/vm6fr4whzn6.c.updraftclone.com\/tr#listItem","name":"Home"}},{"@type":"ListItem","@id":"https:\/\/vm6fr4whzn6.c.updraftclone.com\/tr\/danismanlik-alanlari\/korozyon\/#listItem","position":3,"name":"Corrosion","item":"https:\/\/vm6fr4whzn6.c.updraftclone.com\/tr\/danismanlik-alanlari\/korozyon\/","nextItem":{"@type":"ListItem","@id":"https:\/\/vm6fr4whzn6.c.updraftclone.com\/tr\/danismanlik-alanlari\/korozyon\/katodi%cc%87k-koruma-potansi%cc%87yel-arastirmalari\/#listItem","name":"Cathodic Protection Potential Surveys"},"previousItem":{"@type":"ListItem","@id":"https:\/\/vm6fr4whzn6.c.updraftclone.com\/tr\/danismanlik-alanlari\/#listItem","name":"Consulting Areas"}},{"@type":"ListItem","@id":"https:\/\/vm6fr4whzn6.c.updraftclone.com\/tr\/danismanlik-alanlari\/korozyon\/katodi%cc%87k-koruma-potansi%cc%87yel-arastirmalari\/#listItem","position":4,"name":"Cathodic Protection Potential Surveys","item":"https:\/\/vm6fr4whzn6.c.updraftclone.com\/tr\/danismanlik-alanlari\/korozyon\/katodi%cc%87k-koruma-potansi%cc%87yel-arastirmalari\/","nextItem":{"@type":"ListItem","@id":"https:\/\/vm6fr4whzn6.c.updraftclone.com\/tr\/danismanlik-alanlari\/korozyon\/katodi%cc%87k-koruma-potansi%cc%87yel-arastirmalari\/alternatif-akim-gerilim-gradyani-arastirmasi-acvg\/#listItem","name":"ACVG Surveys: Your Solution to Pipeline Corrosion"},"previousItem":{"@type":"ListItem","@id":"https:\/\/vm6fr4whzn6.c.updraftclone.com\/tr\/danismanlik-alanlari\/korozyon\/#listItem","name":"Corrosion"}},{"@type":"ListItem","@id":"https:\/\/vm6fr4whzn6.c.updraftclone.com\/tr\/danismanlik-alanlari\/korozyon\/katodi%cc%87k-koruma-potansi%cc%87yel-arastirmalari\/alternatif-akim-gerilim-gradyani-arastirmasi-acvg\/#listItem","position":5,"name":"ACVG Surveys: Your Solution to Pipeline Corrosion","previousItem":{"@type":"ListItem","@id":"https:\/\/vm6fr4whzn6.c.updraftclone.com\/tr\/danismanlik-alanlari\/korozyon\/katodi%cc%87k-koruma-potansi%cc%87yel-arastirmalari\/#listItem","name":"Cathodic Protection Potential Surveys"}}]},{"@type":"Organization","@id":"https:\/\/vm6fr4whzn6.c.updraftclone.com\/tr\/#organization","name":"Dreiym Engineering PLLC","description":"Electrical and Corrosion Experts","url":"https:\/\/vm6fr4whzn6.c.updraftclone.com\/tr\/","email":"contact@dreiym.com","telephone":"+18666216920","foundingDate":"2014-07-11","numberOfEmployees":{"@type":"QuantitativeValue","minValue":2,"maxValue":10},"logo":{"@type":"ImageObject","url":"https:\/\/vm6fr4whzn6.c.updraftclone.com\/wp-content\/uploads\/2023\/08\/logo.svg","@id":"https:\/\/vm6fr4whzn6.c.updraftclone.com\/tr\/danismanlik-alanlari\/korozyon\/katodi%cc%87k-koruma-potansi%cc%87yel-arastirmalari\/alternatif-akim-gerilim-gradyani-arastirmasi-acvg\/#organizationLogo","width":272,"height":99},"image":{"@id":"https:\/\/vm6fr4whzn6.c.updraftclone.com\/tr\/danismanlik-alanlari\/korozyon\/katodi%cc%87k-koruma-potansi%cc%87yel-arastirmalari\/alternatif-akim-gerilim-gradyani-arastirmasi-acvg\/#organizationLogo"},"sameAs":["https:\/\/www.linkedin.com\/company\/dreiym-engineering-pllc\/"],"address":{"@id":"https:\/\/vm6fr4whzn6.c.updraftclone.com\/tr\/#postaladdress","@type":"PostalAddress","streetAddress":"2028 E Ben White Blvd, #240-1500","postalCode":"77331","addressLocality":"Austin","addressRegion":"Texas","addressCountry":"US"}},{"@type":"Service","@id":"https:\/\/vm6fr4whzn6.c.updraftclone.com\/tr\/danismanlik-alanlari\/korozyon\/katodi%cc%87k-koruma-potansi%cc%87yel-arastirmalari\/alternatif-akim-gerilim-gradyani-arastirmasi-acvg\/#service","name":"ACVG Surveys: Your Solution to Pipeline Corrosion","provider":{"@type":"Organization","@id":"https:\/\/vm6fr4whzn6.c.updraftclone.com\/tr\/#organization"}},{"@type":"WebPage","@id":"https:\/\/vm6fr4whzn6.c.updraftclone.com\/tr\/danismanlik-alanlari\/korozyon\/katodi%cc%87k-koruma-potansi%cc%87yel-arastirmalari\/alternatif-akim-gerilim-gradyani-arastirmasi-acvg\/#webpage","url":"https:\/\/vm6fr4whzn6.c.updraftclone.com\/tr\/danismanlik-alanlari\/korozyon\/katodi%cc%87k-koruma-potansi%cc%87yel-arastirmalari\/alternatif-akim-gerilim-gradyani-arastirmasi-acvg\/","name":"ACVG Surveys: Your Solution to Pipeline Corrosion \u00bb Dreiym","description":"Pipeline coating defects can lead to costly and dangerous corrosion issues. Dreiym Engineering provides ACVG surveys to locate and measure coating defects and","inLanguage":"tr-TR","isPartOf":{"@id":"https:\/\/vm6fr4whzn6.c.updraftclone.com\/tr\/#website"},"breadcrumb":{"@id":"https:\/\/vm6fr4whzn6.c.updraftclone.com\/tr\/danismanlik-alanlari\/korozyon\/katodi%cc%87k-koruma-potansi%cc%87yel-arastirmalari\/alternatif-akim-gerilim-gradyani-arastirmasi-acvg\/#breadcrumblist"},"datePublished":"2023-09-12T01:58:25-06:00","dateModified":"2024-02-29T13:11:25-06:00"},{"@type":"WebSite","@id":"https:\/\/vm6fr4whzn6.c.updraftclone.com\/tr\/#website","url":"https:\/\/vm6fr4whzn6.c.updraftclone.com\/tr\/","name":"Dreiym Engineering, PLLC","description":"Electrical and Corrosion Experts","inLanguage":"tr-TR","publisher":{"@id":"https:\/\/vm6fr4whzn6.c.updraftclone.com\/tr\/#organization"}}]},"og:locale":"tr_TR","og:site_name":"Dreiym Engineering PLLC \u00bb Electrical and Corrosion Experts","og:type":"article","og:title":"ACVG Surveys: Your Solution to Pipeline Corrosion \u00bb Dreiym","og:description":"Pipeline coating defects can lead to costly and dangerous corrosion issues. Dreiym Engineering provides ACVG surveys to locate and measure coating defects and","og:url":"https:\/\/vm6fr4whzn6.c.updraftclone.com\/tr\/danismanlik-alanlari\/korozyon\/katodi%cc%87k-koruma-potansi%cc%87yel-arastirmalari\/alternatif-akim-gerilim-gradyani-arastirmasi-acvg\/","og:image":"https:\/\/vm6fr4whzn6.c.updraftclone.com\/wp-content\/uploads\/2024\/03\/Power-Plant.jpeg","og:image:secure_url":"https:\/\/vm6fr4whzn6.c.updraftclone.com\/wp-content\/uploads\/2024\/03\/Power-Plant.jpeg","og:image:width":6016,"og:image:height":4016,"article:published_time":"2023-09-12T01:58:25+00:00","article:modified_time":"2024-02-29T19:11:25+00:00"},"aioseo_meta_data":{"post_id":"2454","title":null,"description":"Boru hatt\u0131 kaplama kusurlar\u0131 maliyetli ve tehlikeli korozyon sorunlar\u0131na yol a\u00e7abilir. Dreiym M\u00fchendislik, kaplama kusurlar\u0131n\u0131 tespit etmek ve \u00f6l\u00e7mek ve en iyi \u00e7\u00f6z\u00fcmleri \u00f6nermek i\u00e7in ACVG ara\u015ft\u0131rmalar\u0131 sa\u011flar.","keywords":[],"keyphrases":{"focus":{"keyphrase":"","score":0,"analysis":{"keyphraseInTitle":{"score":0,"maxScore":9,"error":1}}},"additional":[]},"primary_term":null,"canonical_url":null,"og_title":null,"og_description":null,"og_object_type":"default","og_image_type":"default","og_image_url":null,"og_image_width":null,"og_image_height":null,"og_image_custom_url":null,"og_image_custom_fields":null,"og_video":"","og_custom_url":null,"og_article_section":null,"og_article_tags":[],"twitter_use_og":false,"twitter_card":"default","twitter_image_type":"default","twitter_image_url":null,"twitter_image_custom_url":null,"twitter_image_custom_fields":null,"twitter_title":null,"twitter_description":null,"schema":{"blockGraphs":[],"customGraphs":[],"default":{"data":{"Article":[],"Course":[],"Dataset":[],"FAQPage":[],"Movie":[],"Person":[],"Product":[],"ProductReview":[],"Car":[],"Recipe":[],"Service":[],"SoftwareApplication":[],"WebPage":[]},"graphName":"Service","isEnabled":true},"graphs":[]},"schema_type":"default","schema_type_options":null,"pillar_content":false,"robots_default":true,"robots_noindex":false,"robots_noarchive":false,"robots_nosnippet":false,"robots_nofollow":false,"robots_noimageindex":false,"robots_noodp":false,"robots_notranslate":false,"robots_max_snippet":"-1","robots_max_videopreview":"-1","robots_max_imagepreview":"large","priority":null,"frequency":"default","local_seo":null,"seo_analyzer_scan_date":"2025-08-14 16:21:28","breadcrumb_settings":null,"limit_modified_date":false,"reviewed_by":null,"open_ai":"{\"title\":{\"suggestions\":[],\"usage\":0},\"description\":{\"suggestions\":[],\"usage\":0}}","ai":null,"created":"2024-02-18 23:25:13","updated":"2025-10-21 20:57:18"},"aioseo_breadcrumb":"<div class=\"aioseo-breadcrumbs\"><span class=\"aioseo-breadcrumb\">\n\t<a href=\"https:\/\/vm6fr4whzn6.c.updraftclone.com\/tr\" title=\"Home\">Home<\/a>\n<\/span><span class=\"aioseo-breadcrumb-separator\">\u00bb<\/span><span class=\"aioseo-breadcrumb\">\n\t<a href=\"https:\/\/vm6fr4whzn6.c.updraftclone.com\/tr\/danismanlik-alanlari\/\" title=\"Consulting Areas\">Consulting Areas<\/a>\n<\/span><span class=\"aioseo-breadcrumb-separator\">\u00bb<\/span><span class=\"aioseo-breadcrumb\">\n\t<a href=\"https:\/\/vm6fr4whzn6.c.updraftclone.com\/tr\/danismanlik-alanlari\/korozyon\/\" title=\"Corrosion\">Corrosion<\/a>\n<\/span><span class=\"aioseo-breadcrumb-separator\">\u00bb<\/span><span class=\"aioseo-breadcrumb\">\n\t<a href=\"https:\/\/vm6fr4whzn6.c.updraftclone.com\/tr\/danismanlik-alanlari\/korozyon\/katodi%cc%87k-koruma-potansi%cc%87yel-arastirmalari\/\" title=\"Cathodic Protection Potential Surveys\">Cathodic Protection Potential Surveys<\/a>\n<\/span><span class=\"aioseo-breadcrumb-separator\">\u00bb<\/span><span class=\"aioseo-breadcrumb\">\n\tACVG Surveys: Your Solution to Pipeline Corrosion\n<\/span><\/div>","aioseo_breadcrumb_json":[{"label":"Home","link":"https:\/\/vm6fr4whzn6.c.updraftclone.com\/tr"},{"label":"Consulting Areas","link":"https:\/\/vm6fr4whzn6.c.updraftclone.com\/tr\/danismanlik-alanlari\/"},{"label":"Corrosion","link":"https:\/\/vm6fr4whzn6.c.updraftclone.com\/tr\/danismanlik-alanlari\/korozyon\/"},{"label":"Cathodic Protection Potential Surveys","link":"https:\/\/vm6fr4whzn6.c.updraftclone.com\/tr\/danismanlik-alanlari\/korozyon\/katodi%cc%87k-koruma-potansi%cc%87yel-arastirmalari\/"},{"label":"ACVG Surveys: Your Solution to Pipeline Corrosion","link":"https:\/\/vm6fr4whzn6.c.updraftclone.com\/tr\/danismanlik-alanlari\/korozyon\/katodi%cc%87k-koruma-potansi%cc%87yel-arastirmalari\/alternatif-akim-gerilim-gradyani-arastirmasi-acvg\/"}],"_links":{"self":[{"href":"https:\/\/vm6fr4whzn6.c.updraftclone.com\/tr\/wp-json\/wp\/v2\/pages\/2454","targetHints":{"allow":["GET"]}}],"collection":[{"href":"https:\/\/vm6fr4whzn6.c.updraftclone.com\/tr\/wp-json\/wp\/v2\/pages"}],"about":[{"href":"https:\/\/vm6fr4whzn6.c.updraftclone.com\/tr\/wp-json\/wp\/v2\/types\/page"}],"author":[{"embeddable":true,"href":"https:\/\/vm6fr4whzn6.c.updraftclone.com\/tr\/wp-json\/wp\/v2\/users\/8"}],"replies":[{"embeddable":true,"href":"https:\/\/vm6fr4whzn6.c.updraftclone.com\/tr\/wp-json\/wp\/v2\/comments?post=2454"}],"version-history":[{"count":0,"href":"https:\/\/vm6fr4whzn6.c.updraftclone.com\/tr\/wp-json\/wp\/v2\/pages\/2454\/revisions"}],"up":[{"embeddable":true,"href":"https:\/\/vm6fr4whzn6.c.updraftclone.com\/tr\/wp-json\/wp\/v2\/pages\/2240"}],"wp:attachment":[{"href":"https:\/\/vm6fr4whzn6.c.updraftclone.com\/tr\/wp-json\/wp\/v2\/media?parent=2454"}],"curies":[{"name":"wp","href":"https:\/\/api.w.org\/{rel}","templated":true}]}}